{"id":929,"date":"2018-09-13T12:32:10","date_gmt":"2018-09-13T10:32:10","guid":{"rendered":"http:\/\/www.ornithologies.fr\/blog\/?page_id=929"},"modified":"2025-04-03T08:28:22","modified_gmt":"2025-04-03T06:28:22","slug":"nos-partenaires","status":"publish","type":"page","link":"https:\/\/www.ornithologies.fr\/blog\/nos-partenaires\/","title":{"rendered":"Nos partenaires"},"content":{"rendered":"\n<h2 class=\"wp-block-heading\">Afin de promouvoir ses activit\u00e9s, l&#8217;Union Ornithologique de France a le plaisir de compter sur des partenaires privil\u00e9gi\u00e9s.<\/h2>\n\n\n\n<p>Ces soci\u00e9t\u00e9s restent \u00e0 nos c\u00f4t\u00e9s depuis des ann\u00e9es et nous assurent de leur soutien \u00e0 chaque stade de notre d\u00e9veloppement. Tr\u00e8s s\u00e9rieuses et proposant des produits de qualit\u00e9, dans des domaines ornithologiques diff\u00e9rents, n&#8217;h\u00e9sitez pas \u00e0 cliquer sur les liens suivants pour faire leur connaissance.<\/p>\n\n\n\n<figure class=\"wp-block-image aligncenter size-large\"><a href=\"https:\/\/www.communi-mage.com\" target=\"_blank\" rel=\"noreferrer noopener\"><img loading=\"lazy\" decoding=\"async\" width=\"800\" height=\"568\" src=\"https:\/\/www.ornithologies.fr\/blog\/wp-content\/uploads\/Studio-Communi-Mage.jpg\" alt=\"\" class=\"wp-image-942\" srcset=\"https:\/\/www.ornithologies.fr\/blog\/wp-content\/uploads\/Studio-Communi-Mage.jpg 800w, https:\/\/www.ornithologies.fr\/blog\/wp-content\/uploads\/Studio-Communi-Mage-300x213.jpg 300w, https:\/\/www.ornithologies.fr\/blog\/wp-content\/uploads\/Studio-Communi-Mage-768x545.jpg 768w, https:\/\/www.ornithologies.fr\/blog\/wp-content\/uploads\/Studio-Communi-Mage-600x426.jpg 600w, https:\/\/www.ornithologies.fr\/blog\/wp-content\/uploads\/Studio-Communi-Mage-100x71.jpg 100w, https:\/\/www.ornithologies.fr\/blog\/wp-content\/uploads\/Studio-Communi-Mage-150x107.jpg 150w, https:\/\/www.ornithologies.fr\/blog\/wp-content\/uploads\/Studio-Communi-Mage-200x142.jpg 200w, https:\/\/www.ornithologies.fr\/blog\/wp-content\/uploads\/Studio-Communi-Mage-450x320.jpg 450w\" sizes=\"auto, (max-width: 800px) 100vw, 800px\" \/><\/a><\/figure>\n\n\n\n<div style=\"height:20px\" aria-hidden=\"true\" class=\"wp-block-spacer\"><\/div>\n\n\n\n<h2 class=\"wp-block-heading\">SAS Les Oiseaux du Monde<\/h2>\n\n\n\n<h3 class=\"wp-block-heading\">Philippe GUELLERIN<\/h3>\n\n\n\n<ul class=\"wp-block-list\">\n<li>20 rue Ren\u00e9 Descartes<\/li>\n\n\n\n<li>86230 SAINT GERVAIS LES TROIS CLOCHERS<\/li>\n\n\n\n<li>T\u00e9l. : 06 81 14 30 64<\/li>\n<\/ul>\n\n\n\n<hr class=\"wp-block-separator has-alpha-channel-opacity is-style-default\"\/>\n\n\n\n<h2 class=\"wp-block-heading\">Annuaire ornithologique<\/h2>\n\n\n\n<h3 class=\"wp-block-heading\">L&#8217;annuaire de r\u00e9f\u00e9rence sur internet.<\/h3>\n\n\n\n<p>Vous trouverez, parmi les listes ci-dessous, le site internet qui r\u00e9pondra sans doute \u00e0 vos questions.<\/p>\n\n\n\n<h3 class=\"wp-block-heading\">F\u00e9d\u00e9rations, sites institutionnels<\/h3>\n\n\n\n<ul class=\"wp-block-list\">\n<li><a title=\"CNJF\" href=\"http:\/\/www.cnjf.org\" target=\"_blank\" rel=\"noopener noreferrer\">Commission Nationale des Juges de France<\/a><\/li>\n\n\n\n<li><a title=\"COM\" href=\"http:\/\/www.conforni.org\/\" target=\"_blank\" rel=\"noopener noreferrer\">Conf\u00e9d\u00e9ration Ornithologique Mondiale<\/a><\/li>\n\n\n\n<li><a title=\"OMJ\" href=\"http:\/\/www.conforni.org\/o.m.j.html\" target=\"_blank\" rel=\"noopener noreferrer\">Organisation Mondiale des Juges<\/a><\/li>\n\n\n\n<li><a title=\"Entente EE\" href=\"http:\/\/www.entente-ee.com\" target=\"_blank\" rel=\"noopener noreferrer\">Entente Europ\u00e9enne d&#8217;Aviculture et de Cuniculture<\/a><\/li>\n\n\n\n<li><a title=\"ProNaturA-France\" href=\"http:\/\/www.pronatura-france.fr\/\" target=\"_blank\" rel=\"noopener noreferrer\">ProNaturA-France<\/a><\/li>\n\n\n\n<li><a title=\"WBO\" href=\"http:\/\/world-budgerigar.org\" target=\"_blank\" rel=\"noopener noreferrer\">World Budgerigar Organisation<\/a><\/li>\n\n\n\n<li><a href=\"http:\/\/ffv-volaille.fr\/\" target=\"_blank\" rel=\"noopener noreferrer\">F\u00e9d\u00e9ration Fran\u00e7aise des Volailles<\/a><\/li>\n\n\n\n<li><a title=\"Aquaterrario\" href=\"https:\/\/aquaterrario.fr\" target=\"_blank\" rel=\"noopener noreferrer\">Aquaterrario<\/a><\/li>\n<\/ul>\n\n\n\n<h3 class=\"wp-block-heading\">Sites d&#8217;information<\/h3>\n\n\n\n<ul class=\"wp-block-list\">\n<li><a title=\"Au Paradis des Canaris\" href=\"http:\/\/www.apdcanari.com\" target=\"_blank\" rel=\"noopener noreferrer\">Au Paradis des Canaris<\/a><\/li>\n\n\n\n<li><a title=\"Mon espace nature\" href=\"http:\/\/www.mon-espace-nature.fr\" target=\"_blank\" rel=\"noopener noreferrer\">Mon Espace Nature<\/a><\/li>\n\n\n\n<li><a title=\"Nos voli\u00e8res.com - la passion pour raison.\" href=\"http:\/\/www.nosvolieres.com\" target=\"_blank\" rel=\"noopener noreferrer\">Nos voli\u00e8res<\/a><\/li>\n\n\n\n<li><a title=\"Canaris de couleurs\" href=\"http:\/\/www.pierrepiaf.fr\" target=\"_blank\" rel=\"noopener noreferrer\">Pierrepiaf<\/a><\/li>\n<\/ul>\n\n\n\n<h3 class=\"wp-block-heading\">\u00c9levages professionnels<\/h3>\n\n\n\n<ul class=\"wp-block-list\">\n<li><a title=\"Elevage de l'Olive\" href=\"http:\/\/www.elevageolive.fr\" target=\"_blank\" rel=\"noopener noreferrer\">\u00c9levage de l&#8217;Olive<\/a><\/li>\n<\/ul>\n\n\n\n<h3 class=\"wp-block-heading\">Sites et Blogs d&#8217;\u00e9leveurs<\/h3>\n\n\n\n<ul class=\"wp-block-list\">\n<li><a title=\"Meusnidus\" href=\"http:\/\/meusnidus33.com\" target=\"_blank\" rel=\"noopener noreferrer\">Meusnidus33<\/a><\/li>\n<\/ul>\n\n\n\n<h3 class=\"wp-block-heading\">Parcs animaliers<\/h3>\n\n\n\n<ul class=\"wp-block-list\">\n<li><a title=\"Parc des Oiseaux de Villars les Dombes\" href=\"http:\/\/www.parcdesoiseaux.com\" target=\"_blank\" rel=\"noopener noreferrer\">Parc des Oiseaux<\/a><\/li>\n<\/ul>\n\n\n\n<h3 class=\"wp-block-heading\">Forums<\/h3>\n\n\n\n<ul class=\"wp-block-list\">\n<li><a title=\"Canaris du Monde - un forum d\u00e9di\u00e9 aux canaris.\" href=\"http:\/\/canaris-du-monde.forumactif.org\" target=\"_blank\" rel=\"noopener noreferrer\">Canaris du Monde<\/a><\/li>\n\n\n\n<li><a title=\"Colombes et Tourterelles Exotiques - un forum destin\u00e9 aux \u00e9leveurs de colombid\u00e9s.\" href=\"http:\/\/colombestourterelles.forumactif.org\" target=\"_blank\" rel=\"noopener noreferrer\">Colombes et Tourterelles Exotiques<\/a><\/li>\n\n\n\n<li><a title=\"Le Monde des Poules Naines\" href=\"http:\/\/lemondedespoulesnaines.xooit.fr\" target=\"_blank\" rel=\"noopener noreferrer\">Le Monde des Poules Naines<\/a><\/li>\n\n\n\n<li><a title=\"Plumes d'ornement - un forum d\u00e9di\u00e9 aux oiseaux de parc.\" href=\"http:\/\/plumesdornement.xooit.fr\" target=\"_blank\" rel=\"noopener noreferrer\">Plumes d&#8217;Ornement<\/a><\/li>\n\n\n\n<li><a class=\"lytebox\" title=\"Un amour de Perruches catherine\" data-lyte-options=\"width:90% height:90%\" data-title=\"Un amour de Perruches catherine\" href=\"http:\/\/perruches-catherine.superforum.fr\/\" target=\"_blank\" rel=\"noopener noreferrer\">Un amour de Perruches catherine<\/a><\/li>\n<\/ul>\n\n\n\n<h3 class=\"wp-block-heading\">Outils<\/h3>\n\n\n\n<ul class=\"wp-block-list\">\n<li><a title=\"Ericae online\" href=\"http:\/\/www.ericae-online.com\" target=\"_blank\" rel=\"noopener noreferrer\">Ericae<\/a><\/li>\n\n\n\n<li><a title=\"Laboratoire G\u00e9nimal Biotechnologies\" href=\"http:\/\/www.genimal.com\" target=\"_blank\" rel=\"noopener noreferrer\">Laboratoire G\u00e9nimal Biotechnologies<\/a><\/li>\n<\/ul>\n\n\n\n<h3 class=\"wp-block-heading\">Sites marchands<\/h3>\n\n\n\n<ul class=\"wp-block-list\">\n<li><a href=\"https:\/\/www.ideal-nutricare.com\/fr\/\" target=\"_blank\" rel=\"noopener noreferrer\">Id\u00e9al Nutricare<\/a><\/li>\n\n\n\n<li><a title=\"L'Oisillon\" href=\"http:\/\/www.loisillon.fr\" target=\"_blank\" rel=\"noopener noreferrer\">L&#8217;Oisillon<\/a><\/li>\n<\/ul>\n","protected":false},"excerpt":{"rendered":"<p>Afin de promouvoir ses activit\u00e9s, l&#8217;Union Ornithologique de France a le plaisir de compter sur des partenaires privil\u00e9gi\u00e9s. Ces soci\u00e9t\u00e9s<\/p>\n","protected":false},"author":1,"featured_media":0,"parent":0,"menu_order":0,"comment_status":"closed","ping_status":"closed","template":"","meta":{"footnotes":""},"class_list":["post-929","page","type-page","status-publish","hentry"],"_links":{"self":[{"href":"https:\/\/www.ornithologies.fr\/blog\/wp-json\/wp\/v2\/pages\/929","targetHints":{"allow":["GET"]}}],"collection":[{"href":"https:\/\/www.ornithologies.fr\/blog\/wp-json\/wp\/v2\/pages"}],"about":[{"href":"https:\/\/www.ornithologies.fr\/blog\/wp-json\/wp\/v2\/types\/page"}],"author":[{"embeddable":true,"href":"https:\/\/www.ornithologies.fr\/blog\/wp-json\/wp\/v2\/users\/1"}],"replies":[{"embeddable":true,"href":"https:\/\/www.ornithologies.fr\/blog\/wp-json\/wp\/v2\/comments?post=929"}],"version-history":[{"count":4,"href":"https:\/\/www.ornithologies.fr\/blog\/wp-json\/wp\/v2\/pages\/929\/revisions"}],"predecessor-version":[{"id":5730,"href":"https:\/\/www.ornithologies.fr\/blog\/wp-json\/wp\/v2\/pages\/929\/revisions\/5730"}],"wp:attachment":[{"href":"https:\/\/www.ornithologies.fr\/blog\/wp-json\/wp\/v2\/media?parent=929"}],"curies":[{"name":"wp","href":"https:\/\/api.w.org\/{rel}","templated":true}]}}