{"id":658,"date":"2017-11-01T14:05:14","date_gmt":"2017-11-01T13:05:14","guid":{"rendered":"http:\/\/www.ornithologies.fr\/blog\/?page_id=658"},"modified":"2024-07-11T15:01:56","modified_gmt":"2024-07-11T13:01:56","slug":"region-11-uorif","status":"publish","type":"page","link":"https:\/\/www.ornithologies.fr\/blog\/lunion-ornithologique-de-france\/les-regions\/region-11-uorif\/","title":{"rendered":"R\u00e9gion 11 &#8211; UORIF"},"content":{"rendered":"\n<h1 class=\"wp-block-heading\">Liste des clubs de l&#8217;Union Ornithologique R\u00e9gionale de l&#8217;\u00cele de France<\/h1>\n\n\n\n<hr class=\"wp-block-separator has-alpha-channel-opacity is-style-wide\"\/>\n\n\n\n<h2 class=\"wp-block-heading\">77 &#8211; Seine-et-Marne<\/h2>\n\n\n\n<h3 class=\"wp-block-heading\"><img loading=\"lazy\" decoding=\"async\" class=\"alignleft size-full wp-image-119\" src=\"https:\/\/www.ornithologies.fr\/blog\/wp-content\/uploads\/aosm77.png\" alt=\"\" width=\"100\" height=\"99\">AOSM &#8211; Association Ornithologique de Seine et Marne<\/h3>\n\n\n\n<h4 class=\"wp-block-heading\">M. Jean-Claude CROIZE<\/h4>\n\n\n\n<p>118 Chemin du Coulant<br>77190 DAMMARIE LES LYS<br>T\u00e9l. : 01 64 39 66 77 &#8211; 06 03 41 16 20<br>Mail : <a title=\"contacter l'AOSM\" href=\"mailto:aosm@free.fr?subject=Contact depuis ornithologies.fr\">aosm@free.fr<\/a><br><a title=\"Bienvenue sur le site de l'AOSM\" href=\"http:\/\/www.aosm.fr\/\" target=\"_blank\" rel=\"noopener noreferrer\">Site internet<\/a><\/p>\n\n\n\n<hr class=\"wp-block-separator has-alpha-channel-opacity is-style-default\"\/>\n\n\n\n<h3 class=\"wp-block-heading\"><img loading=\"lazy\" decoding=\"async\" class=\"alignleft size-full wp-image-120\" src=\"https:\/\/www.ornithologies.fr\/blog\/wp-content\/uploads\/sorp77.jpg\" alt=\"\" width=\"100\" height=\"66\">SORP &#8211; Soci\u00e9t\u00e9 Ornithologique de la R\u00e9gion Parisienne<\/h3>\n\n\n\n<h4 class=\"wp-block-heading\">M. Eric MAGNONE<\/h4>\n\n\n\n<p>Chemin des Fermes<br>Le Ru de Vrou<br>77750 SAINT CYR SUR MORIN<br>T\u00e9l. : 01 60 23 88 78<br>Mail : <a href=\"mailto:presidence@sorp.club\">presidence@sorp.club<\/a><br><a href=\"http:\/\/www.sorp.club\" target=\"_blank\" rel=\"noopener noreferrer\">Site internet<\/a> &#8211; <a title=\"Bienvenue sur la page Facebook de la SORP\" href=\"https:\/\/www.facebook.com\/groups\/55302020348\/\" target=\"_blank\" rel=\"noopener noreferrer\">Facebook<\/a><\/p>\n\n\n\n<hr class=\"wp-block-separator has-alpha-channel-opacity is-style-wide\"\/>\n\n\n\n<h2 class=\"wp-block-heading\">91 &#8211; Essonne<\/h2>\n\n\n\n<h3 class=\"wp-block-heading\"><img loading=\"lazy\" decoding=\"async\" width=\"100\" height=\"116\" class=\"alignleft size-full wp-image-122\" src=\"https:\/\/www.ornithologies.fr\/blog\/wp-content\/uploads\/ccif91.jpg\" alt=\"\">CCIF &#8211; Canari Club de l&#8217;Ile de France<\/h3>\n\n\n\n<h4 class=\"wp-block-heading\">M. Jean-Claude RICHARD<\/h4>\n\n\n\n<p>7 rue de la Roseraie<br>91180 ST GERMAIN LES ARPAJON<br>T\u00e9l. : 06 12 17 80 34<br>Mail : <a href=\"mailto:j.c-richard@orange.fr\">j.c-richard@orange.fr<\/a><\/p>\n\n\n\n<hr class=\"wp-block-separator has-alpha-channel-opacity is-style-wide\"\/>\n\n\n\n<h2 class=\"wp-block-heading\">92 &#8211; Hauts-de-Seine<\/h2>\n\n\n\n<h3 class=\"wp-block-heading\"><img loading=\"lazy\" decoding=\"async\" class=\"alignleft size-full wp-image-123\" src=\"https:\/\/www.ornithologies.fr\/blog\/wp-content\/uploads\/afecc92.png\" alt=\"\" width=\"100\" height=\"91\">AFECC &#8211; Association Fran\u00e7aise des \u00e9leveurs de canaris de chant<\/h3>\n\n\n\n<h4 class=\"wp-block-heading\">M. Mekki ALAMI MERROUNI<\/h4>\n\n\n\n<p>9 Avenue de Verdun 1916<br>92250 LA GARENNE COLOMBE<br>T\u00e9l. : 06 51 61 21 10<br>Mail : <a title=\"contacter l'AFECC\" href=\"mailto:president@afecc.fr?subject=Contact depuis ornithologies.fr\">president@afecc.fr<\/a><br><a title=\"Bienvenue sur le site de l'AFECC\" href=\"http:\/\/www.afecc.fr\/\" target=\"_blank\" rel=\"noopener noreferrer\">Site internet<\/a><\/p>\n\n\n\n<hr class=\"wp-block-separator has-alpha-channel-opacity is-style-wide\"\/>\n\n\n\n<h2 class=\"wp-block-heading\">93 &#8211; Seine-St-Denis<\/h2>\n\n\n\n<h4 class=\"wp-block-heading\"><img loading=\"lazy\" decoding=\"async\" class=\"alignleft wp-image-4302 size-full\" src=\"https:\/\/www.ornithologies.fr\/blog\/wp-content\/uploads\/col75.png\" alt=\"\" width=\"100\" height=\"66\"><\/h4>\n\n\n\n<h3 class=\"wp-block-heading\">COL &#8211; Cercle Ornithologique Lut\u00e9cien<\/h3>\n\n\n\n<h4 class=\"wp-block-heading\">M. Issam AKROUTI<\/h4>\n\n\n\n<p>11 rue de l&#8217;Ermitage<br>93100 MONTREUIL<br>T\u00e9l. : 06 75 85 45 40<br>Mail : <a href=\"mailto:issam_akrouti93@hotmail.fr\">issam_akrouti93@hotmail.fr<\/a><br><a title=\"Bienvenue sur la page Facebook du COL\" href=\"https:\/\/www.facebook.com\/cercleornithologiquelutetien.col\" target=\"_blank\" rel=\"noopener noreferrer\">Facebook<\/a><\/p>\n\n\n\n<hr class=\"wp-block-separator has-alpha-channel-opacity is-style-default\"\/>\n\n\n\n<h3 class=\"wp-block-heading\"><img loading=\"lazy\" decoding=\"async\" class=\"alignleft size-full wp-image-124\" src=\"https:\/\/www.ornithologies.fr\/blog\/wp-content\/uploads\/mcp93.png\" alt=\"\" width=\"100\" height=\"101\">MCP &#8211; Malinois Club de Paris<\/h3>\n\n\n\n<h4 class=\"wp-block-heading\">M. Domingos FAIL<\/h4>\n\n\n\n<p>4 avenue de la gare de l&#8217;Abbaye<br>93600 AULNAY SOUS BOIS<br>T\u00e9l. : 06 78 84 12 11<br>Mail : <a title=\"contacter le MCP\" href=\"mailto:malinoisclubparis@yahoo.fr?subject=Contact depuis ornithologies.fr\">malinoisclubparis@yahoo.fr<\/a><\/p>\n\n\n\n<hr class=\"wp-block-separator has-alpha-channel-opacity is-style-wide\"\/>\n\n\n\n<h6 class=\"wp-block-heading\">derni\u00e8re mise \u00e0 jour 11 juillet 2024<\/h6>\n\n\n\n<hr class=\"wp-block-separator has-css-opacity is-style-wide\"\/>\n\n\n<div class=\"bc_random_banner\" data-id=\"53\" data-url=\"https:\/\/www.ornithologies.fr\/blog\/wp-admin\/admin-ajax.php?action=bc_rb_ads_click&#038;nonce=b89d6689dd\"><a target=\"_blank\" href=\"https:\/\/www.ornithologies.fr\/blog\/ornitho-elevage\/\" title=\"Bandeau-Pub-Ornitho-Eleveurs\"><img decoding=\"async\" style=width:1280px; height:1811px src=\"https:\/\/www.ornithologies.fr\/blog\/wp-content\/uploads\/Bandeau-Pub-Ornitho-Eleveurs.jpg?v=30690\"  title=\"Bandeau-Pub-Ornitho-Eleveurs\"\/><\/a><\/div>\n","protected":false},"excerpt":{"rendered":"<p>Liste des clubs de l&#8217;Union Ornithologique R\u00e9gionale de l&#8217;\u00cele de France 77 &#8211; Seine-et-Marne AOSM &#8211; Association Ornithologique de Seine<\/p>\n","protected":false},"author":1,"featured_media":4748,"parent":527,"menu_order":11,"comment_status":"closed","ping_status":"closed","template":"","meta":{"footnotes":""},"class_list":["post-658","page","type-page","status-publish","has-post-thumbnail","hentry"],"_links":{"self":[{"href":"https:\/\/www.ornithologies.fr\/blog\/wp-json\/wp\/v2\/pages\/658","targetHints":{"allow":["GET"]}}],"collection":[{"href":"https:\/\/www.ornithologies.fr\/blog\/wp-json\/wp\/v2\/pages"}],"about":[{"href":"https:\/\/www.ornithologies.fr\/blog\/wp-json\/wp\/v2\/types\/page"}],"author":[{"embeddable":true,"href":"https:\/\/www.ornithologies.fr\/blog\/wp-json\/wp\/v2\/users\/1"}],"replies":[{"embeddable":true,"href":"https:\/\/www.ornithologies.fr\/blog\/wp-json\/wp\/v2\/comments?post=658"}],"version-history":[{"count":7,"href":"https:\/\/www.ornithologies.fr\/blog\/wp-json\/wp\/v2\/pages\/658\/revisions"}],"predecessor-version":[{"id":5407,"href":"https:\/\/www.ornithologies.fr\/blog\/wp-json\/wp\/v2\/pages\/658\/revisions\/5407"}],"up":[{"embeddable":true,"href":"https:\/\/www.ornithologies.fr\/blog\/wp-json\/wp\/v2\/pages\/527"}],"wp:featuredmedia":[{"embeddable":true,"href":"https:\/\/www.ornithologies.fr\/blog\/wp-json\/wp\/v2\/media\/4748"}],"wp:attachment":[{"href":"https:\/\/www.ornithologies.fr\/blog\/wp-json\/wp\/v2\/media?parent=658"}],"curies":[{"name":"wp","href":"https:\/\/api.w.org\/{rel}","templated":true}]}}