{"id":616,"date":"2017-09-29T15:04:39","date_gmt":"2017-09-29T13:04:39","guid":{"rendered":"http:\/\/www.ornithologies.fr\/blog\/?page_id=616"},"modified":"2026-03-24T09:11:56","modified_gmt":"2026-03-24T08:11:56","slug":"region-6-rob","status":"publish","type":"page","link":"https:\/\/www.ornithologies.fr\/blog\/lunion-ornithologique-de-france\/les-regions\/region-6-rob\/","title":{"rendered":"R\u00e9gion 6 &#8211; ROB"},"content":{"rendered":"\n<h1 class=\"wp-block-heading\">Liste des clubs de la R\u00e9gion Ornithologique Bretagne<\/h1>\n\n\n\n<hr class=\"wp-block-separator has-alpha-channel-opacity is-style-wide\"\/>\n\n\n\n<h2 class=\"wp-block-heading\">22 &#8211; C\u00f4tes-d&#8217;Armor<\/h2>\n\n\n\n<h3 class=\"wp-block-heading\"><img loading=\"lazy\" decoding=\"async\" class=\"alignleft size-full wp-image-76\" src=\"https:\/\/www.ornithologies.fr\/blog\/wp-content\/uploads\/soa22.jpg\" alt=\"\" width=\"100\" height=\"87\">SOA &#8211; Soci\u00e9t\u00e9 Ornithologique d&#8217;Armor<\/h3>\n\n\n\n<h4 class=\"wp-block-heading\">Mr Didier GREE<\/h4>\n\n\n\n<p>12 rue de la bruy\u00e8re<br>22 940 SAINT JULIEN<br>T\u00e9l. : 06 86 50 07 70<br>Mail : <a href=\"mailto:didier.gree@wanadoo.fr\">didier.gree@wanadoo.fr<\/a><\/p>\n\n\n\n<hr class=\"wp-block-separator has-alpha-channel-opacity is-style-wide\"\/>\n\n\n\n<h2 class=\"wp-block-heading\">29 &#8211; Finist\u00e8re<\/h2>\n\n\n\n<figure class=\"wp-block-image alignleft size-full\"><img loading=\"lazy\" decoding=\"async\" width=\"100\" height=\"101\" src=\"https:\/\/www.ornithologies.fr\/blog\/wp-content\/uploads\/aceao29.png\" alt=\"\" class=\"wp-image-5828\"\/><\/figure>\n\n\n\n<h3 class=\"wp-block-heading\">ACEAO &#8211; Association Cornouaillaise des Eleveurs Amateurs d&#8217;Oiseaux<\/h3>\n\n\n\n<h4 class=\"wp-block-heading\">M. Jean BESCOND<\/h4>\n\n\n\n<p>44 rue de Toulmengleuz<br>29900 CONCARNEAU<br>T\u00e9l. : 02 98 97 34 87 \/ 06 63 76 37 10<br>Mail : <a href=\"mailto:jeanbescond29@gmail.com\">jeanbescond29@gmail.com<\/a><br><a href=\"http:\/\/www.breizh-oiseaux.fr\/aceao.php\" target=\"_blank\" rel=\"noopener noreferrer\">Site internet<\/a><\/p>\n\n\n\n<hr class=\"wp-block-separator has-alpha-channel-opacity is-style-default\"\/>\n\n\n\n<h3 class=\"wp-block-heading\"><img loading=\"lazy\" decoding=\"async\" class=\"alignleft size-full wp-image-988\" src=\"https:\/\/www.ornithologies.fr\/blog\/wp-content\/uploads\/aoa29.jpg\" alt=\"\" width=\"100\" height=\"111\">AOA &#8211; Association Ornithologique de l&#8217;Aven<\/h3>\n\n\n\n<h4 class=\"wp-block-heading\">M. Gilles BRISSON<\/h4>\n\n\n\n<p>12 All\u00e9e du Bois<br>29170 SAINT EVARZEC<br>T\u00e9l. : 06 63 41 73 77<br>Mail : <a href=\"mailto:brisson.gilles@bbox.fr\">brisson.gilles@bbox.fr<\/a><br><a href=\"https:\/\/aoadeconcarneau.jimdo.com\/\" target=\"_blank\" rel=\"noopener noreferrer\">Site internet<\/a><\/p>\n\n\n\n<hr class=\"wp-block-separator has-alpha-channel-opacity is-style-default\"\/>\n\n\n\n<h3 class=\"wp-block-heading\"><img loading=\"lazy\" decoding=\"async\" class=\"alignleft wp-image-985\" src=\"https:\/\/www.ornithologies.fr\/blog\/wp-content\/uploads\/aobi29.png\" alt=\"\" width=\"100\" height=\"51\" srcset=\"https:\/\/www.ornithologies.fr\/blog\/wp-content\/uploads\/aobi29.png 118w, https:\/\/www.ornithologies.fr\/blog\/wp-content\/uploads\/aobi29-100x51.png 100w\" sizes=\"auto, (max-width: 100px) 100vw, 100px\" \/>AOBI &#8211; Les Amis des oiseaux de Brest Iroise<\/h3>\n\n\n\n<h4 class=\"wp-block-heading\">M. Roland GUENOLE<\/h4>\n\n\n\n<p>17 Rue Jean Baptiste Racine<br>29860 PLABENNEC<br>Mail : <a href=\"mailto:roland.guenole.rg@gmail.com\">roland.guenole.rg@gmail.com<\/a><\/p>\n\n\n\n<hr class=\"wp-block-separator has-alpha-channel-opacity is-style-default\"\/>\n\n\n\n<h3 class=\"wp-block-heading\"><img loading=\"lazy\" decoding=\"async\" class=\"alignleft size-full wp-image-78\" src=\"https:\/\/www.ornithologies.fr\/blog\/wp-content\/uploads\/com29.jpg\" alt=\"\" width=\"100\" height=\"82\">COL &#8211; Club Ornithologique Landivisiau<\/h3>\n\n\n\n<h4 class=\"wp-block-heading\">M. Bernard LE BERRE<\/h4>\n\n\n\n<p>7 Rue Le Guen de K\u00e9rangall<br>29400 LANDIVISIAU<br>T\u00e9l. : 02 98 68 25 01<br>Mail : <a title=\"contacter le COM\" href=\"mailto:ble-berre@wanadoo.fr?subject=Contact depuis ornithologies.fr\">ble-berre@wanadoo.fr<\/a><br><a href=\"https:\/\/colandi.orniland.com\" target=\"_blank\" rel=\"noopener noreferrer\">Site internet<\/a><\/p>\n\n\n\n<hr class=\"wp-block-separator has-alpha-channel-opacity is-style-default\"\/>\n\n\n\n<h3 class=\"wp-block-heading\"><img loading=\"lazy\" decoding=\"async\" class=\"alignleft size-full wp-image-79\" src=\"https:\/\/www.ornithologies.fr\/blog\/wp-content\/uploads\/cop29.jpg\" alt=\"\" width=\"100\" height=\"87\">COP &#8211; Cercle Ornithologique de Plouzan\u00e9<\/h3>\n\n\n\n<h4 class=\"wp-block-heading\">M. Xavier GUEGUEN<\/h4>\n\n\n\n<p>32 rue Xavier de Langlais<br>29280 PLOUZANE <br>Mail : <a href=\"mailto:magwa29280@outlook.fr\">magwa29280@outlook.fr<\/a><br><a href=\"http:\/\/cop.plouzane.free.fr\" target=\"_blank\" rel=\"noopener noreferrer\">Site internet<\/a><\/p>\n\n\n\n<hr class=\"wp-block-separator has-alpha-channel-opacity is-style-wide\"\/>\n\n\n\n<h2 class=\"wp-block-heading\">35 &#8211; Ille-et-Vilaine<\/h2>\n\n\n\n<h3 class=\"wp-block-heading\"><img loading=\"lazy\" decoding=\"async\" class=\"alignleft size-full wp-image-80\" src=\"https:\/\/www.ornithologies.fr\/blog\/wp-content\/uploads\/avf35.png\" alt=\"\" width=\"100\" height=\"96\">AVF &#8211; Amicale des Voli\u00e8res Fougeraises<\/h3>\n\n\n\n<h4 class=\"wp-block-heading\">M. Denis DANDIN<\/h4>\n\n\n\n<p>29 r\u00e9s. des Ori\u00e8res<br>35300 FOUGERES<br>T\u00e9l. : 02 99 99 96 41<br>Mail : <a href=\"mailto:denis.dandin@wanadoo.fr\">denis.dandin@wanadoo.fr<\/a> &#8211; <a title=\"contacter l'AVF\" href=\"mailto:a.v.f.fougeres@free.fr?subject=Contact depuis ornithologies.fr\">a.v.f.fougeres@free.fr<\/a><br><a href=\"http:\/\/a.v.f.fougeres.free.fr\/pages\/indexpag.html\" target=\"_blank\" rel=\"noopener noreferrer\">Site internet<\/a><\/p>\n\n\n\n<hr class=\"wp-block-separator has-alpha-channel-opacity is-style-default\"\/>\n\n\n\n<h3 class=\"wp-block-heading\"><img loading=\"lazy\" decoding=\"async\" width=\"100\" height=\"88\" class=\"alignleft size-full wp-image-1008\" src=\"https:\/\/www.ornithologies.fr\/blog\/wp-content\/uploads\/ocr35.jpg\" alt=\"\">OCRV &#8211; Oiseau Club Rennes Vezin (le Coquet)<\/h3>\n\n\n\n<h4 class=\"wp-block-heading\">M. Michel HAMEL<\/h4>\n\n\n\n<p>58 Bd Edmond Roussin<br>35300 FOUGERES<br>T\u00e9l. : 06 71 22 10 18<br>Mail : <a href=\"mailto:michel.hamel2602@orange.fr\">michel.hamel2602@orange.fr<\/a><\/p>\n\n\n\n<hr class=\"wp-block-separator has-alpha-channel-opacity is-style-default\"\/>\n\n\n\n<h3 class=\"wp-block-heading\"><img loading=\"lazy\" decoding=\"async\" class=\"alignleft size-full wp-image-994\" src=\"https:\/\/www.ornithologies.fr\/blog\/wp-content\/uploads\/vce35.png\" alt=\"\" width=\"100\" height=\"100\">VCE &#8211; Voli\u00e8re de la C\u00f4te d&#8217;Emeraude<\/h3>\n\n\n\n<h4 class=\"wp-block-heading\">M. Patrick GAUDIN<\/h4>\n\n\n\n<p>21 rue le Clos Boudou<br>35430 SAINT-GUINOUX<br>T\u00e9l. : 06 89 78 25 11<br>Mail : <a title=\"contacter la VCE\" href=\"mailto:patrick.gaudin35@orange.fr?subject=Contact depuis ornithologies.fr\">patrick.gaudin35@orange.fr<\/a><\/p>\n\n\n\n<hr class=\"wp-block-separator has-alpha-channel-opacity is-style-wide\"\/>\n\n\n\n<h2 class=\"wp-block-heading\">56 &#8211; Morbihan<\/h2>\n\n\n\n<h3 class=\"wp-block-heading\"><img loading=\"lazy\" decoding=\"async\" class=\"alignleft size-full wp-image-982\" src=\"https:\/\/www.ornithologies.fr\/blog\/wp-content\/uploads\/aob56.png\" alt=\"\" width=\"100\" height=\"77\">AOB &#8211; Amicale Ornithologique du Blavet<\/h3>\n\n\n\n<h4 class=\"wp-block-heading\">M. Alain COTONNEC<\/h4>\n\n\n\n<p>4 Rue Auguste Rodin<br>56700 HENNEBONT<br>T\u00e9l. : 06 47 13 51 39<br>Mail : <a href=\"mailto:alain.cotonnec@sfr.fr\">alain.cotonnec@sfr.fr<\/a><\/p>\n\n\n\n<hr class=\"wp-block-separator has-alpha-channel-opacity is-style-default\"\/>\n\n\n\n<h3 class=\"wp-block-heading\"><img loading=\"lazy\" decoding=\"async\" class=\"alignleft size-full wp-image-83\" src=\"https:\/\/www.ornithologies.fr\/blog\/wp-content\/uploads\/ocp56.png\" alt=\"\" width=\"100\" height=\"123\">OCP &#8211; Oiseau Club Pontivyen<\/h3>\n\n\n\n<div class=\"wp-block-columns are-vertically-aligned-top is-layout-flex wp-container-core-columns-is-layout-28f84493 wp-block-columns-is-layout-flex\">\n<div class=\"wp-block-column is-vertically-aligned-top is-layout-flow wp-block-column-is-layout-flow\">\n<h4 class=\"wp-block-heading\">M. Jean-Charles NAOUR<\/h4>\n\n\n\n<p>Le Poulat<br>56440 LANGUIDIC<br>T\u00e9l. : 06 72 86 21 84<br>Mail : <a href=\"mailto:naourjeancharles@gmail.com\">naourjeancharles@gmail.com<\/a><\/p>\n<\/div>\n\n\n\n<div class=\"wp-block-column is-vertically-aligned-top is-layout-flow wp-block-column-is-layout-flow\">\n<h4 class=\"wp-block-heading\">M. Julien GABILLARD<\/h4>\n\n\n\n<p>Beaus\u00e9jour<br>22800 SAINT BRANDAN<br>T\u00e9l. : 06 51 00 81 78<br>Mail : <a href=\"mailto:gabillard.j@orange.fr\">gabillard.j@orange.fr<\/a><\/p>\n<\/div>\n<\/div>\n\n\n\n<p><span class=\"d2edcug0 hpfvmrgz qv66sw1b c1et5uql lr9zc1uh a8c37x1j keod5gw0 nxhoafnm aigsh9s9 d3f4x2em fe6kdd0r mau55g9w c8b282yb iv3no6db jq4qci2q a3bd9o3v b1v8xokw oo9gr5id hzawbc8m\" dir=\"auto\"><span class=\"d2edcug0 hpfvmrgz qv66sw1b c1et5uql lr9zc1uh jq4qci2q a3bd9o3v b1v8xokw py34i1dx\"><a href=\"https:\/\/oiseauclubpontivy.fr\/\" target=\"_blank\" rel=\"noopener noreferrer\">Site internet<\/a> &#8211; <\/span><\/span><a href=\"https:\/\/www.facebook.com\/oiseauclub.pontivyen\" target=\"_blank\" rel=\"noopener noreferrer\">Facebook<\/a><\/p>\n\n\n\n<hr class=\"wp-block-separator has-alpha-channel-opacity is-style-default\"\/>\n\n\n\n<h3 class=\"wp-block-heading\"><img loading=\"lazy\" decoding=\"async\" class=\"alignleft size-full wp-image-84\" src=\"https:\/\/www.ornithologies.fr\/blog\/wp-content\/uploads\/ocv56.png\" alt=\"\" width=\"100\" height=\"99\">OCV &#8211; Oiseau Club Vannetais<\/h3>\n\n\n\n<h4 class=\"wp-block-heading\">M. Yves CORFMAT<\/h4>\n\n\n\n<p>50 avenue Charles de Gaulle<br>56400 AURAY<br>T\u00e9l. : 06 82 27 49 66<br>Mail : <a title=\"contacter l'OCV\" href=\"mailto:yvescorfmat@orange.fr?subject=Contact depuis ornithologies.fr\">yvescorfmat@orange.fr<\/a><br><a href=\"http:\/\/ocv.zic.fr\" target=\"_blank\" rel=\"noopener noreferrer\">Blog<\/a> &#8211; <a href=\"https:\/\/www.facebook.com\/pages\/Oiseau-CLUB-Vannetais\/1507705516122696\" target=\"_blank\" rel=\"noopener noreferrer\">Facebook<\/a><\/p>\n\n\n\n<hr class=\"wp-block-separator has-alpha-channel-opacity is-style-wide\"\/>\n\n\n\n<h6 class=\"wp-block-heading has-text-align-center\">derni\u00e8re mise \u00e0 jour 24 mars 2026<\/h6>\n\n\n\n<hr class=\"wp-block-separator has-css-opacity is-style-wide\"\/>\n\n\n<div class=\"bc_random_banner\" data-id=\"44\" data-url=\"https:\/\/www.ornithologies.fr\/blog\/wp-admin\/admin-ajax.php?action=bc_rb_ads_click&#038;nonce=b89d6689dd\"><a target=\"_blank\" href=\"https:\/\/www.ornithologies.fr\/blog\/lesoiseauxdumonde\/espace-annonceurs\/\" title=\"Pub-regie\"><img decoding=\"async\" style=width:905px; height:1280px src=\"https:\/\/www.ornithologies.fr\/blog\/wp-content\/uploads\/Pub-regie.jpg?v=89366\"  title=\"Pub-regie\"\/><\/a><\/div>\n\n\n\n<p><\/p>\n","protected":false},"excerpt":{"rendered":"<p>Liste des clubs de la R\u00e9gion Ornithologique Bretagne 22 &#8211; C\u00f4tes-d&#8217;Armor SOA &#8211; Soci\u00e9t\u00e9 Ornithologique d&#8217;Armor Mr Didier GREE 12<\/p>\n","protected":false},"author":1,"featured_media":3322,"parent":527,"menu_order":6,"comment_status":"closed","ping_status":"closed","template":"","meta":{"footnotes":""},"class_list":["post-616","page","type-page","status-publish","has-post-thumbnail","hentry"],"_links":{"self":[{"href":"https:\/\/www.ornithologies.fr\/blog\/wp-json\/wp\/v2\/pages\/616","targetHints":{"allow":["GET"]}}],"collection":[{"href":"https:\/\/www.ornithologies.fr\/blog\/wp-json\/wp\/v2\/pages"}],"about":[{"href":"https:\/\/www.ornithologies.fr\/blog\/wp-json\/wp\/v2\/types\/page"}],"author":[{"embeddable":true,"href":"https:\/\/www.ornithologies.fr\/blog\/wp-json\/wp\/v2\/users\/1"}],"replies":[{"embeddable":true,"href":"https:\/\/www.ornithologies.fr\/blog\/wp-json\/wp\/v2\/comments?post=616"}],"version-history":[{"count":19,"href":"https:\/\/www.ornithologies.fr\/blog\/wp-json\/wp\/v2\/pages\/616\/revisions"}],"predecessor-version":[{"id":6058,"href":"https:\/\/www.ornithologies.fr\/blog\/wp-json\/wp\/v2\/pages\/616\/revisions\/6058"}],"up":[{"embeddable":true,"href":"https:\/\/www.ornithologies.fr\/blog\/wp-json\/wp\/v2\/pages\/527"}],"wp:featuredmedia":[{"embeddable":true,"href":"https:\/\/www.ornithologies.fr\/blog\/wp-json\/wp\/v2\/media\/3322"}],"wp:attachment":[{"href":"https:\/\/www.ornithologies.fr\/blog\/wp-json\/wp\/v2\/media?parent=616"}],"curies":[{"name":"wp","href":"https:\/\/api.w.org\/{rel}","templated":true}]}}