{"id":611,"date":"2017-09-29T14:20:23","date_gmt":"2017-09-29T12:20:23","guid":{"rendered":"http:\/\/www.ornithologies.fr\/blog\/?page_id=611"},"modified":"2026-03-30T19:28:28","modified_gmt":"2026-03-30T17:28:28","slug":"region-5-groce","status":"publish","type":"page","link":"https:\/\/www.ornithologies.fr\/blog\/lunion-ornithologique-de-france\/les-regions\/region-5-groce\/","title":{"rendered":"R\u00e9gion 5 &#8211; GROCE"},"content":{"rendered":"\n<h1 class=\"wp-block-heading\">Liste des clubs du Groupement R\u00e9gional Ornithologique Centre-Est<\/h1>\n\n\n\n<hr class=\"wp-block-separator has-alpha-channel-opacity is-style-wide\"\/>\n\n\n\n<h2 class=\"wp-block-heading\">21 &#8211; C\u00f4te d&#8217;Or<\/h2>\n\n\n\n<h3 class=\"wp-block-heading\"><img loading=\"lazy\" decoding=\"async\" class=\"alignleft size-full wp-image-3629\" src=\"https:\/\/www.ornithologies.fr\/blog\/wp-content\/uploads\/boc21.jpg\" alt=\"\" width=\"100\" height=\"162\" srcset=\"https:\/\/www.ornithologies.fr\/blog\/wp-content\/uploads\/boc21.jpg 100w, https:\/\/www.ornithologies.fr\/blog\/wp-content\/uploads\/boc21-93x150.jpg 93w\" sizes=\"auto, (max-width: 100px) 100vw, 100px\" \/>BOC &#8211; Beaun&#8217;Oiseaux Club<\/h3>\n\n\n\n<h4 class=\"wp-block-heading\">M. Ren\u00e9 CLERC<\/h4>\n\n\n\n<p>41 route de Seurre<br>21200 BEAUNE<br>T\u00e9l. : 06 80 60 37 07<br>Mail : <a href=\"mailto:rene.clerc@educagri.fr\">rene.clerc@educagri.fr<\/a><br><a href=\"https:\/\/www.facebook.com\/groups\/480302780526027\" target=\"_blank\" rel=\"noopener\">Facebook<\/a><\/p>\n\n\n\n<hr class=\"wp-block-separator has-alpha-channel-opacity is-style-wide\"\/>\n\n\n\n<h2 class=\"wp-block-heading\">39 &#8211; Jura<\/h2>\n\n\n\n<figure class=\"wp-block-image alignleft size-full\"><img loading=\"lazy\" decoding=\"async\" width=\"100\" height=\"100\" src=\"https:\/\/www.ornithologies.fr\/blog\/wp-content\/uploads\/aodr39.png\" alt=\"\" class=\"wp-image-5610\"\/><\/figure>\n\n\n\n<h3 class=\"wp-block-heading\">AODR &#8211; Association Ornithologique de Dole et R\u00e9gion<\/h3>\n\n\n\n<h4 class=\"wp-block-heading\">M. G\u00e9rard CHAUCHEFOIN<\/h4>\n\n\n\n<p>5 rue de la Plati\u00e8re<br>39100 CRISSEY<br>T\u00e9l. : 03 84 82 23 49<br>Mail : <a title=\"contacter l'AODR\" href=\"mailto:gerard.chauchefoin@gmail.com?subject=Contact depuis ornithologies.fr\">gerard.chauchefoin@gmail.com<\/a><\/p>\n\n\n\n<hr class=\"wp-block-separator has-alpha-channel-opacity is-style-wide\"\/>\n\n\n\n<h2 class=\"wp-block-heading\">42 &#8211; Loire<\/h2>\n\n\n\n<h3 class=\"wp-block-heading\"><img loading=\"lazy\" decoding=\"async\" width=\"100\" height=\"82\" class=\"alignleft size-full wp-image-271\" src=\"https:\/\/www.ornithologies.fr\/blog\/wp-content\/uploads\/asor42.png\" alt=\"\">ASOR &#8211; Association Ornithologique de Roche la Moli\u00e8re<\/h3>\n\n\n\n<h4 class=\"wp-block-heading\">Mme Colette HOGG<\/h4>\n\n\n\n<p>41 Route du Cluzel<br>42600 LEZIGNEUX<br>T\u00e9l. : 06 33 72 32 88<br>Mail : <a href=\"mailto:colette.hogg@gmail.com\">colette.hogg@gmail.com<\/a><br><a href=\"http:\/\/asornithorlm.e-monsite.com\" target=\"_blank\" rel=\"noopener noreferrer\">Site internet<\/a><\/p>\n\n\n\n<hr class=\"wp-block-separator has-alpha-channel-opacity is-style-default\"\/>\n\n\n\n<h3 class=\"wp-block-heading\"><img loading=\"lazy\" decoding=\"async\" class=\"alignleft size-full wp-image-65\" src=\"https:\/\/www.ornithologies.fr\/blog\/wp-content\/uploads\/csr42.jpg\" alt=\"\" width=\"100\" height=\"95\">CSR &#8211; Club S\u00e9rinophile Roannais<\/h3>\n\n\n\n<h4 class=\"wp-block-heading\">M. Fr\u00e9d\u00e9ric DEL BOCA<\/h4>\n\n\n\n<p>124 rue Eug\u00e8ne Bichon<br>42300 ROANNE<br>Mail : <a href=\"mailto:frederic.delboca@club-internet.fr\">frederic.delboca@club-internet.fr<\/a><br><a href=\"http:\/\/csr.wifeo.com\" target=\"_blank\" rel=\"noopener noreferrer\">Site internet<\/a><\/p>\n\n\n\n<hr class=\"wp-block-separator has-alpha-channel-opacity is-style-wide\"\/>\n\n\n\n<h2 class=\"wp-block-heading\">43 &#8211; Haute-Loire<\/h2>\n\n\n\n<h3 class=\"wp-block-heading\"><img loading=\"lazy\" decoding=\"async\" class=\"alignleft size-full wp-image-66\" src=\"https:\/\/www.ornithologies.fr\/blog\/wp-content\/uploads\/oc43.png\" alt=\"\" width=\"100\" height=\"85\">OC43 &#8211; Oiseau Club 43<\/h3>\n\n\n\n<h4 class=\"wp-block-heading\">M. Jean-Louis Etienne ROBERT<\/h4>\n\n\n\n<p>9 rue des Vignes<br>43770 CHADRAC<br>T\u00e9l. : 06 74 89 83 09<br>Mail : <a href=\"mailto:jean-louis-etienne.robert@wanadoo.fr\">jean-louis-etienne.robert@wanadoo.fr<\/a><br><a href=\"http:\/\/oiseauclub43.orniland.com\" target=\"_blank\" rel=\"noreferrer noopener\">Site internet<\/a><\/p>\n\n\n\n<hr class=\"wp-block-separator has-alpha-channel-opacity is-style-wide\"\/>\n\n\n\n<h2 class=\"wp-block-heading\">69 &#8211; Rh\u00f4ne<\/h2>\n\n\n\n<h3 class=\"wp-block-heading\"><img loading=\"lazy\" decoding=\"async\" class=\"alignleft size-full wp-image-26\" src=\"https:\/\/www.ornithologies.fr\/blog\/wp-content\/uploads\/nologo.png\" alt=\"\" width=\"100\" height=\"100\">AOR &#8211; Association Ornithologique Rhodanienne<\/h3>\n\n\n\n<h4 class=\"wp-block-heading\">M. Alain VALIERE<\/h4>\n\n\n\n<p>Les Grandes Terres<br>69870 SAINT BONNET LE TRONCY<br>T\u00e9l. : 06 21 86 26 58<br>Mail : <a href=\"mailto:valierealain@aol.com\">valierealain@aol.com<\/a><\/p>\n\n\n\n<hr class=\"wp-block-separator has-alpha-channel-opacity is-style-wide\"\/>\n\n\n\n<h2 class=\"wp-block-heading\">71 &#8211; Sa\u00f4ne-et-Loire<\/h2>\n\n\n\n<h3 class=\"wp-block-heading\"><img loading=\"lazy\" decoding=\"async\" class=\"alignleft size-full wp-image-1933\" src=\"https:\/\/www.ornithologies.fr\/blog\/wp-content\/uploads\/aocm71.png\" alt=\"\" width=\"100\" height=\"44\">AOCM &#8211; Association Ornithologique Creusot-Montceau<\/h3>\n\n\n\n<h4 class=\"wp-block-heading\">M. Antoine PEREIRA<\/h4>\n\n\n\n<p>7, All\u00e9e du Jura<br>71200 LE CREUSOT<br>T\u00e9l. : 06 88 09 14 19<br>Mail : <a title=\"contacter les AOC\" href=\"mailto:antoinepereira71@orange.fr?subject=Contact depuis ornithologies.fr\">antoinepereira71@orange.fr<\/a><\/p>\n\n\n\n<hr class=\"wp-block-separator has-alpha-channel-opacity is-style-default\"\/>\n\n\n\n<h3 class=\"wp-block-heading\"><img loading=\"lazy\" decoding=\"async\" class=\"alignleft size-full wp-image-69\" src=\"https:\/\/www.ornithologies.fr\/blog\/wp-content\/uploads\/com71.jpg\" alt=\"\" width=\"100\" height=\"101\">COM &#8211; Club Ornithologique Maconnais<\/h3>\n\n\n\n<h4 class=\"wp-block-heading\">M. Claude CARESMEL<\/h4>\n\n\n\n<p>146 rue de la clairi\u00e8re<br>01480 JASSANS RIOTTIER<br>T\u00e9l. : 06 76 48 61 03<br>Mail : <a href=\"mailto:claude.caresmel@hotmail.com\">claude.caresmel@hotmail.com<\/a><\/p>\n\n\n\n<hr class=\"wp-block-separator has-alpha-channel-opacity is-style-default\"\/>\n\n\n\n<h3 class=\"wp-block-heading\"><img loading=\"lazy\" decoding=\"async\" class=\"alignleft size-full wp-image-70\" src=\"https:\/\/www.ornithologies.fr\/blog\/wp-content\/uploads\/oc71.png\" alt=\"\" width=\"100\" height=\"88\">OC &#8211; L&#8217;Oiseau Chalonnais<\/h3>\n\n\n\n<h4 class=\"wp-block-heading\">M. Denis MARTIN<\/h4>\n\n\n\n<p>10 route de Baudri\u00e8res<br>71370 ST GERMAIN DU PLAIN<br>T\u00e9l. : 06 81 31 10 18<br>Mail : <a href=\"mailto:presidentloiseauchalonnais@gmail.com\">presidentloiseauchalonnais@gmail.com<\/a><\/p>\n\n\n\n<hr class=\"wp-block-separator has-alpha-channel-opacity is-style-default\"\/>\n\n\n\n<h3 class=\"wp-block-heading\"><img loading=\"lazy\" decoding=\"async\" class=\"alignleft size-full wp-image-71\" src=\"https:\/\/www.ornithologies.fr\/blog\/wp-content\/uploads\/onbs71.jpg\" alt=\"\" width=\"100\" height=\"133\">ONBS &#8211; Oiseaux et Nature en Bourgogne du Sud<\/h3>\n\n\n\n<h4 class=\"wp-block-heading\">M. Pierre MEUNIER<\/h4>\n\n\n\n<p>40 Rue des Pr\u00e9s<br>71200 LE CREUSOT<br>T\u00e9l. : 03 85 78 77 42<br>Mail : <a title=\"contacter les ONBS\" href=\"mailto:pierre.kayou@free.fr?subject=Contact depuis ornithologies.fr\">pierre.kayou@free.fr<\/a><br><a href=\"http:\/\/www.onbs-lebreuil71.fr\" target=\"_blank\" rel=\"noopener noreferrer\">Site internet<\/a><\/p>\n\n\n\n<hr class=\"wp-block-separator has-alpha-channel-opacity is-style-wide\"\/>\n\n\n\n<h2 class=\"wp-block-heading\">73 &#8211; Savoie<\/h2>\n\n\n\n<h3 class=\"wp-block-heading\"><img loading=\"lazy\" decoding=\"async\" width=\"100\" height=\"100\" class=\"alignleft size-full wp-image-26\" src=\"https:\/\/www.ornithologies.fr\/blog\/wp-content\/uploads\/nologo.png\" alt=\"\">AOS &#8211; Amicale Ornithologique de Savoie<\/h3>\n\n\n\n<h4 class=\"wp-block-heading\">M. Yves CORNILLON<\/h4>\n\n\n\n<p>780 Route de l\u2019Arclusaz<br>Cidex 360<br>73390 CHAMOUSSET<br>T\u00e9l. : 04 79 65 28 68<br>Mail : <a href=\"mailto:yvesc@gmx.fr\">yvesc@gmx.fr<\/a><\/p>\n\n\n\n<hr class=\"wp-block-separator has-alpha-channel-opacity is-style-wide\"\/>\n\n\n\n<h2 class=\"wp-block-heading\">74 &#8211; Haute-Savoie<\/h2>\n\n\n\n<h3 class=\"wp-block-heading\"><img loading=\"lazy\" decoding=\"async\" class=\"alignleft size-full wp-image-26\" src=\"https:\/\/www.ornithologies.fr\/blog\/wp-content\/uploads\/nologo.png\" alt=\"\" width=\"100\" height=\"100\">AOBS &#8211; Association Ornithologique de la Balme de Sillingy<\/h3>\n\n\n\n<h4 class=\"wp-block-heading\">M. Fr\u00e9d\u00e9ric CARLIER<\/h4>\n\n\n\n<p>22 impasse de Bocher<br>74330 NONGLARD<br>T\u00e9l. : 04 50 57 40 10<br>Mail : <a title=\"contacter l'AOBS\" href=\"mailto:fred.carlier@neuf.fr?subject=Contact depuis ornithologies.fr\">fred.carlier@neuf.fr<\/a><\/p>\n\n\n\n<hr class=\"wp-block-separator has-alpha-channel-opacity is-style-default\"\/>\n\n\n\n<h3 class=\"wp-block-heading\"><img loading=\"lazy\" decoding=\"async\" class=\"alignleft size-full wp-image-26\" src=\"https:\/\/www.ornithologies.fr\/blog\/wp-content\/uploads\/nologo.png\" alt=\"\" width=\"100\" height=\"100\">AOMB &#8211; Amicale Ornithologique du Mont-Blanc<\/h3>\n\n\n\n<h4 class=\"wp-block-heading\">M. Lionel BOTTOLIER<\/h4>\n\n\n\n<p>1500 route de La Roche\/Foron<br>74930 PERS-JUSSY<br>T\u00e9l. : 04 50 94 46 84 \/ 07 68 45 85 21<br>Mail : <a href=\"mailto:l.bottollier@outlook.fr\">l.bottollier@outlook.fr<\/a><\/p>\n\n\n\n<hr class=\"wp-block-separator has-alpha-channel-opacity is-style-default\"\/>\n\n\n\n<h3 class=\"wp-block-heading\"><img loading=\"lazy\" decoding=\"async\" class=\"alignleft size-full wp-image-26\" src=\"https:\/\/www.ornithologies.fr\/blog\/wp-content\/uploads\/nologo.png\" alt=\"\" width=\"100\" height=\"100\">ODF &#8211; Oiseaux du Faucigny<\/h3>\n\n\n\n<h4 class=\"wp-block-heading\">M. Jean-Yves BLAIRE<\/h4>\n\n\n\n<p>126 route de Boringes<br>74140 SAINT-CERGUES<br>T\u00e9l. : 06 83 41 05 66<br>Mail : <a href=\"mailto:jean-yves.blaire@wanadoo.fr\">jean-yves.blaire@wanadoo.fr<\/a><br><a href=\"http:\/\/lesoiseauxdufaucigny.centerblog.net\" target=\"_blank\" rel=\"noopener noreferrer\">Blog<\/a><\/p>\n\n\n\n<hr class=\"wp-block-separator has-alpha-channel-opacity is-style-wide\"\/>\n\n\n\n<h6 class=\"wp-block-heading has-text-align-center\">derni\u00e8re mise \u00e0 jour 30 mars 2026<\/h6>\n\n\n\n<hr class=\"wp-block-separator has-css-opacity is-style-wide\"\/>\n\n\n<div class=\"bc_random_banner\" data-id=\"45\" data-url=\"https:\/\/www.ornithologies.fr\/blog\/wp-admin\/admin-ajax.php?action=bc_rb_ads_click&#038;nonce=b89d6689dd\"><a target=\"_blank\" href=\"https:\/\/www.ornithologies.fr\/boutique\/\" title=\"Pub-boutique\"><img decoding=\"async\" style=width:905px; height:1280px src=\"https:\/\/www.ornithologies.fr\/blog\/wp-content\/uploads\/Pub-boutique.jpg?v=726457\"  title=\"Pub-boutique\"\/><\/a><\/div>\n","protected":false},"excerpt":{"rendered":"<p>Liste des clubs du Groupement R\u00e9gional Ornithologique Centre-Est 21 &#8211; C\u00f4te d&#8217;Or BOC &#8211; Beaun&#8217;Oiseaux Club M. Ren\u00e9 CLERC 41<\/p>\n","protected":false},"author":1,"featured_media":4774,"parent":527,"menu_order":5,"comment_status":"closed","ping_status":"closed","template":"","meta":{"footnotes":""},"class_list":["post-611","page","type-page","status-publish","has-post-thumbnail","hentry"],"_links":{"self":[{"href":"https:\/\/www.ornithologies.fr\/blog\/wp-json\/wp\/v2\/pages\/611","targetHints":{"allow":["GET"]}}],"collection":[{"href":"https:\/\/www.ornithologies.fr\/blog\/wp-json\/wp\/v2\/pages"}],"about":[{"href":"https:\/\/www.ornithologies.fr\/blog\/wp-json\/wp\/v2\/types\/page"}],"author":[{"embeddable":true,"href":"https:\/\/www.ornithologies.fr\/blog\/wp-json\/wp\/v2\/users\/1"}],"replies":[{"embeddable":true,"href":"https:\/\/www.ornithologies.fr\/blog\/wp-json\/wp\/v2\/comments?post=611"}],"version-history":[{"count":14,"href":"https:\/\/www.ornithologies.fr\/blog\/wp-json\/wp\/v2\/pages\/611\/revisions"}],"predecessor-version":[{"id":6084,"href":"https:\/\/www.ornithologies.fr\/blog\/wp-json\/wp\/v2\/pages\/611\/revisions\/6084"}],"up":[{"embeddable":true,"href":"https:\/\/www.ornithologies.fr\/blog\/wp-json\/wp\/v2\/pages\/527"}],"wp:featuredmedia":[{"embeddable":true,"href":"https:\/\/www.ornithologies.fr\/blog\/wp-json\/wp\/v2\/media\/4774"}],"wp:attachment":[{"href":"https:\/\/www.ornithologies.fr\/blog\/wp-json\/wp\/v2\/media?parent=611"}],"curies":[{"name":"wp","href":"https:\/\/api.w.org\/{rel}","templated":true}]}}