{"id":607,"date":"2017-09-29T13:16:49","date_gmt":"2017-09-29T11:16:49","guid":{"rendered":"http:\/\/www.ornithologies.fr\/blog\/?page_id=607"},"modified":"2026-03-27T08:53:30","modified_gmt":"2026-03-27T07:53:30","slug":"region-4-roso","status":"publish","type":"page","link":"https:\/\/www.ornithologies.fr\/blog\/lunion-ornithologique-de-france\/les-regions\/region-4-roso\/","title":{"rendered":"R\u00e9gion 4 &#8211; ROSO"},"content":{"rendered":"\n<h1 class=\"wp-block-heading\">Liste des clubs de la R\u00e9gion Ornithologique du Sud-Ouest<\/h1>\n\n\n\n<hr class=\"wp-block-separator has-alpha-channel-opacity is-style-wide\"\/>\n\n\n\n<h2 class=\"wp-block-heading\">09 &#8211; Ari\u00e8ge<\/h2>\n\n\n\n<h3 class=\"wp-block-heading\"><img loading=\"lazy\" decoding=\"async\" class=\"alignleft size-full wp-image-26\" src=\"https:\/\/www.ornithologies.fr\/blog\/wp-content\/uploads\/nologo.png\" alt=\"\" width=\"100\" height=\"100\">AOEA &#8211; Amicale des Oiseaux Exotiques Ari\u00e8ge<\/h3>\n\n\n\n<h4 class=\"wp-block-heading\">M. Bernard PETRUS<\/h4>\n\n\n\n<p>25 Chemin de la Prade<br>09120 RIEUX de PELLEPORT<br>T\u00e9l. : 05 61 60 71 74 \/ 06 80 50 65 48<br>Mail : <a title=\"contacter l'AOEA\" href=\"mailto:bernard.petrus@wanadoo.fr?subject=Contact depuis ornithologies.fr\">bernard.petrus@wanadoo.fr<\/a><\/p>\n\n\n\n<hr class=\"wp-block-separator has-alpha-channel-opacity is-style-wide\"\/>\n\n\n\n<h2 class=\"wp-block-heading\">16 &#8211; Charente<\/h2>\n\n\n\n<h3 class=\"wp-block-heading\"><img loading=\"lazy\" decoding=\"async\" class=\"alignleft size-full wp-image-26\" src=\"https:\/\/www.ornithologies.fr\/blog\/wp-content\/uploads\/nologo.png\" alt=\"\" width=\"100\" height=\"100\">SOA &#8211; Soci\u00e9t\u00e9 Ornithologique de l&#8217;Angoumois<\/h3>\n\n\n\n<h4 class=\"wp-block-heading\">M. Berty BRIAUD<\/h4>\n\n\n\n<p>2, Route de Toutvent<br>Chez Barbotin<br>16360 CHANTILLAC<br>T\u00e9l. : 06 75 30 59 81<br>Mail : <a href=\"mailto:berty.chantillac@gmail.com\">berty.chantillac@gmail.com<\/a><\/p>\n\n\n\n<hr class=\"wp-block-separator has-alpha-channel-opacity is-style-wide\"\/>\n\n\n\n<h2 class=\"wp-block-heading\">19 &#8211; Corr\u00e8ze<\/h2>\n\n\n\n<h3 class=\"wp-block-heading\"><img loading=\"lazy\" decoding=\"async\" class=\"alignleft size-full wp-image-51\" src=\"https:\/\/www.ornithologies.fr\/blog\/wp-content\/uploads\/sob19.jpg\" alt=\"\" width=\"100\" height=\"85\">SOB &#8211; Soci\u00e9t\u00e9 Ornithologique Briviste<\/h3>\n\n\n\n<h4 class=\"wp-block-heading\">M. Fabien SOULIE<\/h4>\n\n\n\n<p>40 rue Pierre Benoit<br>19000 BRIVE<br>T\u00e9l. : 05 55 87 41 37<br>Mail : <a href=\"mailto:fasoulie@wanadoo.fr\">fasoulie@wanadoo.fr<\/a><\/p>\n\n\n\n<hr class=\"wp-block-separator has-alpha-channel-opacity is-style-wide\"\/>\n\n\n\n<h2 class=\"wp-block-heading\">24 &#8211; Dordogne<\/h2>\n\n\n\n<h3 class=\"wp-block-heading\"><img loading=\"lazy\" decoding=\"async\" class=\"alignleft size-full wp-image-26\" src=\"https:\/\/www.ornithologies.fr\/blog\/wp-content\/uploads\/nologo.png\" alt=\"\" width=\"100\" height=\"100\">AOVI &#8211; Les Amis des Oiseaux de la Vall\u00e9e de L&#8217;Isle<\/h3>\n\n\n\n<h4 class=\"wp-block-heading\">M. Philippe DUPONTEIL<\/h4>\n\n\n\n<p>3 rue Beaupuy<br>24400 MUSSIDAN<br>T\u00e9l. : 05 53 81 11 32<br>Mail : <a title=\"contacter les AOVI\" href=\"mailto:phil.duponteil@orange.fr?subject=Contact depuis ornithologies.fr\">phil.duponteil@orange.fr<\/a><\/p>\n\n\n\n<hr class=\"wp-block-separator has-alpha-channel-opacity is-style-default\"\/>\n\n\n\n<h3 class=\"wp-block-heading\"><img loading=\"lazy\" decoding=\"async\" class=\"alignleft size-full wp-image-26\" src=\"https:\/\/www.ornithologies.fr\/blog\/wp-content\/uploads\/nologo.png\" alt=\"\" width=\"100\" height=\"100\">COT &#8211; Club Ornithologique Trelissacois<\/h3>\n\n\n\n<h4 class=\"wp-block-heading\">M. Philippe GENEAU<\/h4>\n\n\n\n<p>851 route du Port<br>24290 AUBAS<br>T\u00e9l. : 06 80 23 62 26<br>Mail : <a href=\"mailto:philippe62100@hotmail.com\">philippe62100@hotmail.com<\/a><\/p>\n\n\n\n<hr class=\"wp-block-separator has-alpha-channel-opacity is-style-wide\"\/>\n\n\n\n<h2 class=\"wp-block-heading\">31 &#8211; Haute-Garonne<\/h2>\n\n\n\n<h3 class=\"wp-block-heading\"><img loading=\"lazy\" decoding=\"async\" class=\"alignleft size-full wp-image-52\" src=\"https:\/\/www.ornithologies.fr\/blog\/wp-content\/uploads\/eof31.jpg\" alt=\"\" width=\"100\" height=\"95\">EOF &#8211; Entente Ornithologique Frouzinoise<\/h3>\n\n\n\n<h4 class=\"wp-block-heading\">M. Didier CARRASCO<\/h4>\n\n\n\n<p>34 chemin de la Saudrune<br>31270 FROUZINS<br>T\u00e9l. : 05 61 92 02 57 \/ 06 12 22 20 79<br>Mail : <a href=\"mailto:didier.carrasco@orange.fr\">didier.carrasco@orange.fr<\/a><\/p>\n\n\n\n<hr class=\"wp-block-separator has-alpha-channel-opacity is-style-default\"\/>\n\n\n\n<h3 class=\"wp-block-heading\"><img loading=\"lazy\" decoding=\"async\" class=\"alignleft size-full wp-image-53\" src=\"https:\/\/www.ornithologies.fr\/blog\/wp-content\/uploads\/eto31.jpg\" alt=\"\" width=\"100\" height=\"156\">ETO &#8211; Entente Toulousaine Ornithologique<\/h3>\n\n\n\n<h4 class=\"wp-block-heading\">M. Hubert RAUJOL<\/h4>\n\n\n\n<p>39 rue des Vergers<br>31180 CASTELMAUROU<br>T\u00e9l. : 05 61 09 14 01 \/ 06 <span class=\"_5yl5\">07 39 18 97<\/span><br>Mail : <a href=\"mailto:raujol.hubert@orange.fr\"><\/a><a href=\"mailto:hrvarenois@gmail.com\">hrvarenois@gmail.com<\/a><br><a href=\"http:\/\/www.eto31.fr\" target=\"_blank\" rel=\"noopener noreferrer\">Site internet<\/a><\/p>\n\n\n\n<hr class=\"wp-block-separator has-alpha-channel-opacity is-style-wide\"\/>\n\n\n\n<h2 class=\"wp-block-heading\">33 &#8211; Gironde<\/h2>\n\n\n\n<h3 class=\"wp-block-heading\"><img loading=\"lazy\" decoding=\"async\" class=\"alignleft size-full wp-image-26\" src=\"https:\/\/www.ornithologies.fr\/blog\/wp-content\/uploads\/nologo.png\" alt=\"\" width=\"100\" height=\"100\">AOBA &#8211; Les Amis des Oiseaux du Bassin d&#8217;Arcachon<\/h3>\n\n\n\n<h4 class=\"wp-block-heading\">M. Pierre PETIT<\/h4>\n\n\n\n<p>7 chemin de Fachat<br>33770 SALLES<br>T\u00e9l. : 05 56 88 34 70 \/ 06 24 17 03 64<br>Mail : <a href=\"mailto:pierre.petit@wanadoo.fr\">pierre.petit@wanadoo.fr<\/a><\/p>\n\n\n\n<hr class=\"wp-block-separator has-alpha-channel-opacity is-style-default\"\/>\n\n\n\n<h3 class=\"wp-block-heading\"><img loading=\"lazy\" decoding=\"async\" class=\"alignleft size-full wp-image-54\" src=\"https:\/\/www.ornithologies.fr\/blog\/wp-content\/uploads\/aog33.jpg\" alt=\"\" width=\"100\" height=\"89\">AOG &#8211; Amicale Ornithologique Girondine<\/h3>\n\n\n\n<h4 class=\"wp-block-heading\">M. Jean-Paul GLEMET<\/h4>\n\n\n\n<p>24 rue Ren\u00e9 Coty<br>16000 ANGOULEME<br>T\u00e9l. : 05 45 38 11 08<br>Mail : <a class=\"moz-txt-link-abbreviated\" href=\"mailto:jp.glemet@gmail.com\">jp.glemet@gmail.com<\/a><br><a href=\"http:\/\/www.aogirondine.fr\" target=\"_blank\" rel=\"noopener noreferrer\">Site internet<\/a> &#8211; <a href=\"https:\/\/www.facebook.com\/profile.php?id=100014470965291\" target=\"_blank\" rel=\"noopener noreferrer\">Facebook<\/a><\/p>\n\n\n\n<hr class=\"wp-block-separator has-alpha-channel-opacity is-style-default\"\/>\n\n\n\n<h3 class=\"wp-block-heading\"><img loading=\"lazy\" decoding=\"async\" class=\"alignleft size-full wp-image-55\" src=\"https:\/\/www.ornithologies.fr\/blog\/wp-content\/uploads\/slado33.png\" alt=\"\" width=\"100\" height=\"69\">SLADO &#8211; Soci\u00e9t\u00e9 du Libournais des Amis des Oiseaux<\/h3>\n\n\n\n<h4 class=\"wp-block-heading\">M. Alain VALLADE<\/h4>\n\n\n\n<p>Le Gueyrot n\u00b010<br>33330 ST LAURENT DES COMBES<br>T\u00e9l. : 05 57 74 41 74 \/ 06 20 82 22 51<br>Mail : <a title=\"contacter la SLADO\" href=\"mailto:avallade@sfr.fr?subject=Contact depuis ornithologies.fr\">avallade@sfr.fr<\/a><br><a href=\"http:\/\/www.slado33.fr\" target=\"_blank\" rel=\"noopener noreferrer\">Site internet<\/a> &#8211; <a href=\"https:\/\/www.facebook.com\/slado33\" target=\"_blank\" rel=\"noopener noreferrer\">Facebook<\/a><\/p>\n\n\n\n<hr class=\"wp-block-separator has-alpha-channel-opacity is-style-wide\"\/>\n\n\n\n<h2 class=\"wp-block-heading\">40 &#8211; Landes<\/h2>\n\n\n\n<h3 class=\"wp-block-heading\"><img loading=\"lazy\" decoding=\"async\" class=\"alignleft size-full wp-image-1849\" src=\"https:\/\/www.ornithologies.fr\/blog\/wp-content\/uploads\/aota40.jpg\" alt=\"\" width=\"100\" height=\"110\">AOTA &#8211; Association Ornithologique Tursan-Adour<\/h3>\n\n\n\n<h4 class=\"wp-block-heading\">M. Cyrille JARDINIER<\/h4>\n\n\n\n<p>6 rue des Vignes<br>40270 GRENADE SUR L&#8217;ADOUR<br>T\u00e9l. : 06 14 79 02 26<br>Mail : <a href=\"mailto:cyr.jardinier@gmail.com\">cyr.jardinier@gmail.com<\/a><\/p>\n\n\n\n<hr class=\"wp-block-separator has-alpha-channel-opacity is-style-default\"\/>\n\n\n\n<h3 class=\"wp-block-heading\"><img loading=\"lazy\" decoding=\"async\" class=\"alignleft size-full wp-image-26\" src=\"https:\/\/www.ornithologies.fr\/blog\/wp-content\/uploads\/nologo.png\" alt=\"\" width=\"100\" height=\"100\">CSL &#8211; Club S\u00e9rinophile Landais<\/h3>\n\n\n\n<h4 class=\"wp-block-heading\">Mme Monique MALLET<\/h4>\n\n\n\n<p>15 Avenue Barbe d&#8217;Or<br>40000 MONT DE MARSAN<br>T\u00e9l. : 06 21 21 17 46<br>Mail : <a href=\"mailto:malletm784@gmail.com\">malletm784@gmail.com<\/a><\/p>\n\n\n\n<hr class=\"wp-block-separator has-alpha-channel-opacity is-style-default\"\/>\n\n\n\n<h3 class=\"wp-block-heading\"><img loading=\"lazy\" decoding=\"async\" class=\"alignleft size-full wp-image-58\" src=\"https:\/\/www.ornithologies.fr\/blog\/wp-content\/uploads\/slo40.png\" alt=\"\" width=\"100\" height=\"98\">SLO &#8211; Soci\u00e9t\u00e9 Landaise d&#8217;Ornithologie<\/h3>\n\n\n\n<h4 class=\"wp-block-heading\">M. Serge COURBAIGTS<\/h4>\n\n\n\n<p>57 route de Caupenne<br>40360 DONZACQ<br>T\u00e9l. : 05 58 89 87 57<br>Mail : <a href=\"mailto:smjcourbaigts@hotmail.fr\">smjcourbaigts@hotmail.fr<\/a><\/p>\n\n\n\n<hr class=\"wp-block-separator has-alpha-channel-opacity is-style-wide\"\/>\n\n\n\n<h2 class=\"wp-block-heading\">46 &#8211; Lot<\/h2>\n\n\n\n<figure class=\"wp-block-image alignleft size-full\"><img loading=\"lazy\" decoding=\"async\" width=\"98\" height=\"100\" src=\"https:\/\/www.ornithologies.fr\/blog\/wp-content\/uploads\/covl46.png\" alt=\"\" class=\"wp-image-4718\"\/><\/figure>\n\n\n\n<h3 class=\"wp-block-heading\">COVL &#8211; Club Ornithologique Vall\u00e9e du Lot<\/h3>\n\n\n\n<h4 class=\"wp-block-heading\">M. Francis USAN<\/h4>\n\n\n\n<p>333 chemin de la Bertrandoune<br>Niaudon<br>46220 PRAYSSAC<br>T\u00e9l. : 05 65 22 43 78<br>Mail : <a href=\"mailto:francis.usan@wanadoo.fr\">francis.usan@wanadoo.fr<\/a><\/p>\n\n\n\n<hr class=\"wp-block-separator has-alpha-channel-opacity is-style-wide\"\/>\n\n\n\n<h2 class=\"wp-block-heading\">47 &#8211; Lot-et-Garonne<\/h2>\n\n\n\n<h3 class=\"wp-block-heading\"><img loading=\"lazy\" decoding=\"async\" class=\"alignleft size-full wp-image-26\" src=\"https:\/\/www.ornithologies.fr\/blog\/wp-content\/uploads\/nologo.png\" alt=\"\" width=\"100\" height=\"100\">SLGAO &#8211; Soci\u00e9t\u00e9 Lot et Garonnaise Amis des Oiseaux<\/h3>\n\n\n\n<h4 class=\"wp-block-heading\">M. Thierry ZANARDO<\/h4>\n\n\n\n<p>277 avenue de Campagnac<br>47300 LEDAT<br>T\u00e9l. : 06 89 23 58 71<br>Mail : <a title=\"contacter la SLGAO\" href=\"mailto:thierryzanardo@orange.fr?subject=Contact depuis ornithologies.fr\">thierryzanardo@orange.fr<\/a><\/p>\n\n\n\n<hr class=\"wp-block-separator has-alpha-channel-opacity is-style-wide\"\/>\n\n\n\n<h2 class=\"wp-block-heading\">64 &#8211; Pyr\u00e9n\u00e9es-Atlantiques<\/h2>\n\n\n\n<figure class=\"wp-block-image alignleft size-full\"><img loading=\"lazy\" decoding=\"async\" width=\"100\" height=\"100\" src=\"https:\/\/www.ornithologies.fr\/blog\/wp-content\/uploads\/codb64.png\" alt=\"\" class=\"wp-image-5571\"\/><\/figure>\n\n\n\n<h3 class=\"wp-block-heading\">CODB &#8211; Cercle Ornithologique du B\u00e9arn<\/h3>\n\n\n\n<h4 class=\"wp-block-heading\">M. Jean-Pierre GAVEAU<\/h4>\n\n\n\n<p>5 rue Carmel Lasportes<br>64800 COARRAZE<br>T\u00e9l. : 06 82 32 34 05<br>Mail : <a href=\"mailto:jean-pierre-gaveau@orange.fr\">jean-pierre-gaveau@orange.fr<\/a><\/p>\n\n\n\n<hr class=\"wp-block-separator has-alpha-channel-opacity is-style-wide\"\/>\n\n\n\n<h2 class=\"wp-block-heading\">65 &#8211; Hautes-Pyr\u00e9n\u00e9es<\/h2>\n\n\n\n<h3 class=\"wp-block-heading\"><img loading=\"lazy\" decoding=\"async\" class=\"alignleft size-full wp-image-26\" src=\"https:\/\/www.ornithologies.fr\/blog\/wp-content\/uploads\/nologo.png\" alt=\"\" width=\"100\" height=\"100\">SOP &#8211; Soci\u00e9t\u00e9 Ornithologique des Pyr\u00e9n\u00e9es<\/h3>\n\n\n\n<h4 class=\"wp-block-heading\">M. Philippe LACAVE<\/h4>\n\n\n\n<p>76 rue Gustave Flaubert<br>65000 TARBES<br>T\u00e9l. : 05 62 51 09 87<br>Mail : <a title=\"contacter la SOP\" href=\"mailto:lacave@wanadoo.fr?subject=Contact depuis ornithologies.fr\">lacave@wanadoo.fr<\/a><\/p>\n\n\n\n<hr class=\"wp-block-separator has-alpha-channel-opacity is-style-wide\"\/>\n\n\n\n<h2 class=\"wp-block-heading\">66 &#8211; Pyr\u00e9n\u00e9es-Orientales<\/h2>\n\n\n\n<h3 class=\"wp-block-heading\"><img loading=\"lazy\" decoding=\"async\" class=\"alignleft size-full wp-image-59\" src=\"https:\/\/www.ornithologies.fr\/blog\/wp-content\/uploads\/coc66.jpg\" alt=\"\" width=\"100\" height=\"97\">COC &#8211; Club Ornithologique Catalan<\/h3>\n\n\n\n<h4 class=\"wp-block-heading\">M. Christian LLANES<\/h4>\n\n\n\n<p>180 Avenue de Bompas<br>66000 PERPIGNAN<br>T\u00e9l. : 04 68 61 27 43<br>Mail : <a href=\"mailto:rfbompas@free.fr\">rfbompas@free.fr<\/a><\/p>\n\n\n\n<hr class=\"wp-block-separator has-alpha-channel-opacity is-style-default\"\/>\n\n\n\n<h3 class=\"wp-block-heading\"><img loading=\"lazy\" decoding=\"async\" class=\"alignleft size-full wp-image-61\" src=\"https:\/\/www.ornithologies.fr\/blog\/wp-content\/uploads\/eoc66.jpg\" alt=\"\" width=\"100\" height=\"100\">EOC-66 &#8211; Entente Ornithologique Catalane<\/h3>\n\n\n\n<h4 class=\"wp-block-heading\">Mme Monique BATLLE<\/h4>\n\n\n\n<p>5 chemin de Villeneuve<br>66200 ELNE<br>T\u00e9l. : 04 68 22 61 33 \/ 06 83 87 61 24<br>Mail : monique.batlle@9online.fr<br><a href=\"https:\/\/www.facebook.com\/EOC-Entente-Ornithologique-Catalane--101483635343991\" target=\"_blank\" rel=\"noopener noreferrer\">Facebook<\/a><\/p>\n\n\n\n<hr class=\"wp-block-separator has-alpha-channel-opacity is-style-wide\"\/>\n\n\n\n<h2 class=\"wp-block-heading\">81 &#8211; Tarn<\/h2>\n\n\n\n<h3 class=\"wp-block-heading\"><img loading=\"lazy\" decoding=\"async\" width=\"100\" height=\"105\" class=\"alignleft size-full wp-image-60\" src=\"https:\/\/www.ornithologies.fr\/blog\/wp-content\/uploads\/eoc81.jpg\" alt=\"\">EOCA &#8211; Entente Ornithologique de Castres<\/h3>\n\n\n\n<h4 class=\"wp-block-heading\">M. Thierry MALBREL<\/h4>\n\n\n\n<p>8 rue du Pioch<br>81170 SAIX<br>Mail : <a href=\"mailto:thierry.malbrel@orange.fr\">thierry.malbrel@orange.fr<\/a><\/p>\n\n\n\n<hr class=\"wp-block-separator has-alpha-channel-opacity is-style-default\"\/>\n\n\n\n<h3 class=\"wp-block-heading\"><img loading=\"lazy\" decoding=\"async\" width=\"100\" height=\"100\" class=\"alignleft size-full wp-image-26\" src=\"https:\/\/www.ornithologies.fr\/blog\/wp-content\/uploads\/nologo.png\" alt=\"\">OCAS &#8211; Ornitho club Albi S\u00e9gala<\/h3>\n\n\n\n<h4 class=\"wp-block-heading\">Mme Muriel ALVERNHE<\/h4>\n\n\n\n<p>Les Bouisses<br>81400 LA BASTIDE GABAUSSE<br>T\u00e9l. : 05 63 54 28 21 \/ 06 87 75 30 30<br>Mail : <a href=\"mailto:muriel.alverdhy@gmail.com\">muriel.alverdhy@gmail.com<\/a><\/p>\n\n\n\n<hr class=\"wp-block-separator has-alpha-channel-opacity is-style-default\"\/>\n\n\n\n<h3 class=\"wp-block-heading\"><img loading=\"lazy\" decoding=\"async\" class=\"alignleft size-full wp-image-26\" src=\"https:\/\/www.ornithologies.fr\/blog\/wp-content\/uploads\/nologo.png\" alt=\"\" width=\"100\" height=\"100\">AOMNA &#8211; Association Ornithologique de la Montagne Noire Aussillon<\/h3>\n\n\n\n<h4 class=\"wp-block-heading\">Mme Dominique LAUCAT<\/h4>\n\n\n\n<p>10 rue Edouard Manet<br>81200 AUSSILLON<br>T\u00e9l. : 05 63 61 44 45 \/ 06 64 80 02 91<br>Mail : <a href=\"mailto:dominique.loucat@wanadoo.fr\">dominique.loucat@wanadoo.fr<\/a><\/p>\n\n\n\n<hr class=\"wp-block-separator has-alpha-channel-opacity is-style-wide\"\/>\n\n\n\n<h2 class=\"wp-block-heading\">82 &#8211; Tarn-et-Garonne<\/h2>\n\n\n\n<h3 class=\"wp-block-heading\"><img loading=\"lazy\" decoding=\"async\" class=\"alignleft size-full wp-image-788\" src=\"https:\/\/www.ornithologies.fr\/blog\/wp-content\/uploads\/sotg82.jpg\" alt=\"\" width=\"100\" height=\"43\">SOTG &#8211; Soci\u00e9t\u00e9 Ornithologique du Tarn &amp; Garonne<\/h3>\n\n\n\n<h4 class=\"wp-block-heading\">M. Franck BOURRIERES<\/h4>\n\n\n\n<p>142 avenue du COS<br>82000 MONTAUBAN<br>Mail : <a href=\"mailto:bourrieres@gmail.com\">bourrieres@gmail.com<\/a><br><a href=\"https:\/\/www.facebook.com\/sotg82\" target=\"_blank\" rel=\"noopener noreferrer\">Facebook<\/a><\/p>\n\n\n\n<hr class=\"wp-block-separator has-alpha-channel-opacity is-style-wide\"\/>\n\n\n\n<h6 class=\"wp-block-heading has-text-align-center\">derni\u00e8re mise \u00e0 jour 27 mars 2026<\/h6>\n\n\n\n<hr class=\"wp-block-separator has-alpha-channel-opacity is-style-wide\"\/>\n\n\n<div class=\"bc_random_banner\" data-id=\"45\" data-url=\"https:\/\/www.ornithologies.fr\/blog\/wp-admin\/admin-ajax.php?action=bc_rb_ads_click&#038;nonce=b89d6689dd\"><a target=\"_blank\" href=\"https:\/\/www.ornithologies.fr\/boutique\/\" title=\"Pub-boutique\"><img decoding=\"async\" style=width:905px; height:1280px src=\"https:\/\/www.ornithologies.fr\/blog\/wp-content\/uploads\/Pub-boutique.jpg?v=86878\"  title=\"Pub-boutique\"\/><\/a><\/div>\n\n\n\n<p><\/p>\n","protected":false},"excerpt":{"rendered":"<p>Liste des clubs de la R\u00e9gion Ornithologique du Sud-Ouest 09 &#8211; Ari\u00e8ge AOEA &#8211; Amicale des Oiseaux Exotiques Ari\u00e8ge M.<\/p>\n","protected":false},"author":1,"featured_media":48,"parent":527,"menu_order":4,"comment_status":"closed","ping_status":"closed","template":"","meta":{"footnotes":""},"class_list":["post-607","page","type-page","status-publish","has-post-thumbnail","hentry"],"_links":{"self":[{"href":"https:\/\/www.ornithologies.fr\/blog\/wp-json\/wp\/v2\/pages\/607","targetHints":{"allow":["GET"]}}],"collection":[{"href":"https:\/\/www.ornithologies.fr\/blog\/wp-json\/wp\/v2\/pages"}],"about":[{"href":"https:\/\/www.ornithologies.fr\/blog\/wp-json\/wp\/v2\/types\/page"}],"author":[{"embeddable":true,"href":"https:\/\/www.ornithologies.fr\/blog\/wp-json\/wp\/v2\/users\/1"}],"replies":[{"embeddable":true,"href":"https:\/\/www.ornithologies.fr\/blog\/wp-json\/wp\/v2\/comments?post=607"}],"version-history":[{"count":26,"href":"https:\/\/www.ornithologies.fr\/blog\/wp-json\/wp\/v2\/pages\/607\/revisions"}],"predecessor-version":[{"id":6077,"href":"https:\/\/www.ornithologies.fr\/blog\/wp-json\/wp\/v2\/pages\/607\/revisions\/6077"}],"up":[{"embeddable":true,"href":"https:\/\/www.ornithologies.fr\/blog\/wp-json\/wp\/v2\/pages\/527"}],"wp:featuredmedia":[{"embeddable":true,"href":"https:\/\/www.ornithologies.fr\/blog\/wp-json\/wp\/v2\/media\/48"}],"wp:attachment":[{"href":"https:\/\/www.ornithologies.fr\/blog\/wp-json\/wp\/v2\/media?parent=607"}],"curies":[{"name":"wp","href":"https:\/\/api.w.org\/{rel}","templated":true}]}}