{"id":578,"date":"2017-09-28T11:46:00","date_gmt":"2017-09-28T09:46:00","guid":{"rendered":"http:\/\/www.ornithologies.fr\/blog\/?page_id=578"},"modified":"2025-04-22T10:42:46","modified_gmt":"2025-04-22T08:42:46","slug":"region-2-roef","status":"publish","type":"page","link":"https:\/\/www.ornithologies.fr\/blog\/lunion-ornithologique-de-france\/les-regions\/region-2-roef\/","title":{"rendered":"R\u00e9gion 2 &#8211; ROEF"},"content":{"rendered":"\n<h1 class=\"wp-block-heading\">Liste des clubs de la R\u00e9gion Ornithologique Est-France<\/h1>\n\n\n\n<hr class=\"wp-block-separator has-alpha-channel-opacity is-style-wide\"\/>\n\n\n\n<h2 class=\"wp-block-heading\">District Nord (67 &#8211; Bas-Rhin)<\/h2>\n\n\n\n<h3 class=\"wp-block-heading\"><img loading=\"lazy\" decoding=\"async\" class=\"alignleft size-full wp-image-26\" src=\"https:\/\/www.ornithologies.fr\/blog\/wp-content\/uploads\/nologo.png\" alt=\"\" width=\"100\" height=\"100\">AMIPEC<\/h3>\n\n\n\n<h4 class=\"wp-block-heading\">M. Cl\u00e9ment WEBER<\/h4>\n\n\n\n<p>2 rue du Kirrweg<br>67880 KRAUTERGERSHEIM<br>T\u00e9l. : 03 88 95 78 19 \/ 06 43 32 31 47<br>Mail : <a href=\"mailto:familycweber@orange.fr\">familycweber@orange.fr<\/a><\/p>\n\n\n\n<hr class=\"wp-block-separator has-alpha-channel-opacity is-style-default\"\/>\n\n\n\n<h3 class=\"wp-block-heading\"><img loading=\"lazy\" decoding=\"async\" class=\"alignleft size-full wp-image-34\" src=\"https:\/\/www.ornithologies.fr\/blog\/wp-content\/uploads\/aoh67.png\" alt=\"\" width=\"100\" height=\"98\">AOH &#8211; Les Amis des Oiseaux de Haguenau<\/h3>\n\n\n\n<h4 class=\"wp-block-heading\">M. Jo\u00ebl BECKER<\/h4>\n\n\n\n<p>2 impasse de la Sauer<br>67480 FORSTFELD<br>T\u00e9l. : 06 47 97 89 29<br>Mail :<a href=\"mailto:joel.becker@orange.fr\"> joel.becker@orange.fr<\/a><br><a href=\"http:\/\/www.aoh-haguenau.fr\" target=\"_blank\" rel=\"noopener noreferrer\">Site internet<\/a><\/p>\n\n\n\n<hr class=\"wp-block-separator has-alpha-channel-opacity is-style-default\"\/>\n\n\n\n<h3 class=\"wp-block-heading\"><img loading=\"lazy\" decoding=\"async\" class=\"alignleft size-full wp-image-35\" src=\"https:\/\/www.ornithologies.fr\/blog\/wp-content\/uploads\/aorh67.jpg\" alt=\"\" width=\"100\" height=\"89\">AORH &#8211; Association Ornithologique du Ried \u2013 Herrlisheim<\/h3>\n\n\n\n<h4 class=\"wp-block-heading\">M. Philippe BLANCK<\/h4>\n\n\n\n<p>9 rue des Tailleurs<br>67500 WEITBRUCH<br>T\u00e9l. : 03 88 72 31 97<br>Mail : <a title=\"contacter l'AORH\" href=\"mailto:pblanck@orange.fr?subject=Contact depuis ornithologies.fr\">pblanck@orange.fr<\/a><\/p>\n\n\n\n<hr class=\"wp-block-separator has-alpha-channel-opacity is-style-default\"\/>\n\n\n\n<h3 class=\"wp-block-heading\"><img loading=\"lazy\" decoding=\"async\" class=\"alignleft size-full wp-image-36\" src=\"https:\/\/www.ornithologies.fr\/blog\/wp-content\/uploads\/coo67.png\" alt=\"\" width=\"100\" height=\"101\">COO &#8211; Club Ornithologique d&#8217;Oberhoffen<\/h3>\n\n\n\n<h4 class=\"wp-block-heading\">M. Jean-Claude SPACH<\/h4>\n\n\n\n<p>16 rue du Bl\u00e9<br>67240 OBERHOFFEN<br>T\u00e9l. : 06 64 68 28 03<br>Mail : <a href=\"mailto:spachjc@gmail.com\">spachjc@gmail.com<\/a><br><a href=\"http:\/\/www.cooberhoffen.fr\/\" target=\"_blank\" rel=\"noopener noreferrer\">Site internet<\/a> &#8211; <a href=\"https:\/\/www.facebook.com\/pages\/COO\/139201992890417\" target=\"_blank\" rel=\"noopener noreferrer\">Facebook<\/a><\/p>\n\n\n\n<hr class=\"wp-block-separator has-alpha-channel-opacity is-style-default\"\/>\n\n\n\n<h3 class=\"wp-block-heading\"><img loading=\"lazy\" decoding=\"async\" class=\"alignleft size-full wp-image-37\" src=\"https:\/\/www.ornithologies.fr\/blog\/wp-content\/uploads\/cos67.png\" alt=\"\" width=\"100\" height=\"100\">COS &#8211; Cercle de l&#8217;Oiseau<\/h3>\n\n\n\n<h4 class=\"wp-block-heading\">M. Didier BERNHART<\/h4>\n\n\n\n<p>29a rue des Asperges <br>67870 GRIESHEIM pr\u00e8s MOLSHEIM<br>T\u00e9l. : 06 80 30 01 08<br>Mail : <a href=\"mailto:didier.bernhart@hotmail.fr\">didier.bernhart@hotmail.fr<\/a><br><a href=\"https:\/\/www.facebook.com\/sonia.cos.9\" target=\"_blank\" rel=\"noopener noreferrer\">Facebook<\/a><\/p>\n\n\n\n<hr class=\"wp-block-separator has-alpha-channel-opacity is-style-default\"\/>\n\n\n\n<h3 class=\"wp-block-heading\"><img loading=\"lazy\" decoding=\"async\" class=\"alignleft size-full wp-image-1070\" src=\"https:\/\/www.ornithologies.fr\/blog\/wp-content\/uploads\/som67.png\" alt=\"\" width=\"100\" height=\"131\">SOM &#8211; Soci\u00e9t\u00e9 Ornithologique de Mutzig<\/h3>\n\n\n\n<h4 class=\"wp-block-heading\">Mme Genevi\u00e8ve WEBER<\/h4>\n\n\n\n<p>51 rue Principale<br>67310 SCHARRACHBERGHEIM<br>T\u00e9l. : 06 25 35 06 46<br>Mail : <a href=\"mailto:gege.weber@orange.fr\">gege.weber@orange.fr<\/a><br><a href=\"https:\/\/societe-ornitho-mutzig.skyrock.com\/\" target=\"_blank\" rel=\"noopener noreferrer\">Blog<\/a> &#8211;<a href=\"https:\/\/www.facebook.com\/societeornithologiquemutzigsom\" target=\"_blank\" rel=\"noopener noreferrer\"> Facebook<\/a><\/p>\n\n\n\n<hr class=\"wp-block-separator has-alpha-channel-opacity is-style-wide\"\/>\n\n\n\n<h2 class=\"wp-block-heading\">District Centre (68 &#8211; Haut-Rhin)<\/h2>\n\n\n\n<h3 class=\"wp-block-heading\"><img loading=\"lazy\" decoding=\"async\" class=\"alignleft size-full wp-image-39\" src=\"https:\/\/www.ornithologies.fr\/blog\/wp-content\/uploads\/ao3f68.png\" alt=\"\" width=\"100\" height=\"97\">AO3F &#8211; Association Ornithologique des 3 Fronti\u00e8res<\/h3>\n\n\n\n<h4 class=\"wp-block-heading\">M. St\u00e9phane HOUX<\/h4>\n\n\n\n<p>3 rue du G\u00e9n\u00e9ral de Gaulle<br>68130 CARSPACH<br>T\u00e9l. : 06 24 35 28 22 \/ 03 89 40 08 42<br>Mail : <a href=\"mailto:stephane.houx@sfr.fr\">stephane.houx@sfr.fr<\/a><br><a href=\"https:\/\/www.facebook.com\/AO3F-280594978732147\/\" target=\"_blank\" rel=\"noopener noreferrer\">Facebook<\/a><\/p>\n\n\n\n<hr class=\"wp-block-separator has-alpha-channel-opacity is-style-default\"\/>\n\n\n\n<h3 class=\"wp-block-heading\"><img loading=\"lazy\" decoding=\"async\" class=\"alignleft size-full wp-image-40\" src=\"https:\/\/www.ornithologies.fr\/blog\/wp-content\/uploads\/aof68.png\" alt=\"\" width=\"100\" height=\"100\">AOF &#8211; Association Ornithologique Fraternit\u00e9<\/h3>\n\n\n\n<h4 class=\"wp-block-heading\">Mme \u00c9velyne HIRTZLIN<\/h4>\n\n\n\n<p>01 rue Marcel Pagnol<br>68390 SAUSHEIM<br>T\u00e9l. : 06 36 85 80 97<br>Mail : <a href=\"mailto:ehirtzlin@gmail.com\">ehirtzlin@gmail.com<\/a><br><a href=\"https:\/\/www.facebook.com\/Association-Ornithologique-Fraternit%C3%A9-754849764641504\/\" target=\"_blank\" rel=\"noopener noreferrer\">Facebook<\/a><\/p>\n\n\n\n<hr class=\"wp-block-separator has-alpha-channel-opacity is-style-default\"\/>\n\n\n\n<h3 class=\"wp-block-heading\"><img loading=\"lazy\" decoding=\"async\" class=\"alignleft size-full wp-image-41\" src=\"https:\/\/www.ornithologies.fr\/blog\/wp-content\/uploads\/ccce68.png\" alt=\"\" width=\"100\" height=\"136\">CCCE &#8211; Canaris Club de Colmar et Environs<\/h3>\n\n\n\n<h4 class=\"wp-block-heading\">M. Daniel HANS<\/h4>\n\n\n\n<p>11 rue Heibel<br>68380 BREITENBACH<br>T\u00e9l. : 07 89 08 52 97<br>Mail : <a href=\"mailto:contact@canarisclub-colmar.fr\">contact@canarisclub-colmar.fr<\/a><br><a href=\"http:\/\/www.canarisclub-colmar.fr\" target=\"_blank\" rel=\"noopener noreferrer\">Site internet<\/a> &#8211; <a href=\"https:\/\/www.facebook.com\/bichelo68000\" target=\"_blank\" rel=\"noopener noreferrer\">Facebook<\/a><\/p>\n\n\n\n<hr class=\"wp-block-separator has-alpha-channel-opacity is-style-default\"\/>\n\n\n\n<h3 class=\"wp-block-heading\"><img loading=\"lazy\" decoding=\"async\" class=\"alignleft size-full wp-image-42\" src=\"https:\/\/www.ornithologies.fr\/blog\/wp-content\/uploads\/covt68.png\" alt=\"\" width=\"100\" height=\"106\">COVT &#8211; Club Ornithologique Vieux Thann<\/h3>\n\n\n\n<h4 class=\"wp-block-heading\">Mme Alice GOLLY<\/h4>\n\n\n\n<p>5 place des Alli\u00e9s<br>68290 MASEVAUX<br>T\u00e9l. : 03 68 47 09 49<br>Mail : <a href=\"mailto:club.covt@gmail.com\">club.covt@gmail.com<\/a><br><a href=\"https:\/\/www.facebook.com\/Club-Ornithologique-Vieux-Thann-715830605206444\" target=\"_blank\" rel=\"noopener noreferrer\">Facebook<\/a><\/p>\n\n\n\n<hr class=\"wp-block-separator has-alpha-channel-opacity is-style-default\"\/>\n\n\n\n<h3 class=\"wp-block-heading\"><img loading=\"lazy\" decoding=\"async\" class=\"alignleft size-full wp-image-43\" src=\"https:\/\/www.ornithologies.fr\/blog\/wp-content\/uploads\/hc189368.png\" alt=\"\" width=\"100\" height=\"129\">HC1893 &#8211; Harzer Club 1893<\/h3>\n\n\n\n<h4 class=\"wp-block-heading\">M. Samuel WEILER<\/h4>\n\n\n\n<p>11 rue du Tremble<br>68700 ASPACH MICHELBACH<br>Mail : <a href=\"mailto:harzerclub1893@gmail.com\">harzerclub1893@gmail.com<\/a><br><a href=\"https:\/\/www.harzerclub1893.fr\/\" target=\"_blank\" rel=\"noopener noreferrer\">Site internet<\/a> &#8211; <a href=\"https:\/\/www.facebook.com\/HarzerClub1893\" target=\"_blank\" rel=\"noopener noreferrer\">Facebook<\/a><\/p>\n\n\n\n<hr class=\"wp-block-separator has-alpha-channel-opacity is-style-default\"\/>\n\n\n\n<h3 class=\"wp-block-heading\"><img loading=\"lazy\" decoding=\"async\" width=\"100\" height=\"136\" class=\"alignleft size-full wp-image-38\" src=\"https:\/\/www.ornithologies.fr\/blog\/wp-content\/uploads\/sechs67.png\" alt=\"\">SECH &#8211; Soci\u00e9t\u00e9 d\u2019\u00c9levage du Canari de Chant Harz<\/h3>\n\n\n\n<h4 class=\"wp-block-heading\">M. Robert DANGUEL<\/h4>\n\n\n\n<p>2 rue de la For\u00eat<br>67600 S\u00c9LESTAT<br>T\u00e9l. : 03 88 92 82 65<br>Mail : <a href=\"mailto:robertdanguel@gmail.com\">robertdanguel@gmail.com<\/a><\/p>\n\n\n\n<hr class=\"wp-block-separator has-alpha-channel-opacity is-style-wide\"\/>\n\n\n\n<h2 class=\"wp-block-heading\">District Sud (70 &#8211; Haute-Sa\u00f4ne, 25 &#8211; Doubs, 88 &#8211; Vosges, 90 &#8211; Belfort)<\/h2>\n\n\n\n<h3 class=\"wp-block-heading\"><img loading=\"lazy\" decoding=\"async\" class=\"alignleft size-full wp-image-44\" src=\"https:\/\/www.ornithologies.fr\/blog\/wp-content\/uploads\/cohs70.png\" alt=\"\" width=\"100\" height=\"106\">COHS&nbsp; &#8211; Club Ornithologique de la Haute Sa\u00f4ne<\/h3>\n\n\n\n<h4 class=\"wp-block-heading\">M. Fran\u00e7ois GERARDIN<\/h4>\n\n\n\n<p>22 route du Rhien<br>70250 RONCHAMP<br>T\u00e9l. : 06 74 74 88 92<br>Mail : <a title=\"contacter le COHS\" href=\"mailto:francois.gerardin@wanadoo.fr?subject=Contact depuis ornithologies.fr\">francois.gerardin@wanadoo.fr<\/a><br><a href=\"http:\/\/www.cohs.fr\" target=\"_blank\" rel=\"noopener noreferrer\">Site internet<\/a> &#8211; <a href=\"https:\/\/www.facebook.com\/Club-Ornithologique-de-Haute-Sa%C3%B4ne-dit-COHS-202002146663941\/\" target=\"_blank\" rel=\"noopener noreferrer\">Facebook<\/a><\/p>\n\n\n\n<hr class=\"wp-block-separator has-alpha-channel-opacity is-style-default\"\/>\n\n\n\n<h3 class=\"wp-block-heading\"><img loading=\"lazy\" decoding=\"async\" class=\"alignleft size-full wp-image-594\" src=\"https:\/\/www.ornithologies.fr\/blog\/wp-content\/uploads\/aoe25-1.jpg\" alt=\"\" width=\"100\" height=\"70\">AOE &#8211; Association Ornithologique d&#8217;Exincourt<\/h3>\n\n\n\n<h4 class=\"wp-block-heading\">M. Alain FLENET<\/h4>\n\n\n\n<p>21 rue des bains<br>25350 MANDEURE<br>T\u00e9l. : 03 81 35 24 07<br>Mail : <a title=\"contacter l'AOE\" href=\"mailto:alainflenet@aol.com?subject=Contact depuis ornithologies.fr\">alainflenet@aol.com<\/a><br><a href=\"https:\/\/les-oiseaux-dalain.webnode.fr\" target=\"_blank\" rel=\"noreferrer noopener\">Site internet<\/a><\/p>\n\n\n\n<hr class=\"wp-block-separator has-alpha-channel-opacity is-style-default\"\/>\n\n\n\n<h3 class=\"wp-block-heading\"><img loading=\"lazy\" decoding=\"async\" class=\"alignleft wp-image-3677 size-full\" src=\"https:\/\/www.ornithologies.fr\/blog\/wp-content\/uploads\/sov88.png\" alt=\"\" width=\"100\" height=\"108\">SOV &#8211; Soci\u00e9t\u00e9 Ornithologique Vosgienne<\/h3>\n\n\n\n<h4 class=\"wp-block-heading\">M. Philippe NOIRIEL<\/h4>\n\n\n\n<p>38 rue du Fort<br>88190 GOLBEY<br>T\u00e9l. : 06 40 30 56 28<br>Mail : <a href=\"mailto:noiriel.philippe@orange.fr\">noiriel.philippe@orange.fr<\/a><\/p>\n\n\n\n<hr class=\"wp-block-separator has-alpha-channel-opacity is-style-wide\"\/>\n\n\n\n<h6 class=\"wp-block-heading has-text-align-center\">derni\u00e8re mise \u00e0 jour 22 avril 2025<\/h6>\n\n\n\n<hr class=\"wp-block-separator has-alpha-channel-opacity is-style-wide\"\/>\n\n\n<div class=\"bc_random_banner\" data-id=\"55\" data-url=\"https:\/\/www.ornithologies.fr\/blog\/wp-admin\/admin-ajax.php?action=bc_rb_ads_click&#038;nonce=b89d6689dd\"><a target=\"_blank\" href=\"https:\/\/www.ornithologies.fr\/blog\/blog\/les-nouvelles-bagues-uof\/\" title=\"Bagues-2024\"><img decoding=\"async\"  src=\"https:\/\/www.ornithologies.fr\/blog\/wp-content\/uploads\/Bagues-2024.jpg?v=974744\"  title=\"Bagues-2024\"\/><\/a><\/div>\n","protected":false},"excerpt":{"rendered":"<p>Liste des clubs de la R\u00e9gion Ornithologique Est-France District Nord (67 &#8211; Bas-Rhin) AMIPEC M. Cl\u00e9ment WEBER 2 rue du<\/p>\n","protected":false},"author":1,"featured_media":417,"parent":527,"menu_order":2,"comment_status":"closed","ping_status":"closed","template":"","meta":{"footnotes":""},"class_list":["post-578","page","type-page","status-publish","has-post-thumbnail","hentry"],"_links":{"self":[{"href":"https:\/\/www.ornithologies.fr\/blog\/wp-json\/wp\/v2\/pages\/578","targetHints":{"allow":["GET"]}}],"collection":[{"href":"https:\/\/www.ornithologies.fr\/blog\/wp-json\/wp\/v2\/pages"}],"about":[{"href":"https:\/\/www.ornithologies.fr\/blog\/wp-json\/wp\/v2\/types\/page"}],"author":[{"embeddable":true,"href":"https:\/\/www.ornithologies.fr\/blog\/wp-json\/wp\/v2\/users\/1"}],"replies":[{"embeddable":true,"href":"https:\/\/www.ornithologies.fr\/blog\/wp-json\/wp\/v2\/comments?post=578"}],"version-history":[{"count":24,"href":"https:\/\/www.ornithologies.fr\/blog\/wp-json\/wp\/v2\/pages\/578\/revisions"}],"predecessor-version":[{"id":5741,"href":"https:\/\/www.ornithologies.fr\/blog\/wp-json\/wp\/v2\/pages\/578\/revisions\/5741"}],"up":[{"embeddable":true,"href":"https:\/\/www.ornithologies.fr\/blog\/wp-json\/wp\/v2\/pages\/527"}],"wp:featuredmedia":[{"embeddable":true,"href":"https:\/\/www.ornithologies.fr\/blog\/wp-json\/wp\/v2\/media\/417"}],"wp:attachment":[{"href":"https:\/\/www.ornithologies.fr\/blog\/wp-json\/wp\/v2\/media?parent=578"}],"curies":[{"name":"wp","href":"https:\/\/api.w.org\/{rel}","templated":true}]}}