{"id":567,"date":"2017-09-28T10:31:06","date_gmt":"2017-09-28T08:31:06","guid":{"rendered":"http:\/\/www.ornithologies.fr\/blog\/?page_id=567"},"modified":"2026-04-10T13:23:46","modified_gmt":"2026-04-10T11:23:46","slug":"region-1-roco","status":"publish","type":"page","link":"https:\/\/www.ornithologies.fr\/blog\/lunion-ornithologique-de-france\/les-regions\/region-1-roco\/","title":{"rendered":"R\u00e9gion 1 &#8211; ROCO"},"content":{"rendered":"\n<h1 class=\"wp-block-heading\">Liste des clubs de la R\u00e9gion Ornithologique Centre-Ouest<\/h1>\n\n\n\n<hr class=\"wp-block-separator has-alpha-channel-opacity is-style-wide\"\/>\n\n\n\n<h2 class=\"wp-block-heading\">37 &#8211; Indre-et-Loire<\/h2>\n\n\n\n<h3 class=\"wp-block-heading\"><img loading=\"lazy\" decoding=\"async\" class=\"alignleft wp-image-23 size-full\" src=\"https:\/\/www.ornithologies.fr\/blog\/wp-content\/uploads\/sot37.png\" alt=\"\" width=\"100\" height=\"69\">SOT &#8211; Soci\u00e9t\u00e9 Ornithologique Tourangelle<\/h3>\n\n\n\n<h4 class=\"wp-block-heading\">Mme Micheline LACHAIZE<\/h4>\n\n\n\n<p>6 Rue Ch. Lachiver<br>37700 ST PIERRE DES CORPS<br>T\u00e9l. : 02 47 44 72 11<br>Mail : <a href=\"mailto:micheline.lachaize@wanadoo.fr\">micheline.lachaize@wanadoo.fr<\/a><\/p>\n\n\n\n<hr class=\"wp-block-separator has-alpha-channel-opacity is-style-wide\"\/>\n\n\n\n<h2 class=\"wp-block-heading\">41 &#8211; Loir-et-Cher<\/h2>\n\n\n\n<h3 class=\"wp-block-heading\"><img loading=\"lazy\" decoding=\"async\" class=\"alignleft size-full wp-image-25\" src=\"https:\/\/www.ornithologies.fr\/blog\/wp-content\/uploads\/sbao41.png\" alt=\"\" width=\"100\" height=\"75\">SBAO &#8211; Soci\u00e9t\u00e9 Blaisoise des Amis des Oiseaux<\/h3>\n\n\n\n<h4 class=\"wp-block-heading\">M. Herv\u00e9 PILARD<\/h4>\n\n\n\n<p>Chemin du Tue B\u0153uf<br>41120 LES MONTILS<br>T\u00e9l. : 02 54 44 01 73<br>Mail : <a href=\"mailto:pilardfamily@free.fr\">pilardfamily@free.fr<\/a><br><a href=\"http:\/\/sbao41.canalblog.com\" target=\"_blank\" rel=\"noopener noreferrer\">Blog<\/a><\/p>\n\n\n\n<hr class=\"wp-block-separator has-alpha-channel-opacity is-style-wide\"\/>\n\n\n\n<h2 class=\"wp-block-heading\">49 &#8211; Maine-et-Loire<\/h2>\n\n\n\n<figure class=\"wp-block-image alignleft size-full\"><img loading=\"lazy\" decoding=\"async\" width=\"100\" height=\"100\" src=\"https:\/\/www.ornithologies.fr\/blog\/wp-content\/uploads\/aoc85-1.png\" alt=\"\" class=\"wp-image-4062\"\/><\/figure>\n\n\n\n<h3 class=\"wp-block-heading\">AOC &#8211; Association Ornithologique du Choletais<\/h3>\n\n\n\n<h4 class=\"wp-block-heading\">M. R\u00e9gis JOLY<\/h4>\n\n\n\n<p>8 rue Abafour Jallais<br>49510 BEAUPREAU EN MAUGES<br>T\u00e9l. : 06 99 46 00 37<br>Mail : <a href=\"mailto:joly.regis@neuf.fr\">joly.regis@neuf.fr<\/a><\/p>\n\n\n\n<hr class=\"wp-block-separator has-alpha-channel-opacity is-style-default\"\/>\n\n\n\n<h4 class=\"wp-block-heading\"><img loading=\"lazy\" decoding=\"async\" class=\"alignleft size-full wp-image-26\" src=\"https:\/\/www.ornithologies.fr\/blog\/wp-content\/uploads\/nologo.png\" alt=\"\" width=\"100\" height=\"100\"><\/h4>\n\n\n\n<h3 class=\"wp-block-heading\">SAAO &#8211; Soci\u00e9t\u00e9 Angevine des Amis des Oiseaux<\/h3>\n\n\n\n<h4 class=\"wp-block-heading\">M. Jean Louis MALARY<\/h4>\n\n\n\n<p>7 rue du Cotillon Blanc<br>49380 CHAVAGNES LES EAUX<br>T\u00e9l. : 06 65 31 41 33<br>Mail : <a href=\"mailto:jlc.ma@orange.fr\">jlc.ma@orange.fr<\/a><\/p>\n\n\n\n<hr class=\"wp-block-separator has-alpha-channel-opacity is-style-wide\"\/>\n\n\n\n<h2 class=\"wp-block-heading\">53 &#8211; Mayenne<\/h2>\n\n\n\n<h4 class=\"wp-block-heading\"><img loading=\"lazy\" decoding=\"async\" class=\"alignleft size-full wp-image-26\" src=\"https:\/\/www.ornithologies.fr\/blog\/wp-content\/uploads\/nologo.png\" alt=\"\" width=\"100\" height=\"100\"><\/h4>\n\n\n\n<h3 class=\"wp-block-heading\">ADOC &#8211; Amicale des Oiseaux Castrogont\u00e9riens<\/h3>\n\n\n\n<h4 class=\"wp-block-heading\">M. Beno\u00eet CUSSONNEAU<\/h4>\n\n\n\n<p>2 rue de la Gr\u00e9e<br>49370 SAINT CL\u00c9MENT DE LA PLACE<br>T\u00e9l. : 06 26 14 67 29 &#8211; 02 41 72 41 69<br>Mail : <a href=\"mailto:bensevcussonneau@gmail.com\">bensevcussonneau@gmail.com<\/a><\/p>\n\n\n\n<hr class=\"wp-block-separator has-alpha-channel-opacity is-style-default\"\/>\n\n\n\n<figure class=\"wp-block-image alignleft size-full\"><img loading=\"lazy\" decoding=\"async\" width=\"100\" height=\"130\" src=\"https:\/\/www.ornithologies.fr\/blog\/wp-content\/uploads\/lvm53.jpg\" alt=\"\" class=\"wp-image-27\"\/><\/figure>\n\n\n\n<h3 class=\"wp-block-heading\">LVM &#8211; Les Voli\u00e8res Mayennaises<\/h3>\n\n\n\n<h4 class=\"wp-block-heading\">M. Alain PORTAIS<\/h4>\n\n\n\n<p>Petite Lande<br>53350 FONTAINE-COUVERTE<br>Mail : <a href=\"mailto:alain.portais@selhagroup.com\">alain.portais@selhagroup.com<\/a><\/p>\n\n\n\n<hr class=\"wp-block-separator has-alpha-channel-opacity is-style-wide\"\/>\n\n\n\n<h2 class=\"wp-block-heading\">72 &#8211; Sarthe<\/h2>\n\n\n\n<h3 class=\"wp-block-heading\"><img loading=\"lazy\" decoding=\"async\" class=\"alignleft size-full wp-image-26\" src=\"https:\/\/www.ornithologies.fr\/blog\/wp-content\/uploads\/nologo.png\" alt=\"\" width=\"100\" height=\"100\">AAOP72 &#8211; Association Arnageoise Ornithologie Protection 72<\/h3>\n\n\n\n<h4 class=\"wp-block-heading\">M. Jean COURET<\/h4>\n\n\n\n<p>23bis Rue St Mamert<br>72220 ST OUEN EN BELIN<br>T\u00e9l. : 02 43 87 44 36<br>Mail : <a title=\"contacter l'ASLOP\" href=\"mailto:jn.couret@orange.fr?subject=Contact depuis ornithologies.fr\">jn.couret@orange.fr<\/a><\/p>\n\n\n\n<hr class=\"wp-block-separator has-alpha-channel-opacity is-style-default\"\/>\n\n\n\n<h3 class=\"wp-block-heading\"><img loading=\"lazy\" decoding=\"async\" width=\"100\" height=\"100\" class=\"alignleft size-full wp-image-26\" src=\"https:\/\/www.ornithologies.fr\/blog\/wp-content\/uploads\/nologo.png\" alt=\"\">AOAS &#8211; Association Ornithologique Amateurs Sarthoise<\/h3>\n\n\n\n<h4 class=\"wp-block-heading\">M. Jean-Michel NEPOTE-CIT<\/h4>\n\n\n\n<p>34 rue des courtils<br>72210 LA SUZE SUR SARTHE<br>T\u00e9l. : 06 88 16 23 90<br>Mail : <a href=\"mailto:nepote-cit@wanadoo.fr\">nepote-cit@wanadoo.fr<\/a><\/p>\n\n\n\n<hr class=\"wp-block-separator has-alpha-channel-opacity is-style-default\"\/>\n\n\n\n<h3 class=\"wp-block-heading\"><img loading=\"lazy\" decoding=\"async\" class=\"alignleft size-full wp-image-26\" src=\"https:\/\/www.ornithologies.fr\/blog\/wp-content\/uploads\/nologo.png\" alt=\"\" width=\"100\" height=\"100\">SMAO &#8211; Soci\u00e9t\u00e9 Mancelle d&#8217;Aviculture et d&#8217;Ornithologie<\/h3>\n\n\n\n<h4 class=\"wp-block-heading\">M. Jean-No\u00ebl DRONNE<\/h4>\n\n\n\n<p>La Ferronnerie<br>72200 MARIGNE LAILLE<br>T\u00e9l. : 06 61 40 31 88<br>Mail : <a href=\"mailto:jean-noel.dronne@orange.fr\">jean-noel.dronne@orange.fr<\/a><\/p>\n\n\n\n<hr class=\"wp-block-separator has-alpha-channel-opacity is-style-wide\"\/>\n\n\n\n<h2 class=\"wp-block-heading\">79 &#8211; Deux-S\u00e8vres<\/h2>\n\n\n\n<h3 class=\"wp-block-heading\"><img loading=\"lazy\" decoding=\"async\" width=\"100\" height=\"90\" class=\"alignleft size-full wp-image-28\" src=\"https:\/\/www.ornithologies.fr\/blog\/wp-content\/uploads\/aods79.png\" alt=\"\">AODS &#8211; Amis des Oiseaux Deux-S\u00e8vres<\/h3>\n\n\n\n<h4 class=\"wp-block-heading\">M. Jacky DIACRE<\/h4>\n\n\n\n<p>26 Route de Tourtenay<br>79290 BRION PRES THOUET<br>T\u00e9l. : 06 80 42 66 14<br>Mail : <a href=\"mailto:jackydiacre@yahoo.fr\">jackydiacre@yahoo.fr<\/a><\/p>\n\n\n\n<hr class=\"wp-block-separator has-alpha-channel-opacity is-style-wide\"\/>\n\n\n\n<h2 class=\"wp-block-heading\">85 &#8211; Vend\u00e9e<\/h2>\n\n\n\n<h3 class=\"wp-block-heading\"><img loading=\"lazy\" decoding=\"async\" class=\"alignleft size-full wp-image-29\" src=\"https:\/\/www.ornithologies.fr\/blog\/wp-content\/uploads\/cch85.jpg\" alt=\"\" width=\"100\" height=\"78\">CCH &#8211; Canari Club Herbretais<\/h3>\n\n\n\n<h4 class=\"wp-block-heading\">Mr Patrice RAVELEAU<\/h4>\n\n\n\n<p>17 rue des Mouettes &#8211; 85500 LES HERBIERS<br>T\u00e9l. : 06 56 82 24 37<br>Mail : <a href=\"mailto:patrice.raveleau844@orange.fr\">patrice.raveleau844@orange.fr<\/a><\/p>\n\n\n\n<hr class=\"wp-block-separator has-alpha-channel-opacity is-style-default\"\/>\n\n\n\n<figure class=\"wp-block-image alignleft size-full\"><img loading=\"lazy\" decoding=\"async\" width=\"100\" height=\"100\" src=\"https:\/\/www.ornithologies.fr\/blog\/wp-content\/uploads\/cov85.png\" alt=\"\" class=\"wp-image-4621\"\/><\/figure>\n\n\n\n<h3 class=\"wp-block-heading has-text-align-left\">COV &#8211; Club Ornithologique Vend\u00e9en<\/h3>\n\n\n\n<h4 class=\"wp-block-heading\">M. Olivier BAUCHET<\/h4>\n\n\n\n<p>La Forti\u00e8re<br>85140 LES ESSARTS<br>T\u00e9l. : 02 51 62 97 53<br>Mail : <a title=\"contacter le COV\" href=\"mailto:obauchet@wanadoo.fr?subject=Contact depuis ornithologies.fr\">obauchet@wanadoo.fr<\/a><\/p>\n\n\n\n<hr class=\"wp-block-separator has-alpha-channel-opacity is-style-wide\"\/>\n\n\n\n<h2 class=\"wp-block-heading\">86 &#8211; Vienne<\/h2>\n\n\n\n<h3 class=\"wp-block-heading\"><img loading=\"lazy\" decoding=\"async\" class=\"alignleft size-full wp-image-30\" src=\"https:\/\/www.ornithologies.fr\/blog\/wp-content\/uploads\/aonv86.png\" alt=\"\" width=\"100\" height=\"96\">AONV &#8211; Association Ornithologique Nord Vienne<\/h3>\n\n\n\n<h4 class=\"wp-block-heading\">M. Philippe GUELLERIN<\/h4>\n\n\n\n<p>20 rue Ren\u00e9 Descartes<br>86230 SAINT GERVAIS LES TROIS CLOCHERS<br>T\u00e9l. : 06 81 14 30 64<br>Mail : <a href=\"mailto:guellerin.philippe@orange.fr\">guellerin.philippe@orange.fr<\/a><\/p>\n\n\n\n<hr class=\"wp-block-separator has-alpha-channel-opacity is-style-default\"\/>\n\n\n\n<h3 class=\"wp-block-heading\"><img loading=\"lazy\" decoding=\"async\" class=\"alignleft size-full wp-image-31\" src=\"https:\/\/www.ornithologies.fr\/blog\/wp-content\/uploads\/apao86.jpg\" alt=\"\" width=\"100\" height=\"80\">APAO &#8211; Association Poitevine des Amis des Oiseaux<\/h3>\n\n\n\n<h4 class=\"wp-block-heading\">M. Claude GRIMAUD<\/h4>\n\n\n\n<p>Bois le Bon<br>86600 SAINT SAUVANT<br>T\u00e9l. : 05 49 29 47 14<br>Mail : <a title=\"contacter l'APAO\" href=\"mailto:christine.grimaud0214@orange.fr?subject=Contact depuis ornithologies.fr\">christine.grimaud0214@orange.fr<\/a><br><a href=\"http:\/\/apao.free.fr\/\" target=\"_blank\" rel=\"noopener noreferrer\">Site internet<\/a><\/p>\n\n\n\n<hr class=\"wp-block-separator has-alpha-channel-opacity is-style-wide\"\/>\n\n\n\n<h6 class=\"wp-block-heading has-text-align-center\">derni\u00e8re mise \u00e0 jour 10 Avril 2026<\/h6>\n\n\n\n<hr class=\"wp-block-separator has-css-opacity is-style-wide\"\/>\n\n\n<div class=\"bc_random_banner\" data-id=\"66\" data-url=\"https:\/\/www.ornithologies.fr\/blog\/wp-admin\/admin-ajax.php?action=bc_rb_ads_click&#038;nonce=b89d6689dd\"><a target=\"_blank\" href=\"https:\/\/ardapcare.com\/en\/collections\/vogelprodukte\" title=\"Pub-Quiko-canari\"><img decoding=\"async\"  src=\"https:\/\/www.ornithologies.fr\/blog\/wp-content\/uploads\/Pub-Quiko-canari.jpg?v=241112\"  title=\"Pub-Quiko-canari\"\/><\/a><\/div>\n","protected":false},"excerpt":{"rendered":"<p>Liste des clubs de la R\u00e9gion Ornithologique Centre-Ouest 37 &#8211; Indre-et-Loire SOT &#8211; Soci\u00e9t\u00e9 Ornithologique Tourangelle Mme Micheline LACHAIZE 6<\/p>\n","protected":false},"author":1,"featured_media":6034,"parent":527,"menu_order":1,"comment_status":"closed","ping_status":"closed","template":"","meta":{"footnotes":""},"class_list":["post-567","page","type-page","status-publish","has-post-thumbnail","hentry"],"_links":{"self":[{"href":"https:\/\/www.ornithologies.fr\/blog\/wp-json\/wp\/v2\/pages\/567","targetHints":{"allow":["GET"]}}],"collection":[{"href":"https:\/\/www.ornithologies.fr\/blog\/wp-json\/wp\/v2\/pages"}],"about":[{"href":"https:\/\/www.ornithologies.fr\/blog\/wp-json\/wp\/v2\/types\/page"}],"author":[{"embeddable":true,"href":"https:\/\/www.ornithologies.fr\/blog\/wp-json\/wp\/v2\/users\/1"}],"replies":[{"embeddable":true,"href":"https:\/\/www.ornithologies.fr\/blog\/wp-json\/wp\/v2\/comments?post=567"}],"version-history":[{"count":18,"href":"https:\/\/www.ornithologies.fr\/blog\/wp-json\/wp\/v2\/pages\/567\/revisions"}],"predecessor-version":[{"id":6097,"href":"https:\/\/www.ornithologies.fr\/blog\/wp-json\/wp\/v2\/pages\/567\/revisions\/6097"}],"up":[{"embeddable":true,"href":"https:\/\/www.ornithologies.fr\/blog\/wp-json\/wp\/v2\/pages\/527"}],"wp:featuredmedia":[{"embeddable":true,"href":"https:\/\/www.ornithologies.fr\/blog\/wp-json\/wp\/v2\/media\/6034"}],"wp:attachment":[{"href":"https:\/\/www.ornithologies.fr\/blog\/wp-json\/wp\/v2\/media?parent=567"}],"curies":[{"name":"wp","href":"https:\/\/api.w.org\/{rel}","templated":true}]}}