{"id":527,"date":"2017-05-17T12:01:14","date_gmt":"2017-05-17T10:01:14","guid":{"rendered":"http:\/\/www.ornithologies.fr\/blog\/?page_id=527"},"modified":"2026-03-30T19:12:52","modified_gmt":"2026-03-30T17:12:52","slug":"les-regions","status":"publish","type":"page","link":"https:\/\/www.ornithologies.fr\/blog\/lunion-ornithologique-de-france\/les-regions\/","title":{"rendered":"Les R\u00e9gions Ornithologiques"},"content":{"rendered":"\n<h2 class=\"wp-block-heading\">Tous les clubs de m\u00e9tropole et d&#8217;outre-mer d\u00e9pendent d&#8217;une r\u00e9gion qui les repr\u00e9sente lors des congr\u00e8s de l&#8217;Union Ornithologique de France.<\/h2>\n\n\n<style type=\"text\/css\" id=\"umsMapStyles_3_16456\">\r\n    #ultimate_maps_3_16456 {\r\n        width: 100%;\r\n        height: 600px;\r\n                border: 0px solid ;\r\n        margin: 0px;\r\n    }\r\n    #mapsControlsNum_3_16456 {\r\n        width:100%    }\r\n    .umsMapDetailsContainer#umsMapDetailsContainer_3_16456 {\r\n        height:600px;\r\n    }\r\n    .ums_MapPreview#ultimate_maps_3_16456 {\r\n        \/*position:absolute;*\/\r\n        width:100%;\r\n    }\r\n    #mapConElem_3_16456{\r\n        width:100%    }\r\n    <\/style><div class=\"ums_map_opts\" id=\"mapConElem_3_16456\" data-id=\"3\" data-view-id=\"3_16456\" > <div class=\"umsMapDetailsContainer\" id=\"umsMapDetailsContainer_3_16456\"> <i class=\"umsKMLLayersPreloader fa fa-spinner fa-spin\" aria-hidden=\"true\" style=\"display: none;\"><\/i> <div class=\"ums_MapPreview \" id=\"ultimate_maps_3_16456\"><\/div> <\/div> <div class=\"umsMapMarkerFilters\" id=\"umsMapMarkerFilters_3_16456\"> <\/div> <div class=\"umsMapProControlsCon\" id=\"umsMapProControlsCon_3_16456\"> <a title=\"Google Map Plugin\" style=\"display:none;\" href=\"https:\/\/supsystic.com\/plugins\/google-maps-plugin\/?utm_medium=love_link_hide\" target=\"_blank\">Google Map Plugin<\/a><div style=\"clear: both;\"><\/div> <\/div> <div class=\"umsMapProDirectionsCon\" id=\"umsMapProDirectionsCon_3_16456\" > <\/div> <div class=\"umsMapProKmlFilterCon\" id=\"umsMapProKmlFilterCon_3_16456\" > <\/div> <div class=\"umsSocialSharingShell umsSocialSharingShell_3_16456\"> <\/div> <div style=\"clear: both;\"><\/div> <\/div>\n\n\n\n<hr class=\"wp-block-separator has-alpha-channel-opacity is-style-default\"\/>\n\n\n\n<figure class=\"wp-block-image alignleft size-full\"><img decoding=\"async\" src=\"https:\/\/www.ornithologies.fr\/blog\/wp-content\/uploads\/r01.png\" alt=\"\" class=\"wp-image-22\"\/><\/figure>\n\n\n\n<h2 class=\"wp-block-heading\">R01 &#8211; R\u00c9GION ORNITHOLOGIQUE CENTRE OUEST<\/h2>\n\n\n\n<h3 class=\"wp-block-heading\">Pr\u00e9sident : M. Christian DELFOSSE<\/h3>\n\n\n\n<p>3 Impasse Valentin Hauy<br>85000 LA ROCHE SUR YON<br>T\u00e9l. : 06 27 65 91 41 &#8211; 02 51 37 58 02<br>Mail : <a href=\"mailto:delfossech@sfr.fr\">delfossech@sfr.fr<\/a><br><a href=\"http:\/\/www.rocoasso.fr\" target=\"_blank\" rel=\"noreferrer noopener\">Site Internet<\/a> &#8211; <a href=\"http:\/\/roco.forumactif.com\" target=\"_blank\" rel=\"noopener noreferrer\">Forum<\/a> &#8211; <a href=\"https:\/\/www.ornithologies.fr\/blog\/lunion-ornithologique-de-france\/les-regions\/region-1-roco\/\">Clubs<\/a><br>D\u00c9PARTEMENTS : 17-37-49-53-72-79-85-86<\/p>\n\n\n\n<hr class=\"wp-block-separator has-alpha-channel-opacity is-style-default\"\/>\n\n\n\n<div class=\"wp-block-columns is-layout-flex wp-container-core-columns-is-layout-28f84493 wp-block-columns-is-layout-flex\">\n<div class=\"wp-block-column is-layout-flow wp-block-column-is-layout-flow\" style=\"flex-basis:66%\">\n<figure class=\"wp-block-image alignleft size-full\"><img loading=\"lazy\" decoding=\"async\" width=\"100\" height=\"128\" src=\"https:\/\/www.ornithologies.fr\/blog\/wp-content\/uploads\/r02.png\" alt=\"\" class=\"wp-image-417\"\/><\/figure>\n\n\n\n<h2 class=\"wp-block-heading alignwide\">R02 &#8211; R\u00c9GION ORNITHOLOGIQUE EST FRANCE<\/h2>\n\n\n\n<h3 class=\"wp-block-heading\">Pr\u00e9sident : M. Fran\u00e7ois GERARDIN<\/h3>\n\n\n\n<p>22 route du Rhien<br>70250 RONCHAMP<br>T\u00e9l. : 06 74 74 88 92<br>Mail : <a href=\"mailto:francois.gerardin@wanadoo.fr\">francois.gerardin@wanadoo.fr<\/a><br><a href=\"http:\/\/www.r02roef.fr\" target=\"_blank\" rel=\"noreferrer noopener\">Site Internet<\/a> &#8211; <a href=\"https:\/\/www.ornithologies.fr\/blog\/lunion-ornithologique-de-france\/les-regions\/region-2-roef\/\">Clubs<\/a><br>D\u00c9PARTEMENTS : 25-67-68-70-88-90<\/p>\n<\/div>\n\n\n\n<div class=\"wp-block-column is-layout-flow wp-block-column-is-layout-flow\" style=\"flex-basis:34%\">\n<h5 class=\"wp-block-heading alignwide\">Derni\u00e8res infos :<\/h5>\n\n\n<div class=\"feedzy-cf745e4269d8f7a78688d17b69b7119f feedzy-rss-1\"><ul><li  class=\"rss_item\"><div class=\"rss_image\" style=\"height:75px;width:75px;\"><a href=\"https:\/\/www.r02roef.fr\/un-nouveau-tresorier-pour-la-region-2\/\" target=\"_blank\" rel=\" noopener\" title=\"Un nouveau tr\u00e9sorier pour la R\u00e9gion 2\" style=\"height:75px;width:75px;\"><img decoding=\"async\" src=\"https:\/\/www.r02roef.fr\/wp-content\/uploads\/CA-ROEF-2025-150x113.jpg\" title=\"Un nouveau tr\u00e9sorier pour la R\u00e9gion 2\" style=\"height:75px;width:75px;\"><\/a><\/div><span class=\"title\"><a href=\"https:\/\/www.r02roef.fr\/un-nouveau-tresorier-pour-la-region-2\/\" target=\"_blank\" rel=\" noopener\">Un nouveau tr\u00e9sorier pour la R\u00e9gion 2<\/a><\/span><div class=\"rss_content\" style=\"\"><p>Les pr\u00e9sidents des clubs se sont retrouv\u00e9s \u00e0 Duppigheim, si\u00e8ge du C.O.S. [&hellip;]<\/div><\/li><li  class=\"rss_item\"><div class=\"rss_image\" style=\"height:75px;width:75px;\"><a href=\"https:\/\/www.r02roef.fr\/assemblee-generale-de-la-region-ornithologique-2023\/\" target=\"_blank\" rel=\" noopener\" title=\"Assembl\u00e9e G\u00e9n\u00e9rale de la r\u00e9gion Ornithologique 2023\" style=\"height:75px;width:75px;\"><img decoding=\"async\" src=\"https:\/\/www.r02roef.fr\/wp-content\/uploads\/AG2023-1-150x113.jpg\" title=\"Assembl\u00e9e G\u00e9n\u00e9rale de la r\u00e9gion Ornithologique 2023\" style=\"height:75px;width:75px;\"><\/a><\/div><span class=\"title\"><a href=\"https:\/\/www.r02roef.fr\/assemblee-generale-de-la-region-ornithologique-2023\/\" target=\"_blank\" rel=\" noopener\">Assembl\u00e9e G\u00e9n\u00e9rale de la r\u00e9gion Ornithologique 2023<\/a><\/span><div class=\"rss_content\" style=\"\"><p>Les pr\u00e9sidents des clubs de la ROEF se sont retrouv\u00e9s \u00e0 Oberhoffen sur Moder [&hellip;]<\/div><\/li><\/ul> <\/div><style type=\"text\/css\" media=\"all\">.feedzy-rss-1 .rss_item .rss_image{float:left;position:relative;border:none;text-decoration:none;max-width:100%}.feedzy-rss-1 .rss_item .rss_image span{display:inline-block;position:absolute;width:100%;height:100%;background-position:50%;background-size:cover}.feedzy-rss-1 .rss_item .rss_image{margin:.3em 1em 0 0;content-visibility:auto}.feedzy-rss-1 ul{list-style:none}.feedzy-rss-1 ul li{display:inline-block}<\/style><\/div>\n<\/div>\n\n\n\n<hr class=\"wp-block-separator has-alpha-channel-opacity is-style-default\"\/>\n\n\n\n<figure class=\"wp-block-image alignleft size-full\"><img loading=\"lazy\" decoding=\"async\" width=\"100\" height=\"78\" src=\"https:\/\/www.ornithologies.fr\/blog\/wp-content\/uploads\/r03.png\" alt=\"\" class=\"wp-image-6059\"\/><\/figure>\n\n\n\n<h2 class=\"wp-block-heading\">R03 &#8211; R\u00c9GION ORNITHOLOGIQUE DE NORMANDIE<\/h2>\n\n\n\n<h3 class=\"wp-block-heading\">Pr\u00e9sident : M. Martial LEROY<\/h3>\n\n\n\n<p>3 Impasse Roland Affagard<br>R\u00e9sidence les Embruns<br>76930 OCTEVILLE SUR MER<br>T\u00e9l. : 06 23 56 39 83<br>Mail : <a href=\"mailto:martialleroy6644@gmail.com\">martialleroy6644@gmail.com<\/a><br><a href=\"https:\/\/www.ornithologies.fr\/blog\/lunion-ornithologique-de-france\/les-regions\/region-3-ron\/\">Clubs<\/a><br>D\u00c9PARTEMENTS : 14-27-50-61-76<\/p>\n\n\n\n<hr class=\"wp-block-separator has-alpha-channel-opacity is-style-default\"\/>\n\n\n\n<figure class=\"wp-block-image alignleft size-full\"><img loading=\"lazy\" decoding=\"async\" width=\"100\" height=\"96\" src=\"https:\/\/www.ornithologies.fr\/blog\/wp-content\/uploads\/r04.png\" alt=\"\" class=\"wp-image-48\"\/><\/figure>\n\n\n\n<h2 class=\"wp-block-heading\">R04 &#8211; R\u00c9GION ORNITHOLOGIQUE DU SUD-OUEST<\/h2>\n\n\n\n<h3 class=\"wp-block-heading\">Pr\u00e9sident : M. Alain VALLADE<\/h3>\n\n\n\n<p>Le Gueyrot n\u00b010<br>33330 ST LAURENT DES COMBES<br>T\u00e9l. : 05 57 74 41 74 \/ 06 20 82 22 51<br>Mail : <a href=\"mailto:avallade@sfr.fr\">avallade@sfr.fr<br><\/a><a href=\"https:\/\/www.ornithologies.fr\/blog\/lunion-ornithologique-de-france\/les-regions\/region-4-roso\/\">Clubs<\/a><br>D\u00c9PARTEMENTS : 09-11-12-24-31-32-33-40-46-47-64-65-66-81-82<\/p>\n\n\n\n<hr class=\"wp-block-separator has-alpha-channel-opacity is-style-default\"\/>\n\n\n\n<figure class=\"wp-block-image alignleft size-full\"><img loading=\"lazy\" decoding=\"async\" width=\"100\" height=\"117\" src=\"https:\/\/www.ornithologies.fr\/blog\/wp-content\/uploads\/r05.png\" alt=\"\" class=\"wp-image-4774\"\/><\/figure>\n\n\n\n<h2 class=\"wp-block-heading\">R05 &#8211; GROUPEMENT R\u00c9GIONAL ORNITHOLOGIQUE CENTRE-EST<\/h2>\n\n\n\n<div class=\"wp-block-columns is-layout-flex wp-container-core-columns-is-layout-28f84493 wp-block-columns-is-layout-flex\">\n<div class=\"wp-block-column is-layout-flow wp-block-column-is-layout-flow\">\n<h3 class=\"wp-block-heading\">Co-Pr\u00e9sident : M. Jean-Louis ROBERT<\/h3>\n\n\n\n<p>9 rue des vignes<br>43770 CHADRAC<br>T\u00e9l. : 04 71 05 52 64 \/ 06 74 89 83 09<br>Mail : <a href=\"mailto:jean-louis-etienne.robert@wanadoo.fr\">jean-louis-etienne.robert@wanadoo.fr<\/a><br><a href=\"https:\/\/www.ornithologies.fr\/blog\/lunion-ornithologique-de-france\/les-regions\/region-5-groce\/\">Clubs<\/a><\/p>\n<\/div>\n\n\n\n<div class=\"wp-block-column is-layout-flow wp-block-column-is-layout-flow\">\n<h3 class=\"wp-block-heading\">Co-Pr\u00e9sident : M. G\u00e9rard CHAUCHEFOIN<\/h3>\n\n\n\n<p>5 rue de la Plati\u00e8re<br>39100 CRISSEY<br>T\u00e9l. : 03 84 82 23 49<br>Mail : <a href=\"mailto:gerard.chauchefoin@gmail.com\">gerard.chauchefoin@gmail.com<\/a><br>D\u00c9PARTEMENTS : 01-21-25-38-39-42-69-71-73-74<\/p>\n<\/div>\n<\/div>\n\n\n\n<hr class=\"wp-block-separator has-alpha-channel-opacity is-style-default\"\/>\n\n\n\n<figure class=\"wp-block-image alignleft size-full\"><img loading=\"lazy\" decoding=\"async\" width=\"120\" height=\"120\" src=\"https:\/\/www.ornithologies.fr\/blog\/wp-content\/uploads\/R06.jpg\" alt=\"\" class=\"wp-image-3322\"\/><\/figure>\n\n\n\n<h2 class=\"wp-block-heading\">R06 &#8211; R\u00c9GION ORNITHOLOGIQUE BRETAGNE<\/h2>\n\n\n\n<h3 class=\"wp-block-heading\">Pr\u00e9sident : M. Jean-Pierre LABASQUE<\/h3>\n\n\n\n<p>2 Impasse Louis Aubert<br>56520 GUIDEL<br>T\u00e9l. : 06 67 02 66 83<br>Mail : <a href=\"mailto:jeanpierre.labasque@sfr.fr\">jeanpierre.labasque@sfr.fr<\/a><br><a href=\"https:\/\/www.rob.asso.fr\" target=\"_blank\" rel=\"noreferrer noopener\">Site Internet<\/a> &#8211; <a href=\"https:\/\/www.ornithologies.fr\/blog\/lunion-ornithologique-de-france\/les-regions\/region-6-rob\/\">Clubs<\/a><br>D\u00c9PARTEMENTS : 22-29-35-44-56<\/p>\n\n\n\n<hr class=\"wp-block-separator has-alpha-channel-opacity is-style-default\"\/>\n\n\n\n<figure class=\"wp-block-image alignleft size-full\"><img loading=\"lazy\" decoding=\"async\" width=\"100\" height=\"69\" src=\"https:\/\/www.ornithologies.fr\/blog\/wp-content\/uploads\/r07.png\" alt=\"\" class=\"wp-image-88\"\/><\/figure>\n\n\n\n<h2 class=\"wp-block-heading alignwide\">R07 &#8211; R\u00c9GION ORNITHOLOGIQUE LORRAINE, ARDENNE, CHAMPAGNE<\/h2>\n\n\n\n<h3 class=\"wp-block-heading\">Pr\u00e9sident : M. Pascal DAHLEM<\/h3>\n\n\n\n<p>67 Avenue Poincar\u00e9<br>57540 PETITE ROSSELLE<br>T\u00e9l. : 06 23 60 51 37<br>Mail : <a href=\"mailto:pdahlem@orange.fr\">pdahlem@orange.fr<\/a><br><a href=\"https:\/\/www.facebook.com\/ROLAC.Ornithologie\/\">Facebook<\/a> &#8211; <a href=\"https:\/\/www.ornithologies.fr\/blog\/lunion-ornithologique-de-france\/les-regions\/region-7-rolac\/\">Clubs<\/a><br>D\u00c9PARTEMENTS : 08-10-51-52-54-55-57-88<\/p>\n\n\n\n<hr class=\"wp-block-separator has-alpha-channel-opacity is-style-default\"\/>\n\n\n\n<div class=\"wp-block-columns is-layout-flex wp-container-core-columns-is-layout-28f84493 wp-block-columns-is-layout-flex\">\n<div class=\"wp-block-column is-layout-flow wp-block-column-is-layout-flow\" style=\"flex-basis:66%\">\n<figure class=\"wp-block-image alignleft size-full\"><img loading=\"lazy\" decoding=\"async\" width=\"100\" height=\"117\" src=\"https:\/\/www.ornithologies.fr\/blog\/wp-content\/uploads\/r08.png\" alt=\"\" class=\"wp-image-2643\"\/><\/figure>\n\n\n\n<h2 class=\"wp-block-heading alignwide\">R08 &#8211; R\u00c9GION ORNITHOLOGIQUE FLANDRES, ARTOIS, PICARDIE<\/h2>\n\n\n\n<h3 class=\"wp-block-heading\">Pr\u00e9sident : M. Didier LOHEZ<\/h3>\n\n\n\n<p>35 rue Jules Guesde<br>59112 ANNOEULLIN<br><span class=\"text_exposed_show\">T\u00e9l. : 06 95 29 26 43<br>Mail : <a href=\"mailto:lohez.didier85@orange.fr\">lohez.didier85@orange.fr<\/a><\/span><br><a href=\"https:\/\/www.rofap-uof.fr\" target=\"_blank\" rel=\"noopener noreferrer\">Site internet<\/a> &#8211; <a href=\"https:\/\/www.facebook.com\/profile.php?id=100015691270125\" target=\"_blank\" rel=\"noopener noreferrer\">Facebook<\/a> &#8211; <a href=\"https:\/\/www.ornithologies.fr\/blog\/lunion-ornithologique-de-france\/les-regions\/region-8-rofap\/\">Clubs<br><\/a>D\u00c9PARTEMENTS : 02-59-62<\/p>\n<\/div>\n\n\n\n<div class=\"wp-block-column is-layout-flow wp-block-column-is-layout-flow\" style=\"flex-basis:34%\">\n<h5 class=\"wp-block-heading alignwide\">Derni\u00e8res infos :<\/h5>\n\n\n<div class=\"feedzy-a505f948d00bfc62e6435636343337f3 feedzy-rss-2\"><ul><li  class=\"rss_item\"><div class=\"rss_image\" style=\"height:75px;width:75px;\"><a href=\"https:\/\/www.rofap-uof.fr\/evenement\/regional-rofap-2026-de-lornitho-club-de-calais\/\" target=\"_blank\" rel=\" noopener\" title=\"R\u00e9gional Rofap 2026 de l'Ornitho Club de Calais\" style=\"height:75px;width:75px;\"><img decoding=\"async\" src=\"https:\/\/www.ornithologies.fr\/blog\/wp-content\/uploads\/r08.png\" title=\"R\u00e9gional Rofap 2026 de l&#039;Ornitho Club de Calais\" style=\"height:75px;width:75px;\"><\/a><\/div><span class=\"title\"><a href=\"https:\/\/www.rofap-uof.fr\/evenement\/regional-rofap-2026-de-lornitho-club-de-calais\/\" target=\"_blank\" rel=\" noopener\">R\u00e9gional Rofap 2026 de l&#8217;Ornitho Club de Calais<\/a><\/span><div class=\"rss_content\" style=\"\"><p>L&#8217;Ornitho Club de Calais organise le championnat r\u00e9gional Rofap toutes [&hellip;]<\/div><\/li><li  class=\"rss_item\"><div class=\"rss_image\" style=\"height:75px;width:75px;\"><a href=\"https:\/\/www.rofap-uof.fr\/evenement\/concours-2026-des-seriniculteurs-d-hazebrouck-et-environs\/\" target=\"_blank\" rel=\" noopener\" title=\"Concours 2026 des seriniculteurs d Hazebrouck et environs\" style=\"height:75px;width:75px;\"><img decoding=\"async\" src=\"https:\/\/www.ornithologies.fr\/blog\/wp-content\/uploads\/r08.png\" title=\"Concours 2026 des seriniculteurs d Hazebrouck et environs\" style=\"height:75px;width:75px;\"><\/a><\/div><span class=\"title\"><a href=\"https:\/\/www.rofap-uof.fr\/evenement\/concours-2026-des-seriniculteurs-d-hazebrouck-et-environs\/\" target=\"_blank\" rel=\" noopener\">Concours 2026 des seriniculteurs d Hazebrouck et environs<\/a><\/span><div class=\"rss_content\" style=\"\"><p>La Soci\u00e9t\u00e9 des S\u00e9riniculteurs d&#8217;Hazebrouck et environs organise un concours [&hellip;]<\/div><\/li><\/ul> <\/div><style type=\"text\/css\" media=\"all\">.feedzy-rss-2 .rss_item .rss_image{float:left;position:relative;border:none;text-decoration:none;max-width:100%}.feedzy-rss-2 .rss_item .rss_image span{display:inline-block;position:absolute;width:100%;height:100%;background-position:50%;background-size:cover}.feedzy-rss-2 .rss_item .rss_image{margin:.3em 1em 0 0;content-visibility:auto}.feedzy-rss-2 ul{list-style:none}.feedzy-rss-2 ul li{display:inline-block}<\/style><\/div>\n<\/div>\n\n\n\n<figure class=\"wp-block-image alignleft size-full\"><img loading=\"lazy\" decoding=\"async\" width=\"100\" height=\"116\" src=\"https:\/\/www.ornithologies.fr\/blog\/wp-content\/uploads\/r09.jpg\" alt=\"\" class=\"wp-image-111\"\/><\/figure>\n\n\n\n<h2 class=\"wp-block-heading\">R09 &#8211; R\u00c9GION ORNITHOLOGIQUE CENTRE SUD<\/h2>\n\n\n\n<h3 class=\"wp-block-heading\">Pr\u00e9sident : M. Gilbert MEYNADIER<\/h3>\n\n\n\n<p>13 rue des Fayards<br>63122 CEYRAT<br>T\u00e9l. : 04 73 61 41 95 \/ 06 77 56 80 89<br>Mail : <a href=\"mailto:gilbert.meynadier@gmail.com\"><span class=\"_5yl5\">gilbert.meynadier@gmail.com<\/span><\/a><br><a href=\"https:\/\/www.ornithologies.fr\/blog\/lunion-ornithologique-de-france\/les-regions\/region-9-rocs\/\">Clubs<br><\/a>D\u00c9PARTEMENTS : 15-16-19-23-46-63-87<\/p>\n\n\n\n<hr class=\"wp-block-separator has-alpha-channel-opacity is-style-default\"\/>\n\n\n\n<figure class=\"wp-block-image alignleft size-full\"><img loading=\"lazy\" decoding=\"async\" width=\"100\" height=\"83\" src=\"https:\/\/www.ornithologies.fr\/blog\/wp-content\/uploads\/r10.png\" alt=\"\" class=\"wp-image-779\"\/><\/figure>\n\n\n\n<h2 class=\"wp-block-heading\">R10 &#8211; UNION R\u00c9GIONALE ORNITHOLOGIQUE PICARDIE, VAL D&#8217;OISE, NORMANDIE<\/h2>\n\n\n\n<h3 class=\"wp-block-heading\">Pr\u00e9sident : M. Serge LE LIGEOUR<\/h3>\n\n\n\n<p>3 rue Charles Dufour<br>80640 HORNOY le BOURG<br>T\u00e9l. : 06 59 90 15 71<br>Mail : <a href=\"mailto:serge.le.ligeour@orange.fr\">serge.le.ligeour@orange.fr<\/a><br><a href=\"https:\/\/www.ornithologies.fr\/blog\/lunion-ornithologique-de-france\/les-regions\/region-10-uopvon\/\">Clubs<\/a><\/p>\n\n\n\n<hr class=\"wp-block-separator has-alpha-channel-opacity is-style-default\"\/>\n\n\n\n<figure class=\"wp-block-image alignleft size-full\"><img loading=\"lazy\" decoding=\"async\" width=\"100\" height=\"51\" src=\"https:\/\/www.ornithologies.fr\/blog\/wp-content\/uploads\/r11.png\" alt=\"\" class=\"wp-image-4748\"\/><\/figure>\n\n\n\n<h2 class=\"wp-block-heading\">R11 &#8211; UNION ORNITHOLOGIQUE R\u00c9GIONALE DE L&#8217;ILE DE FRANCE<\/h2>\n\n\n\n<h3 class=\"wp-block-heading\">Pr\u00e9sident : M. Jean-Claude CROIZE<\/h3>\n\n\n\n<p>118 chemin du Coulant<br>77190 DAMMARIE LES LYS<br>T\u00e9l. : 01 64 39 66 77 \/ 06 03 41 16 20<br>Mail : <a href=\"mailto:aosm@orange.fr\">aosm@orange.fr<\/a><br><a href=\"https:\/\/www.ornithologies.fr\/blog\/lunion-ornithologique-de-france\/les-regions\/region-11-uorif\/\">Clubs<\/a><br>D\u00c9PARTEMENTS : 75-77-78-91-92-93-94<\/p>\n\n\n\n<hr class=\"wp-block-separator has-alpha-channel-opacity is-style-default\"\/>\n\n\n\n<figure class=\"wp-block-image alignleft size-full\"><img loading=\"lazy\" decoding=\"async\" width=\"100\" height=\"100\" src=\"https:\/\/www.ornithologies.fr\/blog\/wp-content\/uploads\/R12.png\" alt=\"\" class=\"wp-image-3364\"\/><\/figure>\n\n\n\n<h2 class=\"wp-block-heading\">R12 &#8211; R\u00c9GION ORNITHOLOGIQUE DU CENTRE<\/h2>\n\n\n\n<h3 class=\"wp-block-heading\">Pr\u00e9sidente : Mme Brigitte MARDON<\/h3>\n\n\n\n<p>3 rue des Jardins<br>36120 ARDENTES<br>T\u00e9l. : 02 54 36 34 85 \u2013 06 79 88 66 73<br>Mail : <a href=\"mailto:christian.mardon@orange.fr\">christian.mardon@orange.fr<\/a><br><a href=\"https:\/\/www.ornithologies.fr\/blog\/lunion-ornithologique-de-france\/les-regions\/region-12-roc\/\">Clubs<\/a><br>D\u00c9PARTEMENTS : 03-18-28-36-41-45-58-89<\/p>\n\n\n\n<hr class=\"wp-block-separator has-alpha-channel-opacity is-style-default\"\/>\n\n\n\n<div class=\"wp-block-columns is-layout-flex wp-container-core-columns-is-layout-28f84493 wp-block-columns-is-layout-flex\">\n<div class=\"wp-block-column is-layout-flow wp-block-column-is-layout-flow\" style=\"flex-basis:66%\">\n<figure class=\"wp-block-image alignleft size-full\"><img loading=\"lazy\" decoding=\"async\" width=\"100\" height=\"100\" src=\"https:\/\/www.ornithologies.fr\/blog\/wp-content\/uploads\/logorose.png\" alt=\"\" class=\"wp-image-128\"\/><\/figure>\n\n\n\n<h2 class=\"wp-block-heading alignwide\">R13 &#8211; R\u00c9GION ORNITHOLOGIQUE DU SUD-EST<\/h2>\n\n\n\n<h3 class=\"wp-block-heading\">Pr\u00e9sident : M. David VETTESE<\/h3>\n\n\n\n<p>101 rue des Lys<br>83390 PUGET VILLE<br>T\u00e9l. : 06 95 08 46 08<br>Mail : <a href=\"mailto:vedavid83@gmail.com\">vedavid83@gmail.com<\/a><br><a href=\"https:\/\/www.r13rose.fr\" target=\"_blank\" rel=\"noreferrer noopener\">Site internet<\/a> &#8211; <a href=\"https:\/\/www.facebook.com\/groups\/1438848943041355\" target=\"_blank\" rel=\"noreferrer noopener\">Facebook<\/a> &#8211; <a href=\"https:\/\/www.ornithologies.fr\/blog\/lunion-ornithologique-de-france\/les-regions\/region-13-rose\/\">Clubs<\/a><br>D\u00c9PARTEMENTS : 04-05-06-07-13-20-26-30-34-66-83-84<\/p>\n<\/div>\n\n\n\n<div class=\"wp-block-column is-layout-flow wp-block-column-is-layout-flow\" style=\"flex-basis:34%\">\n<h5 class=\"wp-block-heading alignwide\">Derni\u00e8res infos :<\/h5>\n\n\n<div class=\"feedzy-2afe53c9abaa61755d0105b2d58050cb feedzy-rss-3\"><ul><li  class=\"rss_item\"><div class=\"rss_image\" style=\"height:75px;width:75px;\"><a href=\"https:\/\/www.r13rose.fr\/expo-boursechusclan-2026-14-et-15-fevrier\/\" target=\"_blank\" rel=\" noopener\" title=\"EXPO-BOURSE CHUSCLAN 2026 14 ET 15 FEVRIER\" style=\"height:75px;width:75px;\"><img decoding=\"async\" src=\"https:\/\/www.r13rose.fr\/wp-content\/uploads\/2026afficheChusclanweb-106x150.jpg\" title=\"EXPO-BOURSE CHUSCLAN 2026 14 ET 15 FEVRIER\" style=\"height:75px;width:75px;\"><\/a><\/div><span class=\"title\"><a href=\"https:\/\/www.r13rose.fr\/expo-boursechusclan-2026-14-et-15-fevrier\/\" target=\"_blank\" rel=\" noopener\">EXPO-BOURSE CHUSCLAN 2026 14 ET 15 FEVRIER<\/a><\/span><div class=\"rss_content\" style=\"\"><\/div><\/li><li  class=\"rss_item\"><div class=\"rss_image\" style=\"height:75px;width:75px;\"><a href=\"https:\/\/www.r13rose.fr\/1er-championnat-de-la-r-o-s-e-inter-federations\/\" target=\"_blank\" rel=\" noopener\" title=\"1er Championnat de la R.O.S.E inter f\u00e9d\u00e9rations\" style=\"height:75px;width:75px;\"><img decoding=\"async\" src=\"https:\/\/www.r13rose.fr\/wp-content\/uploads\/2025-affiche1-regional-106x150.jpg\" title=\"1er Championnat de la R.O.S.E inter f\u00e9d\u00e9rations\" style=\"height:75px;width:75px;\"><\/a><\/div><span class=\"title\"><a href=\"https:\/\/www.r13rose.fr\/1er-championnat-de-la-r-o-s-e-inter-federations\/\" target=\"_blank\" rel=\" noopener\">1er Championnat de la R.O.S.E inter f\u00e9d\u00e9rations<\/a><\/span><div class=\"rss_content\" style=\"\"><p>La R\u00e9gion Ornithologique du Sud-Est et L\u2019Oiseau Club Palavas H\u00e9rault vous [&hellip;]<\/div><\/li><\/ul> <\/div><style type=\"text\/css\" media=\"all\">.feedzy-rss-3 .rss_item .rss_image{float:left;position:relative;border:none;text-decoration:none;max-width:100%}.feedzy-rss-3 .rss_item .rss_image span{display:inline-block;position:absolute;width:100%;height:100%;background-position:50%;background-size:cover}.feedzy-rss-3 .rss_item .rss_image{margin:.3em 1em 0 0;content-visibility:auto}.feedzy-rss-3 ul{list-style:none}.feedzy-rss-3 ul li{display:inline-block}<\/style><\/div>\n<\/div>\n\n\n\n<hr class=\"wp-block-separator has-alpha-channel-opacity is-style-default\"\/>\n\n\n\n<figure class=\"wp-block-image alignleft size-full\"><img loading=\"lazy\" decoding=\"async\" width=\"100\" height=\"100\" src=\"https:\/\/www.ornithologies.fr\/blog\/wp-content\/uploads\/nologo.png\" alt=\"\" class=\"wp-image-26\"\/><\/figure>\n\n\n\n<h2 class=\"wp-block-heading\">R14 &#8211; R\u00c9GION ORNITHOLOGIQUE R\u00c9UNION<\/h2>\n\n\n\n<h3 class=\"wp-block-heading\">Pr\u00e9sident : M. Jean-Yves LERICHE<\/h3>\n\n\n\n<p>17bis chemin de la Petite Chaloupe<br>CD 41<br>97419&nbsp;LA POSSESSION<br>T\u00e9l. : 06 92 65 91 12<br>Mail : <a href=\"mailto:christiancourtois@yahoo.fr\">christiancourtois@yahoo.fr<\/a><br><a href=\"https:\/\/www.ornithologies.fr\/blog\/lunion-ornithologique-de-france\/les-regions\/region-14-ror\/\">Clubs<\/a><\/p>\n\n\n\n<hr class=\"wp-block-separator has-alpha-channel-opacity is-style-wide\"\/>\n\n\n\n<h6 class=\"wp-block-heading has-text-align-center\">derni\u00e8re mise \u00e0 jour 30 mars 2026<\/h6>\n\n\n\n<hr class=\"wp-block-separator has-alpha-channel-opacity is-style-wide\"\/>\n\n\n<div class=\"bc_random_banner\" data-id=\"64\" data-url=\"https:\/\/www.ornithologies.fr\/blog\/wp-admin\/admin-ajax.php?action=bc_rb_ads_click&#038;nonce=b89d6689dd\"><a target=\"_blank\" href=\"https:\/\/www.ornithologies.fr\/boutique\/librairie\/311-vues-de-studio-national-d-agen-2024.html\" title=\"Pub-Vues-de-Studio-Agen-2024\"><img decoding=\"async\"  src=\"https:\/\/www.ornithologies.fr\/blog\/wp-content\/uploads\/Pub-Vues-de-Studio-Agen-2024.jpg?v=85659\"  title=\"Pub-Vues-de-Studio-Agen-2024\"\/><\/a><\/div>\n","protected":false},"excerpt":{"rendered":"<p>Tous les clubs de m\u00e9tropole et d&#8217;outre-mer d\u00e9pendent d&#8217;une r\u00e9gion qui les repr\u00e9sente lors des congr\u00e8s de l&#8217;Union Ornithologique de<\/p>\n","protected":false},"author":1,"featured_media":0,"parent":278,"menu_order":3,"comment_status":"closed","ping_status":"closed","template":"","meta":{"footnotes":""},"class_list":["post-527","page","type-page","status-publish","hentry"],"_links":{"self":[{"href":"https:\/\/www.ornithologies.fr\/blog\/wp-json\/wp\/v2\/pages\/527","targetHints":{"allow":["GET"]}}],"collection":[{"href":"https:\/\/www.ornithologies.fr\/blog\/wp-json\/wp\/v2\/pages"}],"about":[{"href":"https:\/\/www.ornithologies.fr\/blog\/wp-json\/wp\/v2\/types\/page"}],"author":[{"embeddable":true,"href":"https:\/\/www.ornithologies.fr\/blog\/wp-json\/wp\/v2\/users\/1"}],"replies":[{"embeddable":true,"href":"https:\/\/www.ornithologies.fr\/blog\/wp-json\/wp\/v2\/comments?post=527"}],"version-history":[{"count":67,"href":"https:\/\/www.ornithologies.fr\/blog\/wp-json\/wp\/v2\/pages\/527\/revisions"}],"predecessor-version":[{"id":6082,"href":"https:\/\/www.ornithologies.fr\/blog\/wp-json\/wp\/v2\/pages\/527\/revisions\/6082"}],"up":[{"embeddable":true,"href":"https:\/\/www.ornithologies.fr\/blog\/wp-json\/wp\/v2\/pages\/278"}],"wp:attachment":[{"href":"https:\/\/www.ornithologies.fr\/blog\/wp-json\/wp\/v2\/media?parent=527"}],"curies":[{"name":"wp","href":"https:\/\/api.w.org\/{rel}","templated":true}]}}