{"id":437,"date":"2017-05-03T14:40:42","date_gmt":"2017-05-03T12:40:42","guid":{"rendered":"http:\/\/www.ornithologies.fr\/blog\/?page_id=437"},"modified":"2024-07-30T15:14:53","modified_gmt":"2024-07-30T13:14:53","slug":"contacter-luof","status":"publish","type":"page","link":"https:\/\/www.ornithologies.fr\/blog\/lunion-ornithologique-de-france\/contacter-luof\/","title":{"rendered":"Contacter l&#8217;UOF"},"content":{"rendered":"\n<h2 class=\"wp-block-heading\">Vous d\u00e9sirez en savoir plus ?<\/h2>\n\n\n\n<p>Remplissez ce formulaire, votre message sera envoy\u00e9 \u00e0 <a href=\"mailto:permanent@ornithologies.fr\">permanent@ornithologies.fr<\/a>. Nous vous r\u00e9pondrons dans les meilleurs d\u00e9lais.<\/p>\n\n\n\n<div class=\"wp-block-contact-form-7-contact-form-selector\">\n<div class=\"wpcf7 no-js\" id=\"wpcf7-f5506-o1\" lang=\"fr-FR\" dir=\"ltr\" data-wpcf7-id=\"5506\">\n<div class=\"screen-reader-response\"><p role=\"status\" aria-live=\"polite\" aria-atomic=\"true\"><\/p> <ul><\/ul><\/div>\n<form action=\"\/blog\/wp-json\/wp\/v2\/pages\/437#wpcf7-f5506-o1\" method=\"post\" class=\"wpcf7-form init\" aria-label=\"Formulaire de contact\" novalidate=\"novalidate\" data-status=\"init\">\n<fieldset class=\"hidden-fields-container\"><input type=\"hidden\" name=\"_wpcf7\" value=\"5506\" \/><input type=\"hidden\" name=\"_wpcf7_version\" value=\"6.1.5\" \/><input type=\"hidden\" name=\"_wpcf7_locale\" value=\"fr_FR\" \/><input type=\"hidden\" name=\"_wpcf7_unit_tag\" value=\"wpcf7-f5506-o1\" \/><input type=\"hidden\" name=\"_wpcf7_container_post\" value=\"0\" \/><input type=\"hidden\" name=\"_wpcf7_posted_data_hash\" value=\"\" \/>\n<\/fieldset>\n<p><label> Sujet*<br \/>\n<span class=\"wpcf7-form-control-wrap\" data-name=\"your-subject\"><select class=\"wpcf7-form-control wpcf7-select wpcf7-validates-as-required\" aria-required=\"true\" aria-invalid=\"false\" name=\"your-subject\"><option value=\"\">&#8212;Veuillez choisir une option&#8212;<\/option><option value=\"R\u00e9glementation\">R\u00e9glementation<\/option><option value=\"Conseil-Suggestion\">Conseil-Suggestion<\/option><option value=\"Oiseau trouv\u00e9\">Oiseau trouv\u00e9<\/option><option value=\"Autre\">Autre<\/option><\/select><\/span> <\/label>\n<\/p>\n<p><span class=\"wpcf7-form-control-wrap\" data-name=\"Genre\"><span class=\"wpcf7-form-control wpcf7-checkbox wpcf7-validates-as-required wpcf7-exclusive-checkbox\"><span class=\"wpcf7-list-item first\"><input type=\"checkbox\" name=\"Genre\" value=\"M.\" \/><span class=\"wpcf7-list-item-label\">M.<\/span><\/span><span class=\"wpcf7-list-item\"><input type=\"checkbox\" name=\"Genre\" value=\"Mme\" \/><span class=\"wpcf7-list-item-label\">Mme<\/span><\/span><span class=\"wpcf7-list-item last\"><input type=\"checkbox\" name=\"Genre\" value=\"Mlle\" \/><span class=\"wpcf7-list-item-label\">Mlle<\/span><\/span><\/span><\/span>\n<\/p>\n<p><label> Votre nom*<br \/>\n<span class=\"wpcf7-form-control-wrap\" data-name=\"your-name\"><input size=\"40\" maxlength=\"400\" class=\"wpcf7-form-control wpcf7-text wpcf7-validates-as-required\" autocomplete=\"name\" aria-required=\"true\" aria-invalid=\"false\" value=\"\" type=\"text\" name=\"your-name\" \/><\/span> <\/label>\n<\/p>\n<p><label> Votre pr\u00e9nom*<br \/>\n<span class=\"wpcf7-form-control-wrap\" data-name=\"your-surname\"><input size=\"40\" maxlength=\"400\" class=\"wpcf7-form-control wpcf7-text wpcf7-validates-as-required\" aria-required=\"true\" aria-invalid=\"false\" value=\"\" type=\"text\" name=\"your-surname\" \/><\/span> <\/label>\n<\/p>\n<p><label> Votre t\u00e9l\u00e9phone*<br \/>\n<span class=\"wpcf7-form-control-wrap\" data-name=\"Telephone\"><input size=\"40\" maxlength=\"400\" class=\"wpcf7-form-control wpcf7-tel wpcf7-validates-as-required wpcf7-text wpcf7-validates-as-tel\" aria-required=\"true\" aria-invalid=\"false\" value=\"\" type=\"tel\" name=\"Telephone\" \/><\/span> <\/label>\n<\/p>\n<p><label>Votre D\u00e9partement : <span class=\"wpcf7-form-control-wrap\" data-name=\"departement\"><select class=\"wpcf7-form-control wpcf7-select\" aria-invalid=\"false\" name=\"departement\"><option value=\"\">&#8212;Veuillez choisir une option&#8212;<\/option><option value=\"01 - Ain\">01 - Ain<\/option><option value=\"02 - Aisne\">02 - Aisne<\/option><option value=\"03 - Allier\">03 - Allier<\/option><option value=\"04 - Alpes de Haute-Provence\">04 - Alpes de Haute-Provence<\/option><option value=\"05 - Hautes-Alpes\">05 - Hautes-Alpes<\/option><option value=\"06 - Alpes-Maritimes\">06 - Alpes-Maritimes<\/option><option value=\"07 - Ard\u00e8che\">07 - Ard\u00e8che<\/option><option value=\"08 - Ardennes\">08 - Ardennes<\/option><option value=\"09 - Ari\u00e8ge\">09 - Ari\u00e8ge<\/option><option value=\"10 - Aube\">10 - Aube<\/option><option value=\"11 - Aude\">11 - Aude<\/option><option value=\"12 - Aveyron\">12 - Aveyron<\/option><option value=\"13 - Bouches-du-Rh\u00f4ne\">13 - Bouches-du-Rh\u00f4ne<\/option><option value=\"14 - Calvados\">14 - Calvados<\/option><option value=\"15 - Cantal\">15 - Cantal<\/option><option value=\"16 - Charente\">16 - Charente<\/option><option value=\"17 - Charente-Maritime\">17 - Charente-Maritime<\/option><option value=\"18 - Cher\">18 - Cher<\/option><option value=\"19 - Corr\u00e8ze\">19 - Corr\u00e8ze<\/option><option value=\"20 - Corse\">20 - Corse<\/option><option value=\"21 - C\u00f4te-d&#039;Or\">21 - C\u00f4te-d&#039;Or<\/option><option value=\"22 - C\u00f4tes d&#039;Armor\">22 - C\u00f4tes d&#039;Armor<\/option><option value=\"23 - Creuse\">23 - Creuse<\/option><option value=\"24 - Dordogne\">24 - Dordogne<\/option><option value=\"25 - Doubs\">25 - Doubs<\/option><option value=\"26 - Dr\u00f4me\">26 - Dr\u00f4me<\/option><option value=\"27 - Eure\">27 - Eure<\/option><option value=\"28 - Eure-et-Loir\">28 - Eure-et-Loir<\/option><option value=\"29 - Finist\u00e8re\">29 - Finist\u00e8re<\/option><option value=\"30 - Gard\">30 - Gard<\/option><option value=\"31 - Haute-Garonne\">31 - Haute-Garonne<\/option><option value=\"32 - Gers\">32 - Gers<\/option><option value=\"33 - Gironde\">33 - Gironde<\/option><option value=\"34 - H\u00e9rault\">34 - H\u00e9rault<\/option><option value=\"35 - Ille-et-Vilaine\">35 - Ille-et-Vilaine<\/option><option value=\"36 - Indre\">36 - Indre<\/option><option value=\"37 - Indre-et-Loire\">37 - Indre-et-Loire<\/option><option value=\"38 - Is\u00e8re\">38 - Is\u00e8re<\/option><option value=\"39 - Jura\">39 - Jura<\/option><option value=\"40 - Landes\">40 - Landes<\/option><option value=\"41 - Loir-et-Cher\">41 - Loir-et-Cher<\/option><option value=\"42 - Loire\">42 - Loire<\/option><option value=\"43 - Haute-Loire\">43 - Haute-Loire<\/option><option value=\"44 - Loire-Atlantique\">44 - Loire-Atlantique<\/option><option value=\"45 - Loiret\">45 - Loiret<\/option><option value=\"46 - Lot\">46 - Lot<\/option><option value=\"47 - Lot-et-Garonne\">47 - Lot-et-Garonne<\/option><option value=\"48 - Loz\u00e8re\">48 - Loz\u00e8re<\/option><option value=\"49 - Maine-et-Loire\">49 - Maine-et-Loire<\/option><option value=\"50 - Manche\">50 - Manche<\/option><option value=\"51 - Marne\">51 - Marne<\/option><option value=\"52 - Haute-Marne\">52 - Haute-Marne<\/option><option value=\"53 - Mayenne\">53 - Mayenne<\/option><option value=\"54 - Meurthe-et-Moselle\">54 - Meurthe-et-Moselle<\/option><option value=\"55 - Meuse\">55 - Meuse<\/option><option value=\"56 - Morbihan\">56 - Morbihan<\/option><option value=\"57 - Moselle\">57 - Moselle<\/option><option value=\"58 - Ni\u00e8vre\">58 - Ni\u00e8vre<\/option><option value=\"59 - Nord\">59 - Nord<\/option><option value=\"60 - Oise\">60 - Oise<\/option><option value=\"61 - Orne\">61 - Orne<\/option><option value=\"62 - Pas-de-Calais\">62 - Pas-de-Calais<\/option><option value=\"63 - Puy-de-D\u00f4me\">63 - Puy-de-D\u00f4me<\/option><option value=\"64 - Pyr\u00e9n\u00e9es-Atlantiques\">64 - Pyr\u00e9n\u00e9es-Atlantiques<\/option><option value=\"65 - Hautes-Pyr\u00e9n\u00e9es\">65 - Hautes-Pyr\u00e9n\u00e9es<\/option><option value=\"66 - Pyr\u00e9n\u00e9es-Orientales\">66 - Pyr\u00e9n\u00e9es-Orientales<\/option><option value=\"67 - Bas-Rhin\">67 - Bas-Rhin<\/option><option value=\"68 - Haut-Rhin\">68 - Haut-Rhin<\/option><option value=\"69 - Rh\u00f4ne\">69 - Rh\u00f4ne<\/option><option value=\"70 - Haute-Sa\u00f4ne\">70 - Haute-Sa\u00f4ne<\/option><option value=\"71 - Sa\u00f4ne-et-Loire\">71 - Sa\u00f4ne-et-Loire<\/option><option value=\"72 - Sarthe\">72 - Sarthe<\/option><option value=\"73 - Savoie\">73 - Savoie<\/option><option value=\"74 - Haute-Savoie\">74 - Haute-Savoie<\/option><option value=\"75 - Paris\">75 - Paris<\/option><option value=\"76 - Seine-Maritime\">76 - Seine-Maritime<\/option><option value=\"77 - Seine-et-Marne\">77 - Seine-et-Marne<\/option><option value=\"78 - Yvelines\">78 - Yvelines<\/option><option value=\"79 - Deux-S\u00e8vres\">79 - Deux-S\u00e8vres<\/option><option value=\"80 - Somme\">80 - Somme<\/option><option value=\"81 - Tarn\">81 - Tarn<\/option><option value=\"82 - Tarn-et-Garonne\">82 - Tarn-et-Garonne<\/option><option value=\"83 - Var\">83 - Var<\/option><option value=\"84 - Vaucluse\">84 - Vaucluse<\/option><option value=\"85 - Vend\u00e9e\">85 - Vend\u00e9e<\/option><option value=\"86 - Vienne\">86 - Vienne<\/option><option value=\"87 - Haute-Vienne\">87 - Haute-Vienne<\/option><option value=\"88 - Vosges\">88 - Vosges<\/option><option value=\"89 - Yonne\">89 - Yonne<\/option><option value=\"90 - Territoire-de-Belfort\">90 - Territoire-de-Belfort<\/option><option value=\"91 - Essonne\">91 - Essonne<\/option><option value=\"92 - Hauts-de-Seine\">92 - Hauts-de-Seine<\/option><option value=\"93 - Seine-Saint-Denis\">93 - Seine-Saint-Denis<\/option><option value=\"94 - Val-de-Marne\">94 - Val-de-Marne<\/option><option value=\"95 - Val-d&#039;Oise\">95 - Val-d&#039;Oise<\/option><option value=\"97 - DOM\/TOM\">97 - DOM\/TOM<\/option><option value=\"99 - Etranger\">99 - Etranger<\/option><\/select><\/span> <\/label><br \/>\n<em>N\u00e9cessaire pour retrouver les propri\u00e9taires d'oiseaux secourus<\/em>\n<\/p>\n<p><label> Votre e-mail*<br \/>\n<span class=\"wpcf7-form-control-wrap\" data-name=\"your-email\"><input size=\"40\" maxlength=\"400\" class=\"wpcf7-form-control wpcf7-email wpcf7-validates-as-required wpcf7-text wpcf7-validates-as-email\" autocomplete=\"email\" aria-required=\"true\" aria-invalid=\"false\" value=\"\" type=\"email\" name=\"your-email\" \/><\/span> <\/label>\n<\/p>\n<p><label> Votre message<br \/>\n<span class=\"wpcf7-form-control-wrap\" data-name=\"your-message\"><textarea cols=\"40\" rows=\"10\" maxlength=\"2000\" class=\"wpcf7-form-control wpcf7-textarea\" aria-invalid=\"false\" name=\"your-message\"><\/textarea><\/span> <\/label>\n<\/p>\n<p><span class=\"wpcf7-form-control-wrap\" data-name=\"RGPD\"><span class=\"wpcf7-form-control wpcf7-checkbox wpcf7-validates-as-required\"><span class=\"wpcf7-list-item first last\"><label><input type=\"checkbox\" name=\"RGPD[]\" value=\"En soumettant ce formulaire, j&#039;accepte que les informations saisies soient exploit\u00e9es dans le cadre de ma demande d&#039;informations et de la relation qui peut en d\u00e9couler.\" \/><span class=\"wpcf7-list-item-label\">En soumettant ce formulaire, j&#039;accepte que les informations saisies soient exploit\u00e9es dans le cadre de ma demande d&#039;informations et de la relation qui peut en d\u00e9couler.<\/span><\/label><\/span><\/span><\/span><br \/>\n<div class=\"wpcf7-turnstile cf-turnstile\" data-sitekey=\"0x4AAAAAABjOqYnxSTswQbbK\" data-response-field-name=\"_wpcf7_turnstile_response\"><\/div><br \/>\n<input class=\"wpcf7-form-control wpcf7-submit has-spinner\" type=\"submit\" value=\"Envoyer\" \/>\n<\/p><p style=\"display: none !important;\" class=\"akismet-fields-container\" data-prefix=\"_wpcf7_ak_\"><label>&#916;<textarea name=\"_wpcf7_ak_hp_textarea\" cols=\"45\" rows=\"8\" maxlength=\"100\"><\/textarea><\/label><input type=\"hidden\" id=\"ak_js_1\" name=\"_wpcf7_ak_js\" value=\"126\"\/><script>document.getElementById( \"ak_js_1\" ).setAttribute( \"value\", ( new Date() ).getTime() );<\/script><\/p><div class=\"wpcf7-response-output\" aria-hidden=\"true\"><\/div>\n<\/form>\n<\/div>\n<\/div>\n\n\n\n<h6 class=\"wp-block-heading\">Les champs marqu\u00e9s d&#8217;une ast\u00e9risque (*) sont obligatoires. Conform\u00e9ment \u00e0 l&#8217;article 34 de la loi &#8220;Informatique et Libert\u00e9s&#8221;, vous disposez d&#8217;un droit d&#8217;acc\u00e8s, de modification, de rectification et de suppression des donn\u00e9es qui vous concernent. Pour exercer ce droit d&#8217;acc\u00e8s, merci de nous \u00e9crire par voie postale ou bien par le biais de ce formulaire.<\/h6>\n\n\n\n<p>&nbsp;<\/p>\n","protected":false},"excerpt":{"rendered":"<p>Vous d\u00e9sirez en savoir plus ? Remplissez ce formulaire, votre message sera envoy\u00e9 \u00e0 permanent@ornithologies.fr. Nous vous r\u00e9pondrons dans les<\/p>\n","protected":false},"author":1,"featured_media":0,"parent":278,"menu_order":9,"comment_status":"closed","ping_status":"closed","template":"","meta":{"footnotes":""},"class_list":["post-437","page","type-page","status-publish","hentry"],"_links":{"self":[{"href":"https:\/\/www.ornithologies.fr\/blog\/wp-json\/wp\/v2\/pages\/437","targetHints":{"allow":["GET"]}}],"collection":[{"href":"https:\/\/www.ornithologies.fr\/blog\/wp-json\/wp\/v2\/pages"}],"about":[{"href":"https:\/\/www.ornithologies.fr\/blog\/wp-json\/wp\/v2\/types\/page"}],"author":[{"embeddable":true,"href":"https:\/\/www.ornithologies.fr\/blog\/wp-json\/wp\/v2\/users\/1"}],"replies":[{"embeddable":true,"href":"https:\/\/www.ornithologies.fr\/blog\/wp-json\/wp\/v2\/comments?post=437"}],"version-history":[{"count":3,"href":"https:\/\/www.ornithologies.fr\/blog\/wp-json\/wp\/v2\/pages\/437\/revisions"}],"predecessor-version":[{"id":5507,"href":"https:\/\/www.ornithologies.fr\/blog\/wp-json\/wp\/v2\/pages\/437\/revisions\/5507"}],"up":[{"embeddable":true,"href":"https:\/\/www.ornithologies.fr\/blog\/wp-json\/wp\/v2\/pages\/278"}],"wp:attachment":[{"href":"https:\/\/www.ornithologies.fr\/blog\/wp-json\/wp\/v2\/media?parent=437"}],"curies":[{"name":"wp","href":"https:\/\/api.w.org\/{rel}","templated":true}]}}