{"id":375,"date":"2017-05-02T10:08:24","date_gmt":"2017-05-02T08:08:24","guid":{"rendered":"http:\/\/www.ornithologies.fr\/blog\/?page_id=375"},"modified":"2025-05-12T13:34:22","modified_gmt":"2025-05-12T11:34:22","slug":"les-postes-referents","status":"publish","type":"page","link":"https:\/\/www.ornithologies.fr\/blog\/lunion-ornithologique-de-france\/nos-specialistes\/les-postes-referents\/","title":{"rendered":"Les Postes R\u00e9f\u00e9rents"},"content":{"rendered":"\n<h2 class=\"wp-block-heading\">Nos Repr\u00e9sentants \u00e0 la COM France<\/h2>\n\n\n\n<div class=\"wp-block-columns is-layout-flex wp-container-core-columns-is-layout-28f84493 wp-block-columns-is-layout-flex\">\n<div class=\"wp-block-column is-layout-flow wp-block-column-is-layout-flow\">\n<figure class=\"wp-block-image alignleft size-full is-resized\"><img loading=\"lazy\" decoding=\"async\" width=\"200\" height=\"182\" src=\"https:\/\/www.ornithologies.fr\/blog\/wp-content\/uploads\/com-france.png\" alt=\"\" class=\"wp-image-377\" style=\"width:119px\" srcset=\"https:\/\/www.ornithologies.fr\/blog\/wp-content\/uploads\/com-france.png 200w, https:\/\/www.ornithologies.fr\/blog\/wp-content\/uploads\/com-france-100x91.png 100w, https:\/\/www.ornithologies.fr\/blog\/wp-content\/uploads\/com-france-150x137.png 150w\" sizes=\"auto, (max-width: 200px) 100vw, 200px\" \/><\/figure>\n\n\n\n<h4 class=\"wp-block-heading\">Co-Pr\u00e9sident<\/h4>\n\n\n\n<h5 class=\"wp-block-heading\">M. Daniel HANS<\/h5>\n\n\n\n<div class=\"wp-block-buttons is-content-justification-center is-layout-flex wp-container-core-buttons-is-layout-a89b3969 wp-block-buttons-is-layout-flex\">\n<div class=\"wp-block-button\"><a class=\"wp-block-button__link wp-element-button\" href=\"https:\/\/www.ornithologies.fr\/blog\/contacter-luof\/\">Contact<\/a><\/div>\n<\/div>\n<\/div>\n\n\n\n<div class=\"wp-block-column is-layout-flow wp-block-column-is-layout-flow\" style=\"flex-basis:8px\">\n<figure class=\"wp-block-image size-full\"><img loading=\"lazy\" decoding=\"async\" width=\"8\" height=\"150\" src=\"https:\/\/www.ornithologies.fr\/blog\/wp-content\/uploads\/Frise-verticale.png\" alt=\"\" class=\"wp-image-367\"\/><\/figure>\n<\/div>\n\n\n\n<div class=\"wp-block-column is-layout-flow wp-block-column-is-layout-flow\">\n<h4 class=\"wp-block-heading\">Secr\u00e9taire<\/h4>\n\n\n\n<h5 class=\"wp-block-heading\">Mme Marie-Claire TARNUS<\/h5>\n\n\n\n<div class=\"wp-block-buttons is-content-justification-center is-layout-flex wp-container-core-buttons-is-layout-a89b3969 wp-block-buttons-is-layout-flex\">\n<div class=\"wp-block-button\"><a class=\"wp-block-button__link wp-element-button\" href=\"mailto:com.france@orange.fr\">Contact<\/a><\/div>\n<\/div>\n<\/div>\n<\/div>\n\n\n\n<hr class=\"wp-block-separator has-alpha-channel-opacity is-style-wide\"\/>\n\n\n\n<div class=\"wp-block-columns is-layout-flex wp-container-core-columns-is-layout-28f84493 wp-block-columns-is-layout-flex\">\n<div class=\"wp-block-column is-layout-flow wp-block-column-is-layout-flow\">\n<h4 class=\"wp-block-heading\">Tr\u00e9sorier<\/h4>\n\n\n\n<h5 class=\"wp-block-heading\">M. Christian LEMEE<\/h5>\n\n\n\n<div class=\"wp-block-buttons is-content-justification-center is-layout-flex wp-container-core-buttons-is-layout-a89b3969 wp-block-buttons-is-layout-flex\">\n<div class=\"wp-block-button\"><a class=\"wp-block-button__link wp-element-button\" href=\"mailto:christian.lemee@sfr.fr\">Contact<\/a><\/div>\n<\/div>\n<\/div>\n\n\n\n<div class=\"wp-block-column is-layout-flow wp-block-column-is-layout-flow\" style=\"flex-basis:8px\">\n<figure class=\"wp-block-image size-full\"><img loading=\"lazy\" decoding=\"async\" width=\"8\" height=\"150\" src=\"https:\/\/www.ornithologies.fr\/blog\/wp-content\/uploads\/Frise-verticale.png\" alt=\"\" class=\"wp-image-367\"\/><\/figure>\n<\/div>\n\n\n\n<div class=\"wp-block-column is-layout-flow wp-block-column-is-layout-flow\">\n<h4 class=\"wp-block-heading\">Convoyage<\/h4>\n\n\n\n<h5 class=\"wp-block-heading\">Mr Guy DOUMERGUE<\/h5>\n\n\n\n<div class=\"wp-block-buttons is-content-justification-center is-layout-flex wp-container-core-buttons-is-layout-a89b3969 wp-block-buttons-is-layout-flex\">\n<div class=\"wp-block-button\"><a class=\"wp-block-button__link wp-element-button\" href=\"mailto:cloetguy@wanadoo.fr\">Contact<\/a><\/div>\n<\/div>\n<\/div>\n<\/div>\n\n\n\n<hr class=\"wp-block-separator has-alpha-channel-opacity is-style-default\"\/>\n\n\n\n<figure class=\"wp-block-image alignleft size-full is-resized\"><img loading=\"lazy\" decoding=\"async\" width=\"800\" height=\"759\" src=\"https:\/\/www.ornithologies.fr\/blog\/wp-content\/uploads\/Televiseur-SCM.png\" alt=\"\" class=\"wp-image-1220\" style=\"width:201px;height:auto\" srcset=\"https:\/\/www.ornithologies.fr\/blog\/wp-content\/uploads\/Televiseur-SCM.png 800w, https:\/\/www.ornithologies.fr\/blog\/wp-content\/uploads\/Televiseur-SCM-300x285.png 300w, https:\/\/www.ornithologies.fr\/blog\/wp-content\/uploads\/Televiseur-SCM-768x729.png 768w, https:\/\/www.ornithologies.fr\/blog\/wp-content\/uploads\/Televiseur-SCM-600x569.png 600w, https:\/\/www.ornithologies.fr\/blog\/wp-content\/uploads\/Televiseur-SCM-100x95.png 100w, https:\/\/www.ornithologies.fr\/blog\/wp-content\/uploads\/Televiseur-SCM-150x142.png 150w, https:\/\/www.ornithologies.fr\/blog\/wp-content\/uploads\/Televiseur-SCM-200x190.png 200w, https:\/\/www.ornithologies.fr\/blog\/wp-content\/uploads\/Televiseur-SCM-450x427.png 450w\" sizes=\"auto, (max-width: 800px) 100vw, 800px\" \/><\/figure>\n\n\n\n<h2 class=\"wp-block-heading\">Entretien et animation du site internet &#8211; Identit\u00e9 visuelle<\/h2>\n\n\n\n<h3 class=\"wp-block-heading\">Studio Communi-Mage<\/h3>\n\n\n\n<p>235 chemin de Mourier &#8211; 07410 SAINT VICTOR<br><a href=\"https:\/\/www.communi-mage.com\" target=\"_blank\" rel=\"noreferrer noopener\">Site internet<\/a> &#8211; <a href=\"mailto:webmaster@ornithologies.fr\">Contact<\/a><\/p>\n\n\n\n<hr class=\"wp-block-separator has-alpha-channel-opacity is-style-default\"\/>\n\n\n<div class=\"bc_random_banner\" data-id=\"44\" data-url=\"https:\/\/www.ornithologies.fr\/blog\/wp-admin\/admin-ajax.php?action=bc_rb_ads_click&#038;nonce=b89d6689dd\"><a target=\"_blank\" href=\"https:\/\/www.ornithologies.fr\/blog\/lesoiseauxdumonde\/espace-annonceurs\/\" title=\"Pub-regie\"><img decoding=\"async\" style=width:905px; height:1280px src=\"https:\/\/www.ornithologies.fr\/blog\/wp-content\/uploads\/Pub-regie.jpg?v=461868\"  title=\"Pub-regie\"\/><\/a><\/div>\n\n\n\n<p><\/p>\n","protected":false},"excerpt":{"rendered":"<p>Nos Repr\u00e9sentants \u00e0 la COM France Co-Pr\u00e9sident M. Daniel HANS Secr\u00e9taire Mme Marie-Claire TARNUS Tr\u00e9sorier M. Christian LEMEE Convoyage Mr<\/p>\n","protected":false},"author":1,"featured_media":0,"parent":445,"menu_order":2,"comment_status":"closed","ping_status":"closed","template":"","meta":{"footnotes":""},"class_list":["post-375","page","type-page","status-publish","hentry"],"_links":{"self":[{"href":"https:\/\/www.ornithologies.fr\/blog\/wp-json\/wp\/v2\/pages\/375","targetHints":{"allow":["GET"]}}],"collection":[{"href":"https:\/\/www.ornithologies.fr\/blog\/wp-json\/wp\/v2\/pages"}],"about":[{"href":"https:\/\/www.ornithologies.fr\/blog\/wp-json\/wp\/v2\/types\/page"}],"author":[{"embeddable":true,"href":"https:\/\/www.ornithologies.fr\/blog\/wp-json\/wp\/v2\/users\/1"}],"replies":[{"embeddable":true,"href":"https:\/\/www.ornithologies.fr\/blog\/wp-json\/wp\/v2\/comments?post=375"}],"version-history":[{"count":6,"href":"https:\/\/www.ornithologies.fr\/blog\/wp-json\/wp\/v2\/pages\/375\/revisions"}],"predecessor-version":[{"id":5786,"href":"https:\/\/www.ornithologies.fr\/blog\/wp-json\/wp\/v2\/pages\/375\/revisions\/5786"}],"up":[{"embeddable":true,"href":"https:\/\/www.ornithologies.fr\/blog\/wp-json\/wp\/v2\/pages\/445"}],"wp:attachment":[{"href":"https:\/\/www.ornithologies.fr\/blog\/wp-json\/wp\/v2\/media?parent=375"}],"curies":[{"name":"wp","href":"https:\/\/api.w.org\/{rel}","templated":true}]}}