{"id":336,"date":"2017-04-19T15:55:00","date_gmt":"2017-04-19T13:55:00","guid":{"rendered":"http:\/\/www.ornithologies.fr\/blog\/?page_id=336"},"modified":"2024-01-09T17:50:10","modified_gmt":"2024-01-09T16:50:10","slug":"les-statuts","status":"publish","type":"page","link":"https:\/\/www.ornithologies.fr\/blog\/lunion-ornithologique-de-france\/le-bureau\/les-statuts\/","title":{"rendered":"Les Statuts"},"content":{"rendered":"\n<h2 class=\"wp-block-heading\">Article 1 &#8211; D\u00c9FINITION<\/h2>\n\n\n\n<p>Il est constitu\u00e9 par des associations r\u00e9gionales d\u00e9nomm\u00e9es &#8220;R\u00e9gions&#8221;, elles aussi form\u00e9es par des associations d\u00e9partementales ou locales dites &#8220;Soci\u00e9t\u00e9s&#8221; ou &#8220;Clubs&#8221; d&#8217;\u00e9leveurs bagueurs d&#8217;oiseaux d&#8217;\u00e9levage et de compagnie, ainsi que de protecteurs et d&#8217;amis des oiseaux, une UNION NATIONALE, et conform\u00e9ment \u00e0 la loi du 1 juillet 1901, du d\u00e9cret du 16 ao\u00fbt 1901, ainsi que de la loi du 9 avril 1908 ayant pour appellation &#8220;UNION ORNITHOLOGIQUE DE FRANCE (C.O.M. France)&#8221; d\u00e9sign\u00e9e plus commun\u00e9ment par le sigle &#8220;U.O.F. (C.O.M. France)&#8221;.<\/p>\n\n\n\n<p>Les membres des associations d\u00e9partementales ou locales sont de fait en sus de leur qualit\u00e9 d&#8217;adh\u00e9rents \u00e0 ces structures, membres de l&#8217;association r\u00e9gionale \u00e0 laquelle ils sont territorialement rattach\u00e9s ainsi que de l&#8217;U.O.F. (C.O.M. France).<\/p>\n\n\n\n<p>Ils participent \u00e0 la gestion de la R\u00e9gion au travers de leurs associations et \u00e0 celle de l&#8217;U.O.F. (C.O.M.France) selon les dispositions des articles 7 et 8 du R\u00e8glement int\u00e9rieur.<\/p>\n\n\n\n<h2 class=\"wp-block-heading\">Article 2 &#8211; SI\u00c8GE SOCIAL<\/h2>\n\n\n\n<p>Le si\u00e8ge social de l&#8217;U.O.F. (C.O.M. France) est fix\u00e9 \u00e0 l&#8217;adresse du Pr\u00e9sident National en exercice.<br>Sur simple d\u00e9cision du bureau de l&#8217;Union, le si\u00e8ge social pourra \u00eatre transf\u00e9r\u00e9 ou maintenu en un lieu qui lui semblerait plus propice, sans qu&#8217;il y ait lieu de solliciter l&#8217;autorisation d&#8217;une Assembl\u00e9e G\u00e9n\u00e9rale ou Congr\u00e8s Ordinaire ou Extraordinaire.<\/p>\n\n\n\n<h2 class=\"wp-block-heading\">Article 3 &#8211; BUTS DE L&#8217;U.O.F. (C.O.M. FRANCE)<\/h2>\n\n\n\n<h3 class=\"wp-block-heading\">L&#8217;U.O.F. (C.O.M. France) a pour but :<\/h3>\n\n\n\n<ul class=\"pucebleue wp-block-list\">\n<li>la promotion des oiseaux de compagnie, de concours et d&#8217;ornement, en montrant la valeur formatrice, sentimentale et scientifique de leur \u00e9levage,<\/li>\n\n\n\n<li>la sensibilisation de ses membres \u00e0 la protection de l&#8217;environnement, de la faune et de la flore,<\/li>\n\n\n\n<li>la reconnaissance du statut d&#8217;\u00e9leveur, de protecteur et de juge,<\/li>\n\n\n\n<li>l&#8217;animation et l&#8217;information de l&#8217;Union par tous moyens : journal, revue, circulaires, etc.,<\/li>\n\n\n\n<li>la repr\u00e9sentation de l&#8217;ensemble de ses membres, ainsi que des \u00e9leveurs et protecteurs.<\/li>\n<\/ul>\n\n\n\n<h3 class=\"wp-block-heading\">Ainsi que:<\/h3>\n\n\n\n<ol class=\"wp-block-list\">\n<li>d&#8217;\u00e9tudier, vulgariser, veiller \u00e0 l&#8217;application des standards pour les diff\u00e9rentes esp\u00e8ces d&#8217;oiseaux d&#8217;\u00e9levage<br>et de leurs vari\u00e9t\u00e9s domestiques, que ce soit sur le plan National ou Mondial, de contribuer par tous les moyens \u00e0 sa disposition, \u00e0 la poursuite de la s\u00e9lection des esp\u00e8ces et de leur protection dans tous les milieux,<\/li>\n\n\n\n<li>de veiller, contribuer, propager, promouvoir, intensifier tous moyens de protection des oiseaux en g\u00e9n\u00e9ral, en France ou dans leur milieu d&#8217;origine et d&#8217;aider sans obligation dans ce domaine, tous ceux adh\u00e9rents ou profanes qui se vouent de fa\u00e7on d\u00e9sint\u00e9ress\u00e9e \u00e0 la protection de l&#8217;oiseau,<\/li>\n\n\n\n<li>de collaborer et participer, dans la mesure de ses moyens, sur le plan R\u00e9gional ou National, \u00e0 toutes les campagnes ou manifestations d&#8217;organismes officiels ou scientifiques que ces derniers pourraient engager pour la sauvegarde de l&#8217;oiseau vivant en libert\u00e9,<\/li>\n\n\n\n<li>d&#8217;entretenir entre toutes les R\u00e9gions ornithologiques, d&#8217;\u00e9troites relations amicales, dans le plus pur esprit de sportivit\u00e9 et de solidarit\u00e9,<\/li>\n\n\n\n<li>d&#8217;organiser ou susciter des manifestations ornithologiques R\u00e9gionales, Inter R\u00e9gionales, Nationales, Internationales ou Mondiales,<\/li>\n\n\n\n<li>de repr\u00e9senter dans les congr\u00e8s, colloques et manifestations ornithologiques, les R\u00e9gions ainsi que l&#8217;ensemble de ses membres,<\/li>\n\n\n\n<li>d&#8217;\u00e9tablir un partenariat avec les Pouvoirs Publics pour la pr\u00e9paration et l&#8217;\u00e9laboration ou la modification des textes relatifs \u00e0 l&#8217;\u00e9levage et \u00e0 la protection des oiseaux.<\/li>\n<\/ol>\n\n\n\n<h2 class=\"wp-block-heading\">Article 4 &#8211; CONSTITUTION<\/h2>\n\n\n\n<h3 class=\"wp-block-heading\">L&#8217;U.O.F. (C.O.M. France) se compose de :<\/h3>\n\n\n\n<ul class=\"pucebleue wp-block-list\">\n<li>Membres actifs : Les R\u00e9gions Ornithologiques repr\u00e9sentant leurs adh\u00e9rents,<\/li>\n\n\n\n<li>Membres associ\u00e9s : Sont membres associ\u00e9s toutes personnes ext\u00e9rieures aux R\u00e9gions Ornithologiques mais qui se retrouvent dans l&#8217;Union en qualit\u00e9 d&#8217;adh\u00e9rents directs,<\/li>\n\n\n\n<li>D&#8217;abonn\u00e9s \u00e0 la revue officielle de l&#8217;U.O.F. (C.O.M. France) \u00ab Les Oiseaux du Monde \u00bb,<\/li>\n\n\n\n<li>De membres des clubs techniques agr\u00e9\u00e9s ou des commissions d&#8217;\u00e9levage sp\u00e9cialis\u00e9es,<\/li>\n\n\n\n<li>Ainsi que ceux de toutes structures li\u00e9es \u00e0 l&#8217;U.O.F. (C.O.M. France) par une convention,<\/li>\n\n\n\n<li>Membres d&#8217;honneur : Ce titre pourra \u00eatre d\u00e9cern\u00e9 sur proposition du Pr\u00e9sident National, du Bureau ou d&#8217;une R\u00e9gion, en Congr\u00e8s et \u00e0 1&#8217;unanimit\u00e9 des voix, \u00e0 des personnalit\u00e9s, membres ou non de l&#8217;Union, qui pourraient lui rendre des services importants, ou dont leur position, leur valeur personnelle, seraient de nature \u00e0 lui apporter relief et patronage.<\/li>\n<\/ul>\n\n\n\n<h2 class=\"wp-block-heading\">Article 5 &#8211; RADIATION<\/h2>\n\n\n\n<p>Une R\u00e9gion ne peut faire l&#8217;objet d&#8217;une exclusion de l&#8217;Union, sauf si elle refuse l&#8217;application de d\u00e9cision adopt\u00e9e en Congr\u00e8s Ordinaire ou Extraordinaire, notamment en ce qui concerne le versement des cotisations. Il en sera alors d\u00e9cid\u00e9 en Congr\u00e8s Extraordinaire, \u00e0 la majorit\u00e9 absolue des voix exprim\u00e9es, \u00e0 bulletin secret.<\/p>\n\n\n\n<p>La R\u00e9gion sanctionn\u00e9e ne pourra se pr\u00e9valoir des droits dont elle b\u00e9n\u00e9ficiait avant son d\u00e9part. Elle ne pourra demander le moindre remboursement pour quelque somme que ce soit.<\/p>\n\n\n\n<p>Il en sera de m\u00eame si une R\u00e9gion quitte volontairement l&#8217;Union. Celle-ci sera dans ce cas, libre de pourvoir par tous moyens \u00e0 son remplacement.<\/p>\n\n\n\n<h2 class=\"wp-block-heading\">Article 6 &#8211; ADMINISTRATION<\/h2>\n\n\n\n<p>Un r\u00e8glement int\u00e9rieur r\u00e9git l&#8217;administration de l&#8217;U.O.F. (C.O.M. France), pour tous les cas non pr\u00e9vus \u00e0 ces statuts.<\/p>\n\n\n\n<h3 class=\"wp-block-heading\">L&#8217;Union est administr\u00e9e de la mani\u00e8re suivante :<\/h3>\n\n\n\n<ul class=\"pucebleue wp-block-list\">\n<li>Les R\u00e9gions membres r\u00e9unies en Congr\u00e8s ordinaires ou extraordinaires,<\/li>\n\n\n\n<li>Le Bureau compos\u00e9\n<ul class=\"wp-block-list\">\n<li>Par le Pr\u00e9sident National \u00e9lu par le Congr\u00e8s \u00e0 la majorit\u00e9 absolue au premier tour, relative par la suite, pour une dur\u00e9e de trois ans.<br>Le Bureau comprend selon le choix de celui-ci :\n<ul class=\"wp-block-list\">\n<li>Un Pr\u00e9sident Adjoint<\/li>\n\n\n\n<li>Un ou des Vice-Pr\u00e9sidents<\/li>\n\n\n\n<li>Un Secr\u00e9taire et un Secr\u00e9taire Adjoint<\/li>\n\n\n\n<li>Un Tr\u00e9sorier et un Adjoint<\/li>\n\n\n\n<li>Un responsable des Relations avec les Pouvoirs Publics<\/li>\n\n\n\n<li>Un responsable du Service Juridique<\/li>\n\n\n\n<li>Un charg\u00e9 de Communication<\/li>\n<\/ul>\n<\/li>\n<\/ul>\n<\/li>\n\n\n\n<li>Le Bureau est assist\u00e9, au choix du Pr\u00e9sident National, des responsables de diff\u00e9rentes Commissions Sp\u00e9cialis\u00e9es et\/ou de Conseillers Techniques.\n<ul class=\"wp-block-list\">\n<li>Le responsable de la Commission R\u00e8glementation, Juridique, Sanitaire et Recherches ornithologiques<\/li>\n\n\n\n<li>Le responsable de la Commission librairie et mat\u00e9riel<\/li>\n\n\n\n<li>Le d\u00e9l\u00e9gu\u00e9 aux bagues<\/li>\n\n\n\n<li>Le commissaire g\u00e9n\u00e9ral du National<\/li>\n\n\n\n<li>Le responsable Convoyeur National<\/li>\n\n\n\n<li>Le Pr\u00e9sident de la Commission Nationale des Juges de France<\/li>\n\n\n\n<li>Le Pr\u00e9sident de la Commission Psittacid\u00e9s<\/li>\n\n\n\n<li>Le Pr\u00e9sident de la Commission des Becs Fins<\/li>\n\n\n\n<li>Ainsi que de toutes autres Commissions Sp\u00e9cialis\u00e9es ou Conseillers techniques qui pourraient \u00eatre propos\u00e9s et adopt\u00e9s en Congr\u00e8s.<\/li>\n<\/ul>\n<\/li>\n<\/ul>\n\n\n\n<h2 class=\"wp-block-heading\">Article 7 &#8211; LE CONGR\u00c8S<\/h2>\n\n\n\n<p>Le Congr\u00e8s de l&#8217;Union a lieu tous les ans. Il est fix\u00e9 chaque ann\u00e9e en lieu et date par le Congr\u00e8s pr\u00e9c\u00e9dent.<\/p>\n\n\n\n<h2 class=\"wp-block-heading\">Article 8 &#8211; LES VOTES<\/h2>\n\n\n\n<p>Le droit de vote appartient \u00e0 toutes les R\u00e9gions Ornithologiques \u00e0 jour de la cotisation Nationale. Chaque R\u00e9gion poss\u00e8de une voix.<\/p>\n\n\n\n<h2 class=\"wp-block-heading\">Article 9 &#8211; LA REVUE<\/h2>\n\n\n\n<p>L&#8217;U.O.F. (C.O.M. France) \u00e9dite une revue officielle &#8221; LES OISEAUX DU MONDE &#8220;.<\/p>\n\n\n\n<h2 class=\"wp-block-heading\">Article 10 &#8211; GESTION FINANCI\u00c8RE ET RESSOURCES<\/h2>\n\n\n\n<p>La gestion financi\u00e8re de l&#8217;Union rel\u00e8ve de la responsabilit\u00e9 du Tr\u00e9sorier G\u00e9n\u00e9ral, ainsi que de son ou ses adjoints, sous le contr\u00f4le du Bureau et du Congr\u00e8s. Elle est assur\u00e9e selon le principe de l&#8217;unicit\u00e9 comptable. Toutes les d\u00e9penses doivent \u00eatre justifi\u00e9es.<\/p>\n\n\n\n<h3 class=\"wp-block-heading\">Les ressources de l&#8217;Union proviennent :<\/h3>\n\n\n\n<ul class=\"pucebleue wp-block-list\">\n<li>des cotisations<\/li>\n\n\n\n<li>des dons et subventions<\/li>\n\n\n\n<li>Des services rendus \u00e0 ses membres : la parution de la revue mensuelle d&#8217;informations ornithologiques, une librairie sp\u00e9cialis\u00e9e en ouvrages d&#8217;informations et d&#8217;\u00e9levage, divers supports mat\u00e9riels aux fins de formation, de mat\u00e9riel n\u00e9cessaire \u00e0 l&#8217;organisation de manifestations ornithologiques, et de tous autres selon les besoins.<\/li>\n<\/ul>\n\n\n\n<h2 class=\"wp-block-heading\">Article 11 &#8211; MODIFICATIONS STATUTAIRES<\/h2>\n\n\n\n<h3 class=\"wp-block-heading\">Les Statuts de l&#8217;UNION sont modifi\u00e9s en Congr\u00e8s Extraordinaire, sur proposition&nbsp;:<\/h3>\n\n\n\n<ul class=\"pucebleue wp-block-list\">\n<li>du Bureau.<\/li>\n<\/ul>\n\n\n\n<h2 class=\"wp-block-heading\">Article 12 &#8211; DISSOLUTION<\/h2>\n\n\n\n<p>L&#8217;U.O.F. (C.O.M. France) est constitu\u00e9e pour une dur\u00e9e illimit\u00e9e. Sa dissolution ne pourra \u00eatre prononc\u00e9e que par les 2\/3 au moins de ses membres actifs.<\/p>\n\n\n\n<p>Si la dissolution est prononc\u00e9e, l&#8217;actif de l&#8217;Union sera vers\u00e9 \u00e0 une \u0153uvre reconnue d&#8217;utilit\u00e9 publique.<\/p>\n\n\n\n<h2 class=\"wp-block-heading\">Article 13 &#8211; REPR\u00c9SENTATION AUPR\u00c8S DE LA C.O.M. (Conf\u00e9d\u00e9ration Ornithologique Mondiale)<\/h2>\n\n\n\n<p>La repr\u00e9sentation de la C.O.M. est normalement assur\u00e9e par la COM France. Ce r\u00f4le historiquement d\u00e9volu \u00e0 l&#8217;U.O.F. (COM France) en vertu de la concession consentie par La Conf\u00e9d\u00e9ration Ornithologique Mondiale (C.O.M.) lui reviendrait d\u00e8s lors que la COM France n&#8217;existerait plus.<\/p>\n\n\n\n<h2 class=\"wp-block-heading\">Article 14 &#8211; DEVOIRS ET OBLIGATIONS<\/h2>\n\n\n\n<p>Toute lecture, discussion ou discours \u00e9trangers aux buts poursuivis par l&#8217;Union, sont interdits dans les congr\u00e8s et r\u00e9unions.<\/p>\n\n\n\n<h6 class=\"wp-block-heading\">Approbation par vote \u00e0 main lev\u00e9e :<br>OUI \u00e0 l&#8217;unanimit\u00e9 &#8211; R14 absente.<br>Lors de l&#8217;ASSEMBLEE GENERALE EXTRAORDINAIRE du 15 mai 2010<br>Extrait du Compte rendu du Congres U.O.F. (COM France) des 14 et 15 mai 2010.<\/h6>\n\n\n<div class=\"bc_random_banner\" data-id=\"67\" data-url=\"https:\/\/www.ornithologies.fr\/blog\/wp-admin\/admin-ajax.php?action=bc_rb_ads_click&#038;nonce=a92df950ee\"><a target=\"_blank\" href=\"https:\/\/www.versele-laga.com\/fr\/vl\/prestige\/prestigeguarantee\" title=\"Versele-Laga-2026\"><img decoding=\"async\"  src=\"https:\/\/www.ornithologies.fr\/blog\/wp-content\/uploads\/Versele-Laga-2026.jpg?v=290780\"  title=\"Versele-Laga-2026\"\/><\/a><\/div>\n","protected":false},"excerpt":{"rendered":"<p>Article 1 &#8211; D\u00c9FINITION Il est constitu\u00e9 par des associations r\u00e9gionales d\u00e9nomm\u00e9es &#8220;R\u00e9gions&#8221;, elles aussi form\u00e9es par des associations d\u00e9partementales<\/p>\n","protected":false},"author":1,"featured_media":0,"parent":303,"menu_order":2,"comment_status":"closed","ping_status":"closed","template":"","meta":{"footnotes":""},"class_list":["post-336","page","type-page","status-publish","hentry"],"_links":{"self":[{"href":"https:\/\/www.ornithologies.fr\/blog\/wp-json\/wp\/v2\/pages\/336","targetHints":{"allow":["GET"]}}],"collection":[{"href":"https:\/\/www.ornithologies.fr\/blog\/wp-json\/wp\/v2\/pages"}],"about":[{"href":"https:\/\/www.ornithologies.fr\/blog\/wp-json\/wp\/v2\/types\/page"}],"author":[{"embeddable":true,"href":"https:\/\/www.ornithologies.fr\/blog\/wp-json\/wp\/v2\/users\/1"}],"replies":[{"embeddable":true,"href":"https:\/\/www.ornithologies.fr\/blog\/wp-json\/wp\/v2\/comments?post=336"}],"version-history":[{"count":1,"href":"https:\/\/www.ornithologies.fr\/blog\/wp-json\/wp\/v2\/pages\/336\/revisions"}],"predecessor-version":[{"id":4677,"href":"https:\/\/www.ornithologies.fr\/blog\/wp-json\/wp\/v2\/pages\/336\/revisions\/4677"}],"up":[{"embeddable":true,"href":"https:\/\/www.ornithologies.fr\/blog\/wp-json\/wp\/v2\/pages\/303"}],"wp:attachment":[{"href":"https:\/\/www.ornithologies.fr\/blog\/wp-json\/wp\/v2\/media?parent=336"}],"curies":[{"name":"wp","href":"https:\/\/api.w.org\/{rel}","templated":true}]}}