{"id":303,"date":"2017-04-19T12:06:55","date_gmt":"2017-04-19T10:06:55","guid":{"rendered":"http:\/\/www.ornithologies.fr\/blog\/?page_id=303"},"modified":"2025-06-23T23:17:33","modified_gmt":"2025-06-23T21:17:33","slug":"le-bureau","status":"publish","type":"page","link":"https:\/\/www.ornithologies.fr\/blog\/lunion-ornithologique-de-france\/le-bureau\/","title":{"rendered":"Le Bureau"},"content":{"rendered":"\n<h2 class=\"wp-block-heading\">Union Ornithologique de France (COM France)<\/h2>\n\n\n\n<h3 class=\"wp-block-heading\">Association Loi 1901<\/h3>\n\n\n\n<div class=\"wp-block-columns is-layout-flex wp-container-core-columns-is-layout-28f84493 wp-block-columns-is-layout-flex\">\n<div class=\"wp-block-column is-layout-flow wp-block-column-is-layout-flow\">\n<figure class=\"wp-block-image alignleft size-full is-resized\"><img loading=\"lazy\" decoding=\"async\" width=\"875\" height=\"1024\" src=\"https:\/\/www.ornithologies.fr\/blog\/wp-content\/uploads\/Daniel-Hans-2.jpg\" alt=\"\" class=\"wp-image-5631\" style=\"width:119px\" srcset=\"https:\/\/www.ornithologies.fr\/blog\/wp-content\/uploads\/Daniel-Hans-2.jpg 875w, https:\/\/www.ornithologies.fr\/blog\/wp-content\/uploads\/Daniel-Hans-2-256x300.jpg 256w, https:\/\/www.ornithologies.fr\/blog\/wp-content\/uploads\/Daniel-Hans-2-128x150.jpg 128w, https:\/\/www.ornithologies.fr\/blog\/wp-content\/uploads\/Daniel-Hans-2-768x899.jpg 768w\" sizes=\"auto, (max-width: 875px) 100vw, 875px\" \/><\/figure>\n\n\n\n<h4 class=\"wp-block-heading\">Pr\u00e9sident<\/h4>\n\n\n\n<h5 class=\"wp-block-heading\">M. Daniel HANS<\/h5>\n<\/div>\n\n\n\n<div class=\"wp-block-column is-layout-flow wp-block-column-is-layout-flow\" style=\"flex-basis:8px\">\n<figure class=\"wp-block-image size-full\"><img loading=\"lazy\" decoding=\"async\" width=\"8\" height=\"150\" src=\"https:\/\/www.ornithologies.fr\/blog\/wp-content\/uploads\/Frise-verticale.png\" alt=\"\" class=\"wp-image-367\"\/><\/figure>\n<\/div>\n\n\n\n<div class=\"wp-block-column is-layout-flow wp-block-column-is-layout-flow\">\n<figure class=\"wp-block-image alignleft size-full is-resized\"><img loading=\"lazy\" decoding=\"async\" width=\"875\" height=\"1024\" src=\"https:\/\/www.ornithologies.fr\/blog\/wp-content\/uploads\/Guy-Doumergue-1.jpg\" alt=\"\" class=\"wp-image-5774\" style=\"width:119px\" srcset=\"https:\/\/www.ornithologies.fr\/blog\/wp-content\/uploads\/Guy-Doumergue-1.jpg 875w, https:\/\/www.ornithologies.fr\/blog\/wp-content\/uploads\/Guy-Doumergue-1-256x300.jpg 256w, https:\/\/www.ornithologies.fr\/blog\/wp-content\/uploads\/Guy-Doumergue-1-128x150.jpg 128w, https:\/\/www.ornithologies.fr\/blog\/wp-content\/uploads\/Guy-Doumergue-1-768x899.jpg 768w\" sizes=\"auto, (max-width: 875px) 100vw, 875px\" \/><\/figure>\n\n\n\n<h4 class=\"wp-block-heading\">Pr\u00e9sident Adjoint<\/h4>\n\n\n\n<h5 class=\"wp-block-heading\">M. Guy DOUMERGUE<\/h5>\n<\/div>\n<\/div>\n\n\n\n<hr class=\"wp-block-separator has-alpha-channel-opacity is-style-wide\"\/>\n\n\n\n<div class=\"wp-block-columns is-layout-flex wp-container-core-columns-is-layout-28f84493 wp-block-columns-is-layout-flex\">\n<div class=\"wp-block-column is-layout-flow wp-block-column-is-layout-flow\">\n<figure class=\"wp-block-image alignright size-full is-resized\"><img loading=\"lazy\" decoding=\"async\" width=\"875\" height=\"1024\" src=\"https:\/\/www.ornithologies.fr\/blog\/wp-content\/uploads\/Sonia-Haensel.jpg\" alt=\"\" class=\"wp-image-5775\" style=\"width:119px\" srcset=\"https:\/\/www.ornithologies.fr\/blog\/wp-content\/uploads\/Sonia-Haensel.jpg 875w, https:\/\/www.ornithologies.fr\/blog\/wp-content\/uploads\/Sonia-Haensel-256x300.jpg 256w, https:\/\/www.ornithologies.fr\/blog\/wp-content\/uploads\/Sonia-Haensel-128x150.jpg 128w, https:\/\/www.ornithologies.fr\/blog\/wp-content\/uploads\/Sonia-Haensel-768x899.jpg 768w\" sizes=\"auto, (max-width: 875px) 100vw, 875px\" \/><\/figure>\n\n\n\n<h4 class=\"wp-block-heading\">Secr\u00e9taire G\u00e9n\u00e9rale et Permanence de l&#8217;UOF<\/h4>\n\n\n\n<h5 class=\"wp-block-heading\">Mme Sonia HAENSEL<\/h5>\n\n\n\n<div class=\"wp-block-buttons is-content-justification-center is-layout-flex wp-container-core-buttons-is-layout-a89b3969 wp-block-buttons-is-layout-flex\">\n<div class=\"wp-block-button\"><a class=\"wp-block-button__link wp-element-button\" href=\"https:\/\/www.ornithologies.fr\/blog\/lunion-ornithologique-de-france\/contacter-luof\/\">Contacter le Bureau<\/a><\/div>\n<\/div>\n<\/div>\n\n\n\n<div class=\"wp-block-column is-layout-flow wp-block-column-is-layout-flow\" style=\"flex-basis:8px\">\n<figure class=\"wp-block-image size-full\"><img loading=\"lazy\" decoding=\"async\" width=\"8\" height=\"150\" src=\"https:\/\/www.ornithologies.fr\/blog\/wp-content\/uploads\/Frise-verticale.png\" alt=\"\" class=\"wp-image-367\"\/><\/figure>\n<\/div>\n\n\n\n<div class=\"wp-block-column is-layout-flow wp-block-column-is-layout-flow\">\n<figure class=\"wp-block-image alignright size-full is-resized\"><img loading=\"lazy\" decoding=\"async\" width=\"875\" height=\"1024\" src=\"https:\/\/www.ornithologies.fr\/blog\/wp-content\/uploads\/Philippe-Guellerin.jpg\" alt=\"\" class=\"wp-image-5776\" style=\"width:119px\" srcset=\"https:\/\/www.ornithologies.fr\/blog\/wp-content\/uploads\/Philippe-Guellerin.jpg 875w, https:\/\/www.ornithologies.fr\/blog\/wp-content\/uploads\/Philippe-Guellerin-256x300.jpg 256w, https:\/\/www.ornithologies.fr\/blog\/wp-content\/uploads\/Philippe-Guellerin-128x150.jpg 128w, https:\/\/www.ornithologies.fr\/blog\/wp-content\/uploads\/Philippe-Guellerin-768x899.jpg 768w\" sizes=\"auto, (max-width: 875px) 100vw, 875px\" \/><\/figure>\n\n\n\n<h4 class=\"wp-block-heading\">Tr\u00e9sorier<br>Responsable National des bagues<\/h4>\n\n\n\n<h5 class=\"wp-block-heading\">M. Philippe GUELLERIN<\/h5>\n\n\n\n<figure class=\"wp-block-image alignright is-resized\"><a href=\"mailto:responsablefinancier@uof.asso.fr\"><img loading=\"lazy\" decoding=\"async\" width=\"100\" height=\"109\" src=\"https:\/\/www.ornithologies.fr\/blog\/wp-content\/uploads\/bagues.png\" alt=\"\" class=\"wp-image-330\" style=\"width:51px;height:auto\"\/><\/a><\/figure>\n<\/div>\n<\/div>\n\n\n\n<hr class=\"wp-block-separator has-alpha-channel-opacity is-style-wide\"\/>\n\n\n\n<div class=\"wp-block-columns is-layout-flex wp-container-core-columns-is-layout-28f84493 wp-block-columns-is-layout-flex\">\n<div class=\"wp-block-column is-layout-flow wp-block-column-is-layout-flow\">\n<figure class=\"wp-block-image alignleft size-full is-resized\"><img loading=\"lazy\" decoding=\"async\" width=\"875\" height=\"1024\" src=\"https:\/\/www.ornithologies.fr\/blog\/wp-content\/uploads\/Claude-Cretual.jpg\" alt=\"\" class=\"wp-image-5778\" style=\"width:119px\" srcset=\"https:\/\/www.ornithologies.fr\/blog\/wp-content\/uploads\/Claude-Cretual.jpg 875w, https:\/\/www.ornithologies.fr\/blog\/wp-content\/uploads\/Claude-Cretual-256x300.jpg 256w, https:\/\/www.ornithologies.fr\/blog\/wp-content\/uploads\/Claude-Cretual-128x150.jpg 128w, https:\/\/www.ornithologies.fr\/blog\/wp-content\/uploads\/Claude-Cretual-768x899.jpg 768w\" sizes=\"auto, (max-width: 875px) 100vw, 875px\" \/><\/figure>\n\n\n\n<h4 class=\"wp-block-heading\">Charg\u00e9 de missions et suivi des v\u0153ux<\/h4>\n\n\n\n<h5 class=\"wp-block-heading\">M. Claude CRETUAL<\/h5>\n<\/div>\n\n\n\n<div class=\"wp-block-column is-layout-flow wp-block-column-is-layout-flow\" style=\"flex-basis:8px\">\n<figure class=\"wp-block-image size-full\"><img loading=\"lazy\" decoding=\"async\" width=\"8\" height=\"150\" src=\"https:\/\/www.ornithologies.fr\/blog\/wp-content\/uploads\/Frise-verticale.png\" alt=\"\" class=\"wp-image-367\"\/><\/figure>\n<\/div>\n\n\n\n<div class=\"wp-block-column is-layout-flow wp-block-column-is-layout-flow\">\n<figure class=\"wp-block-image alignleft size-full is-resized\"><img loading=\"lazy\" decoding=\"async\" width=\"875\" height=\"1024\" src=\"https:\/\/www.ornithologies.fr\/blog\/wp-content\/uploads\/Jose-Bernicot.jpg\" alt=\"\" class=\"wp-image-5779\" style=\"width:119px\" srcset=\"https:\/\/www.ornithologies.fr\/blog\/wp-content\/uploads\/Jose-Bernicot.jpg 875w, https:\/\/www.ornithologies.fr\/blog\/wp-content\/uploads\/Jose-Bernicot-256x300.jpg 256w, https:\/\/www.ornithologies.fr\/blog\/wp-content\/uploads\/Jose-Bernicot-128x150.jpg 128w, https:\/\/www.ornithologies.fr\/blog\/wp-content\/uploads\/Jose-Bernicot-768x899.jpg 768w\" sizes=\"auto, (max-width: 875px) 100vw, 875px\" \/><\/figure>\n\n\n\n<h4 class=\"wp-block-heading\">Suivi des programmes protection, I-Fap et logiciels<\/h4>\n\n\n\n<h5 class=\"wp-block-heading\">M. Jos\u00e9 BERNICOT<\/h5>\n\n\n\n<figure class=\"wp-block-image alignleft is-resized\"><a href=\"https:\/\/www.ornithologies.fr\/boutique\/ifap\/222-droit-denregistrement-i-fap.html\" target=\"_blank\" rel=\"noreferrer noopener\"><img loading=\"lazy\" decoding=\"async\" width=\"486\" height=\"500\" src=\"https:\/\/www.ornithologies.fr\/blog\/wp-content\/uploads\/I-FAP.png\" alt=\"\" class=\"wp-image-3276\" style=\"width:auto;height:50px\" srcset=\"https:\/\/www.ornithologies.fr\/blog\/wp-content\/uploads\/I-FAP.png 486w, https:\/\/www.ornithologies.fr\/blog\/wp-content\/uploads\/I-FAP-292x300.png 292w, https:\/\/www.ornithologies.fr\/blog\/wp-content\/uploads\/I-FAP-146x150.png 146w\" sizes=\"auto, (max-width: 486px) 100vw, 486px\" \/><\/a><\/figure>\n<\/div>\n<\/div>\n\n\n\n<hr class=\"wp-block-separator has-alpha-channel-opacity is-style-wide\"\/>\n\n\n\n<div class=\"wp-block-columns is-layout-flex wp-container-core-columns-is-layout-28f84493 wp-block-columns-is-layout-flex\">\n<div class=\"wp-block-column is-layout-flow wp-block-column-is-layout-flow\">\n<figure class=\"wp-block-image alignleft size-full is-resized\"><img loading=\"lazy\" decoding=\"async\" width=\"875\" height=\"1024\" src=\"https:\/\/www.ornithologies.fr\/blog\/wp-content\/uploads\/Florence-Fourdrain.jpg\" alt=\"\" class=\"wp-image-5777\" style=\"width:119px\" srcset=\"https:\/\/www.ornithologies.fr\/blog\/wp-content\/uploads\/Florence-Fourdrain.jpg 875w, https:\/\/www.ornithologies.fr\/blog\/wp-content\/uploads\/Florence-Fourdrain-256x300.jpg 256w, https:\/\/www.ornithologies.fr\/blog\/wp-content\/uploads\/Florence-Fourdrain-128x150.jpg 128w, https:\/\/www.ornithologies.fr\/blog\/wp-content\/uploads\/Florence-Fourdrain-768x899.jpg 768w\" sizes=\"auto, (max-width: 875px) 100vw, 875px\" \/><\/figure>\n\n\n\n<h4 class=\"wp-block-heading\">Secr\u00e9taire Adjointe<\/h4>\n\n\n\n<h5 class=\"wp-block-heading\">Mme Florence FOURDRAIN<\/h5>\n<\/div>\n<\/div>\n\n\n\n<hr class=\"wp-block-separator has-alpha-channel-opacity is-style-wide\"\/>\n\n\n<div class=\"bc_random_banner\" data-id=\"64\" data-url=\"https:\/\/www.ornithologies.fr\/blog\/wp-admin\/admin-ajax.php?action=bc_rb_ads_click&#038;nonce=b89d6689dd\"><a target=\"_blank\" href=\"https:\/\/www.ornithologies.fr\/boutique\/librairie\/311-vues-de-studio-national-d-agen-2024.html\" title=\"Pub-Vues-de-Studio-Agen-2024\"><img decoding=\"async\"  src=\"https:\/\/www.ornithologies.fr\/blog\/wp-content\/uploads\/Pub-Vues-de-Studio-Agen-2024.jpg?v=454573\"  title=\"Pub-Vues-de-Studio-Agen-2024\"\/><\/a><\/div>\n","protected":false},"excerpt":{"rendered":"<p>Union Ornithologique de France (COM France) Association Loi 1901 Pr\u00e9sident M. Daniel HANS Pr\u00e9sident Adjoint M. Guy DOUMERGUE Secr\u00e9taire G\u00e9n\u00e9rale<\/p>\n","protected":false},"author":1,"featured_media":0,"parent":278,"menu_order":1,"comment_status":"closed","ping_status":"closed","template":"","meta":{"footnotes":""},"class_list":["post-303","page","type-page","status-publish","hentry"],"_links":{"self":[{"href":"https:\/\/www.ornithologies.fr\/blog\/wp-json\/wp\/v2\/pages\/303","targetHints":{"allow":["GET"]}}],"collection":[{"href":"https:\/\/www.ornithologies.fr\/blog\/wp-json\/wp\/v2\/pages"}],"about":[{"href":"https:\/\/www.ornithologies.fr\/blog\/wp-json\/wp\/v2\/types\/page"}],"author":[{"embeddable":true,"href":"https:\/\/www.ornithologies.fr\/blog\/wp-json\/wp\/v2\/users\/1"}],"replies":[{"embeddable":true,"href":"https:\/\/www.ornithologies.fr\/blog\/wp-json\/wp\/v2\/comments?post=303"}],"version-history":[{"count":18,"href":"https:\/\/www.ornithologies.fr\/blog\/wp-json\/wp\/v2\/pages\/303\/revisions"}],"predecessor-version":[{"id":5880,"href":"https:\/\/www.ornithologies.fr\/blog\/wp-json\/wp\/v2\/pages\/303\/revisions\/5880"}],"up":[{"embeddable":true,"href":"https:\/\/www.ornithologies.fr\/blog\/wp-json\/wp\/v2\/pages\/278"}],"wp:attachment":[{"href":"https:\/\/www.ornithologies.fr\/blog\/wp-json\/wp\/v2\/media?parent=303"}],"curies":[{"name":"wp","href":"https:\/\/api.w.org\/{rel}","templated":true}]}}