{"id":61,"date":"2017-05-23T14:42:07","date_gmt":"2017-05-23T12:42:07","guid":{"rendered":"http:\/\/www.ornithologies.fr\/blog\/lesoiseauxdumonde\/?page_id=61"},"modified":"2026-03-12T13:26:51","modified_gmt":"2026-03-12T12:26:51","slug":"abonnez-vous","status":"publish","type":"page","link":"https:\/\/www.ornithologies.fr\/blog\/lesoiseauxdumonde\/abonnez-vous\/","title":{"rendered":"Abonnez-vous"},"content":{"rendered":"\n<figure class=\"wp-block-image size-full\"><img loading=\"lazy\" decoding=\"async\" width=\"1155\" height=\"683\" src=\"https:\/\/www.ornithologies.fr\/blog\/lesoiseauxdumonde\/wp-content\/uploads\/sites\/4\/Bandeau-ODM.png\" alt=\"\" class=\"wp-image-2640\" srcset=\"https:\/\/www.ornithologies.fr\/blog\/lesoiseauxdumonde\/wp-content\/uploads\/sites\/4\/Bandeau-ODM.png 1155w, https:\/\/www.ornithologies.fr\/blog\/lesoiseauxdumonde\/wp-content\/uploads\/sites\/4\/Bandeau-ODM-300x177.png 300w, https:\/\/www.ornithologies.fr\/blog\/lesoiseauxdumonde\/wp-content\/uploads\/sites\/4\/Bandeau-ODM-500x296.png 500w, https:\/\/www.ornithologies.fr\/blog\/lesoiseauxdumonde\/wp-content\/uploads\/sites\/4\/Bandeau-ODM-768x454.png 768w, https:\/\/www.ornithologies.fr\/blog\/lesoiseauxdumonde\/wp-content\/uploads\/sites\/4\/Bandeau-ODM-750x444.png 750w, https:\/\/www.ornithologies.fr\/blog\/lesoiseauxdumonde\/wp-content\/uploads\/sites\/4\/Bandeau-ODM-960x568.png 960w, https:\/\/www.ornithologies.fr\/blog\/lesoiseauxdumonde\/wp-content\/uploads\/sites\/4\/Bandeau-ODM-600x355.png 600w\" sizes=\"auto, (max-width: 1155px) 100vw, 1155px\" \/><\/figure>\n\n\n\n<h1 class=\"wp-block-heading\">Chaque mois, recevez l&rsquo;\u00e9dition papier dans votre boite \u00e0 lettres<\/h1>\n\n\n\n<ul class=\"wp-block-list\">\n<li>Une grande vari\u00e9t\u00e9 dans les esp\u00e8ces<\/li>\n\n\n\n<li>Des secrets d&rsquo;\u00e9levage<\/li>\n\n\n\n<li>De la technique<\/li>\n\n\n\n<li>Des nouvelles utiles et v\u00e9rifi\u00e9es<\/li>\n\n\n\n<li>Des reportages<\/li>\n\n\n\n<li>La vie de l&rsquo;Union (cahier d\u00e9tachable)<\/li>\n\n\n\n<li>10 num\u00e9ros par an<\/li>\n<\/ul>\n\n\n\n<div class=\"wp-block-buttons is-content-justification-center is-layout-flex wp-container-core-buttons-is-layout-16018d1d wp-block-buttons-is-layout-flex\">\n<div class=\"wp-block-button\"><a class=\"wp-block-button__link wp-element-button\" href=\"https:\/\/www.ornithologies.fr\/boutique\/revue\/161-les-oiseaux-du-monde-abonnement-1-an.html\">Abonnez-vous <em>(par la Boutique Ornithologique)<\/em><\/a><\/div>\n<\/div>\n\n\n\n<h6 class=\"wp-block-heading\">Si vous n&rsquo;\u00eates pas adh\u00e9rent ou r\u00e9sidez \u00e0 l&rsquo;\u00e9tranger <em>(+10\u20ac)<\/em>, ajoutez ce produit \u00e0 votre panier.<\/h6>\n\n\n\n<blockquote class=\"wp-block-quote is-layout-flow wp-block-quote-is-layout-flow\">\n<p>Abonnement \u00e0 la revue de l&rsquo;Union Ornithologique de France, les Oiseaux du Monde pour une dur\u00e9e d&rsquo;un an (10 num\u00e9ros).<br>L&rsquo;abonnement d\u00e9bute au terme de l&rsquo;abonnement en cours ou d\u00e8s la r\u00e9ception de votre bulletin (Abonnement sur 12 mois glissants).<\/p>\n<\/blockquote>\n\n\n\n<h1 class=\"wp-block-heading\">Bulletin d&rsquo;abonnement<\/h1>\n\n\n<div class=\"wp-block-image\">\n<figure class=\"alignleft\"><img loading=\"lazy\" decoding=\"async\" width=\"100\" height=\"137\" src=\"https:\/\/www.ornithologies.fr\/blog\/lesoiseauxdumonde\/wp-content\/uploads\/sites\/4\/Boitealettres-UOF.png\" alt=\"\" class=\"wp-image-74\"\/><\/figure>\n<\/div>\n\n\n<p>Vous \u00eates adh\u00e9rent \u00e0 l&rsquo;UOF ou r\u00e9ticent au paiement en ligne ? Veuillez utiliser le bulletin d&rsquo;abonnement que vous pouvez t\u00e9l\u00e9charger <a href=\"https:\/\/www.ornithologies.fr\/blog\/lesoiseauxdumonde\/wp-content\/uploads\/sites\/4\/Bulletin-abonnement-ODM.pdf\" target=\"_blank\" rel=\"noreferrer noopener\">ici<\/a>.<\/p>\n\n\n\n<p>Envoyez le accompagn\u00e9 de votre r\u00e8glement \u00e0 :<strong><br>Sonia HAENSEL<\/strong><br><strong>1A rue Engelbreit<\/strong><br><strong>67 200 STRASBOURG<\/strong><\/p>\n\n\n\n<p>R\u00e8glement par ch\u00e8que ou pr\u00e9l\u00e8vement automatique trimestriel sans frais (voir bulletin)<br>Ch\u00e8que \u00e0 l&rsquo;ordre de SAS Les Oiseaux du Monde.<\/p>\n\n\n\n<div class=\"wp-block-buttons is-layout-flex wp-block-buttons-is-layout-flex\">\n<div class=\"wp-block-button aligncenter\"><a class=\"wp-block-button__link wp-element-button\" href=\"https:\/\/www.ornithologies.fr\/blog\/lesoiseauxdumonde\/wp-content\/uploads\/sites\/4\/Bulletin-abonnement-ODM.pdf\">T\u00e9l\u00e9chargez le bulletin d&rsquo;abonnement<\/a><\/div>\n<\/div>\n\n\n\n<div style=\"height:20px\" aria-hidden=\"true\" class=\"wp-block-spacer\"><\/div>\n\n\n<div class=\"bc_random_banner\" data-id=\"82\" data-url=\"https:\/\/www.ornithologies.fr\/blog\/lesoiseauxdumonde\/wp-admin\/admin-ajax.php?action=bc_rb_ads_click&#038;nonce=96a2d86b43\"><a target=\"_blank\" href=\"https:\/\/www.ornithologies.fr\/blog\/blog\/les-nouvelles-bagues-uof\/\" title=\"Bagues-2024\"><img decoding=\"async\"  src=\"https:\/\/www.ornithologies.fr\/blog\/wp-content\/uploads\/Bagues-2024.jpg?v=52064\"  title=\"Bagues-2024\"\/><\/a><\/div>\n","protected":false},"excerpt":{"rendered":"<h1 class=\"wp-block-heading\">Chaque mois, recevez l&rsquo;\u00e9dition papier dans votre boite \u00e0 lettres<\/h1>\n<ul class=\"wp-block-list\">\n<li>Une grande vari\u00e9t\u00e9 dans les esp\u00e8ces<\/li>\n<li>Des secrets d&rsquo;\u00e9levage<\/li>\n<li>De la technique<\/li>\n<li>Des nouvelles utiles et v\u00e9rifi\u00e9es<\/li>\n<li>Des reportages<\/li>\n<li>La vie de l&rsquo;Union (cahier d\u00e9tachable)<\/li>\n<li>10 num\u00e9ros par an<\/li>\n<\/ul>\n<p> Abonnez-vous (par la Boutique Ornithologique) <\/p>\n<h6 class=\"wp-block-heading\">Si vous n&rsquo;\u00eates pas adh\u00e9rent ou &hellip; <\/p>\n<p><a class=\"more-link btn\" href=\"https:\/\/www.ornithologies.fr\/blog\/lesoiseauxdumonde\/abonnez-vous\/\">Lire la suite<\/a><\/p>\n<\/h6>\n","protected":false},"author":1,"featured_media":0,"parent":0,"menu_order":0,"comment_status":"closed","ping_status":"closed","template":"","meta":{"footnotes":""},"class_list":["post-61","page","type-page","status-publish","hentry","nodate","item-wrap"],"_links":{"self":[{"href":"https:\/\/www.ornithologies.fr\/blog\/lesoiseauxdumonde\/wp-json\/wp\/v2\/pages\/61","targetHints":{"allow":["GET"]}}],"collection":[{"href":"https:\/\/www.ornithologies.fr\/blog\/lesoiseauxdumonde\/wp-json\/wp\/v2\/pages"}],"about":[{"href":"https:\/\/www.ornithologies.fr\/blog\/lesoiseauxdumonde\/wp-json\/wp\/v2\/types\/page"}],"author":[{"embeddable":true,"href":"https:\/\/www.ornithologies.fr\/blog\/lesoiseauxdumonde\/wp-json\/wp\/v2\/users\/1"}],"replies":[{"embeddable":true,"href":"https:\/\/www.ornithologies.fr\/blog\/lesoiseauxdumonde\/wp-json\/wp\/v2\/comments?post=61"}],"version-history":[{"count":15,"href":"https:\/\/www.ornithologies.fr\/blog\/lesoiseauxdumonde\/wp-json\/wp\/v2\/pages\/61\/revisions"}],"predecessor-version":[{"id":4099,"href":"https:\/\/www.ornithologies.fr\/blog\/lesoiseauxdumonde\/wp-json\/wp\/v2\/pages\/61\/revisions\/4099"}],"wp:attachment":[{"href":"https:\/\/www.ornithologies.fr\/blog\/lesoiseauxdumonde\/wp-json\/wp\/v2\/media?parent=61"}],"curies":[{"name":"wp","href":"https:\/\/api.w.org\/{rel}","templated":true}]}}