{"id":233,"date":"2017-05-29T11:56:32","date_gmt":"2017-05-29T09:56:32","guid":{"rendered":"http:\/\/www.ornithologies.fr\/blog\/lesoiseauxdumonde\/?page_id=233"},"modified":"2024-12-03T11:49:51","modified_gmt":"2024-12-03T10:49:51","slug":"espace-annonceurs","status":"publish","type":"page","link":"https:\/\/www.ornithologies.fr\/blog\/lesoiseauxdumonde\/espace-annonceurs\/","title":{"rendered":"Espace annonceurs"},"content":{"rendered":"\n<h1>Vous \u00eates professionnel, club ou \u00e9leveur et d\u00e9sirez faire connaitre votre savoir-faire, votre \u00e9v\u00e9nement ou votre \u00e9levage ?<\/h1>\n<h2><img loading=\"lazy\" decoding=\"async\" class=\"alignleft wp-image-2293 size-medium\" src=\"https:\/\/www.ornithologies.fr\/blog\/lesoiseauxdumonde\/wp-content\/uploads\/sites\/4\/ODM1221-232x300.png\" alt=\"\" width=\"232\" height=\"300\" srcset=\"https:\/\/www.ornithologies.fr\/blog\/lesoiseauxdumonde\/wp-content\/uploads\/sites\/4\/ODM1221-232x300.png 232w, https:\/\/www.ornithologies.fr\/blog\/lesoiseauxdumonde\/wp-content\/uploads\/sites\/4\/ODM1221.png 500w\" sizes=\"auto, (max-width: 232px) 100vw, 232px\" \/>Profitez de la baisse des tarifs et des nouveaux services pour flatter votre renomm\u00e9e ou vous d\u00e9marquer \u00e0 un niveau jamais atteint.<\/h2>\n<p>Les \u00ab\u00a0Oiseaux du Monde\u00a0\u00bb est une revue papier et num\u00e9rique \u00e0 destination des \u00e9leveurs d&rsquo;oiseaux et des passionn\u00e9s d&rsquo;ornithologie. Elle est distribu\u00e9e \u00e0 l&rsquo;ensemble des adh\u00e9rents de l&rsquo;Union Ornithologique de France<em> (3500 membres)<\/em>. Elle est disponible en format papier \u00e0 l&rsquo;unit\u00e9 ou par <a href=\"https:\/\/www.ornithologies.fr\/blog\/lesoiseauxdumonde\/abonnez-vous\/\" target=\"_blank\" rel=\"noopener noreferrer\">abonnement<\/a> dans l&rsquo;ensemble des pays francophones.<\/p>\n<p>Elle est \u00e9galement suivie par une grande communaut\u00e9 sur les <a href=\"https:\/\/www.facebook.com\/oiseauxdumonde.uof\/\" target=\"_blank\" rel=\"noopener noreferrer\">r\u00e9seaux sociaux<\/a>.<\/p>\n<p>Nous proposons plusieurs solutions d&rsquo;encarts publicitaires dans la revue, sur l&rsquo;ensemble du domaine Ornithologies.<\/p>\n<h3>Nouveaut\u00e9s<\/h3>\n<h2>Profitez de la baisse de la tarification.<\/h2>\n<p>Les prix des parutions sur la revue papier baissent de 50% et sont \u00e9galement d\u00e9gressifs \u00e0 concurrence de 20% d\u00e8s la deuxi\u00e8me parution dans l&rsquo;ann\u00e9e.<\/p>\n<p>Les tarifs sur les encarts publicitaires sont \u00e9galement d\u00e9gressifs sur le nombre de parutions et le nombre de supports choisis (<em>Papier et Internet<\/em>).<\/p>\n<p>Pour une parution de 10 mois sur le domaine ornithologies.fr (<em>voir ci apr\u00e8s<\/em>) les 2 derniers mois sont offerts.<\/p>\n<p style=\"text-align: center;\"><a class=\"bouton\" href=\"https:\/\/www.ornithologies.fr\/blog\/lesoiseauxdumonde\/wp-content\/uploads\/sites\/4\/Grille-Tarifaire-Regie-Publicitaire.pdf\">Consultez la Grille Tarifaire<\/a><\/p>\n<h2>Les Oiseaux du Monde \u00e9tendent leur r\u00e9gie publicitaire \u00e0 un public illimit\u00e9.<\/h2>\n<p><a href=\"http:\/\/www.ornithologies.fr\/blog\/\" target=\"_blank\" rel=\"noopener noreferrer\"><img loading=\"lazy\" decoding=\"async\" class=\"aligncenter wp-image-1505 size-full\" src=\"https:\/\/www.ornithologies.fr\/blog\/lesoiseauxdumonde\/wp-content\/uploads\/sites\/4\/Blog-UOF.jpg\" alt=\"\" width=\"1440\" height=\"883\" srcset=\"https:\/\/www.ornithologies.fr\/blog\/lesoiseauxdumonde\/wp-content\/uploads\/sites\/4\/Blog-UOF.jpg 1440w, https:\/\/www.ornithologies.fr\/blog\/lesoiseauxdumonde\/wp-content\/uploads\/sites\/4\/Blog-UOF-500x307.jpg 500w, https:\/\/www.ornithologies.fr\/blog\/lesoiseauxdumonde\/wp-content\/uploads\/sites\/4\/Blog-UOF-300x184.jpg 300w, https:\/\/www.ornithologies.fr\/blog\/lesoiseauxdumonde\/wp-content\/uploads\/sites\/4\/Blog-UOF-768x471.jpg 768w, https:\/\/www.ornithologies.fr\/blog\/lesoiseauxdumonde\/wp-content\/uploads\/sites\/4\/Blog-UOF-1024x628.jpg 1024w, https:\/\/www.ornithologies.fr\/blog\/lesoiseauxdumonde\/wp-content\/uploads\/sites\/4\/Blog-UOF-600x368.jpg 600w, https:\/\/www.ornithologies.fr\/blog\/lesoiseauxdumonde\/wp-content\/uploads\/sites\/4\/Blog-UOF-960x589.jpg 960w\" sizes=\"auto, (max-width: 1440px) 100vw, 1440px\" \/><\/a><\/p>\n\n\n\n<figure class=\"wp-block-gallery has-nested-images columns-default is-cropped wp-block-gallery-1 is-layout-flex wp-block-gallery-is-layout-flex\">\n<figure class=\"wp-block-image size-large\"><img loading=\"lazy\" decoding=\"async\" width=\"1024\" height=\"628\" data-id=\"1410\" src=\"https:\/\/www.ornithologies.fr\/blog\/lesoiseauxdumonde\/wp-content\/uploads\/sites\/4\/Les-Oiseaux-du-Monde-1024x628.jpg\" alt=\"\" class=\"wp-image-1410\" srcset=\"https:\/\/www.ornithologies.fr\/blog\/lesoiseauxdumonde\/wp-content\/uploads\/sites\/4\/Les-Oiseaux-du-Monde-1024x628.jpg 1024w, https:\/\/www.ornithologies.fr\/blog\/lesoiseauxdumonde\/wp-content\/uploads\/sites\/4\/Les-Oiseaux-du-Monde-500x307.jpg 500w, https:\/\/www.ornithologies.fr\/blog\/lesoiseauxdumonde\/wp-content\/uploads\/sites\/4\/Les-Oiseaux-du-Monde-300x184.jpg 300w, https:\/\/www.ornithologies.fr\/blog\/lesoiseauxdumonde\/wp-content\/uploads\/sites\/4\/Les-Oiseaux-du-Monde-768x471.jpg 768w, https:\/\/www.ornithologies.fr\/blog\/lesoiseauxdumonde\/wp-content\/uploads\/sites\/4\/Les-Oiseaux-du-Monde-600x368.jpg 600w, https:\/\/www.ornithologies.fr\/blog\/lesoiseauxdumonde\/wp-content\/uploads\/sites\/4\/Les-Oiseaux-du-Monde-960x589.jpg 960w, https:\/\/www.ornithologies.fr\/blog\/lesoiseauxdumonde\/wp-content\/uploads\/sites\/4\/Les-Oiseaux-du-Monde.jpg 1440w\" sizes=\"auto, (max-width: 1024px) 100vw, 1024px\" \/><\/figure>\n\n\n\n<figure class=\"wp-block-image size-large\"><img loading=\"lazy\" decoding=\"async\" width=\"1024\" height=\"628\" data-id=\"1411\" src=\"https:\/\/www.ornithologies.fr\/blog\/lesoiseauxdumonde\/wp-content\/uploads\/sites\/4\/Competitions-UOF-1024x628.jpg\" alt=\"\" class=\"wp-image-1411\" srcset=\"https:\/\/www.ornithologies.fr\/blog\/lesoiseauxdumonde\/wp-content\/uploads\/sites\/4\/Competitions-UOF-1024x628.jpg 1024w, https:\/\/www.ornithologies.fr\/blog\/lesoiseauxdumonde\/wp-content\/uploads\/sites\/4\/Competitions-UOF-500x307.jpg 500w, https:\/\/www.ornithologies.fr\/blog\/lesoiseauxdumonde\/wp-content\/uploads\/sites\/4\/Competitions-UOF-300x184.jpg 300w, https:\/\/www.ornithologies.fr\/blog\/lesoiseauxdumonde\/wp-content\/uploads\/sites\/4\/Competitions-UOF-768x471.jpg 768w, https:\/\/www.ornithologies.fr\/blog\/lesoiseauxdumonde\/wp-content\/uploads\/sites\/4\/Competitions-UOF-600x368.jpg 600w, https:\/\/www.ornithologies.fr\/blog\/lesoiseauxdumonde\/wp-content\/uploads\/sites\/4\/Competitions-UOF-960x589.jpg 960w, https:\/\/www.ornithologies.fr\/blog\/lesoiseauxdumonde\/wp-content\/uploads\/sites\/4\/Competitions-UOF.jpg 1440w\" sizes=\"auto, (max-width: 1024px) 100vw, 1024px\" \/><\/figure>\n\n\n\n<figure class=\"wp-block-image size-large\"><img loading=\"lazy\" decoding=\"async\" width=\"1280\" height=\"785\" data-id=\"2311\" src=\"https:\/\/www.ornithologies.fr\/blog\/lesoiseauxdumonde\/wp-content\/uploads\/sites\/4\/Les-Convoyeurs-1280x785.jpg\" alt=\"\" class=\"wp-image-2311\" srcset=\"https:\/\/www.ornithologies.fr\/blog\/lesoiseauxdumonde\/wp-content\/uploads\/sites\/4\/Les-Convoyeurs-1280x785.jpg 1280w, https:\/\/www.ornithologies.fr\/blog\/lesoiseauxdumonde\/wp-content\/uploads\/sites\/4\/Les-Convoyeurs-300x184.jpg 300w, https:\/\/www.ornithologies.fr\/blog\/lesoiseauxdumonde\/wp-content\/uploads\/sites\/4\/Les-Convoyeurs-500x307.jpg 500w, https:\/\/www.ornithologies.fr\/blog\/lesoiseauxdumonde\/wp-content\/uploads\/sites\/4\/Les-Convoyeurs-768x471.jpg 768w, https:\/\/www.ornithologies.fr\/blog\/lesoiseauxdumonde\/wp-content\/uploads\/sites\/4\/Les-Convoyeurs-750x460.jpg 750w, https:\/\/www.ornithologies.fr\/blog\/lesoiseauxdumonde\/wp-content\/uploads\/sites\/4\/Les-Convoyeurs-960x589.jpg 960w, https:\/\/www.ornithologies.fr\/blog\/lesoiseauxdumonde\/wp-content\/uploads\/sites\/4\/Les-Convoyeurs-600x368.jpg 600w, https:\/\/www.ornithologies.fr\/blog\/lesoiseauxdumonde\/wp-content\/uploads\/sites\/4\/Les-Convoyeurs.jpg 1440w\" sizes=\"auto, (max-width: 1280px) 100vw, 1280px\" \/><\/figure>\n<\/figure>\n\n\n<p style=\"text-align: left;\">Les annonceurs peuvent pr\u00e9senter leurs r\u00e9clames sur ce m\u00e9dia (<a href=\"https:\/\/www.ornithologies.fr\/blog\/lesoiseauxdumonde\/\" target=\"_blank\" rel=\"noopener noreferrer\"><em>Les Oiseaux du Monde<\/em><\/a>), sur <a href=\"https:\/\/www.ornithologies.fr\/blog\/competitions\/\" target=\"_blank\" rel=\"noopener\">UOF Comp\u00e9titions<\/a>, sur le blog du <a href=\"https:\/\/www.ornithologies.fr\/blog\/convoyage\/\" target=\"_blank\" rel=\"noopener\">Convoyage<\/a> et sur le fil d&rsquo;actualit\u00e9s de l&rsquo;Union Ornithologique de France (<a href=\"https:\/\/www.ornithologies.fr\/blog\/\" target=\"_blank\" rel=\"noopener noreferrer\"><em>ornithologies.fr\/blog\/<\/em><\/a>) ouverts au grand public. Ils deviennent \u00e9galement sponsors officiels des visios-conf\u00e9rences p\u00e9dagogiques de l&rsquo;UOF (COM France).<\/p>\n<table class=\" alignright\" style=\"width: 35%;\">\n<tbody>\n<tr>\n<td style=\"text-align: left;\">\n<h5>La r\u00e9gie fonctionne sous la r\u00e8gle de proportionnalit\u00e9 suivante : chaque annonce partage les espaces d\u00e9di\u00e9s d\u00e9crits dans le paragraphe pr\u00e9c\u00e9dent avec les autres annonces en activit\u00e9 sur un pied d&rsquo;\u00e9galit\u00e9.<\/h5>\n<p>Votre annonce apparaitra al\u00e9atoirement, en fonction du nombre d&rsquo;articles consult\u00e9s, ni plus, ni moins que les autres encarts publicitaires.<\/p>\n<\/td>\n<\/tr>\n<\/tbody>\n<\/table>\n<p style=\"text-align: left;\">Atteignez une population plus importante\u00a0cibl\u00e9e sur la passion des oiseaux : France mais aussi lecteurs francophones, abonn\u00e9s ou non \u00e0 la revue sous format papier ou num\u00e9rique (<em>cf adh\u00e9sion \u00e0 l&rsquo;Union Ornithologique de France<\/em>) et demeurant dans le monde entier.<\/p>\n<p style=\"text-align: left;\">Pendant toute la dur\u00e9e de la prestation, vous b\u00e9n\u00e9ficiez de la parution de votre annonce publicitaire en format plein (<em>A4 maximum<\/em>) sous chaque article de ce site (<a href=\"#exemple\"><em>exemple ci-dessous<\/em><\/a>). Un clic sur votre annonce peut conduire \u00e0 un site internet de votre convenance.<br \/>Une autre publication apparait sur le bandeau droit du site sous un format r\u00e9duit au sixi\u00e8me (<em>environ<\/em>) et peut \u00e9galement \u00eatre li\u00e9e \u00e0 un site internet (<em>exemple sur cette page, voir le bandeau de droite<\/em>).<\/p>\n<h4 style=\"text-align: left;\">Et ceci sur tous les m\u00e9dias num\u00e9riques du domaine Ornithologies.fr !<\/h4>\n<p style=\"text-align: left;\">Il n&rsquo;y a aucun quota de parution, ce sont les lecteurs qui, sans le savoir, multiplieront le nombre de vues de votre annonce sur le site internet.<\/p>\n<p style=\"text-align: left;\">Concernant les<strong> visios-conf\u00e9rences<\/strong> : chaque vid\u00e9o est estampill\u00e9e de votre logo en d\u00e9but et en fin. Ce sponsor est unique aux vid\u00e9os parues durant les mois de souscription. Par exemple vous avez souscrit pour les encarts num\u00e9riques du mois de mars, en plus de la parution de votre encart sur l&rsquo;ensemble du domaine ornithologies.fr, vous sponsorisez \u00e9galement chaque visio parue durant le mois (<em>en g\u00e9n\u00e9ral 2<\/em>). Consid\u00e9rant que sans votre soutien la visio n&rsquo;aurait pu \u00eatre organis\u00e9e, le sponsor reste associ\u00e9 \u00e0 la visio-conf\u00e9rence qui reste disponible gratuitement sur Youtube \u00e0 toute personne ayant fait la demande d&rsquo;acc\u00e8s au service (<em><a href=\"https:\/\/www.ornithologies.fr\/blog\/blog\/les-visios-de-luof\/\" target=\"_blank\" rel=\"noopener noreferrer\">voir conditions<\/a><\/em>).<\/p>\n<h3>Le domaine Ornithologies est-il un partenaire fiable \u00e0 forte notori\u00e9t\u00e9 ?<\/h3>\n<p>Nous mettons \u00e0 votre disposition les statistiques de l&rsquo;ann\u00e9e 2021 du trafic du domaine, tous sites confondus en zone s\u00e9curis\u00e9e et non s\u00e9curis\u00e9e.<\/p>\n<p>De f\u00e9vrier 2021 \u00e0 janvier 2022 le domaine a accueilli 226 247 visiteurs diff\u00e9rents qui ont consult\u00e9 2297349 pages. Ce trafic a utilis\u00e9 plus d&rsquo;1 To de bande passante.<\/p>\n<p style=\"text-align: center;\"><a class=\"bouton\" href=\"https:\/\/www.ornithologies.fr\/blog\/lesoiseauxdumonde\/wp-content\/uploads\/sites\/4\/Statistiques-Ornithologies-0221-0122.pdf\">Voir les statistiques d\u00e9taill\u00e9es<\/a><\/p>\n<h2 style=\"text-align: left;\">N&rsquo;h\u00e9sitez plus et profitez de cette opportunit\u00e9.<\/h2>\n<p style=\"text-align: center;\"><a class=\"bouton\" href=\"https:\/\/www.ornithologies.fr\/blog\/lesoiseauxdumonde\/wp-content\/uploads\/sites\/4\/Formulaire-regie-publicitaire.pdf\">T\u00e9l\u00e9chargez le formulaire<\/a> ou <a class=\"bouton\" href=\"mailto:webmaster@ornithologies.fr\" target=\"_blank\" rel=\"noopener noreferrer\">Contactez-nous<\/a><\/p>\n<p><img loading=\"lazy\" decoding=\"async\" class=\"size-full wp-image-1506 alignright\" src=\"https:\/\/www.ornithologies.fr\/blog\/lesoiseauxdumonde\/wp-content\/uploads\/sites\/4\/EnteteRegie.png\" alt=\"\" width=\"622\" height=\"159\" srcset=\"https:\/\/www.ornithologies.fr\/blog\/lesoiseauxdumonde\/wp-content\/uploads\/sites\/4\/EnteteRegie.png 622w, https:\/\/www.ornithologies.fr\/blog\/lesoiseauxdumonde\/wp-content\/uploads\/sites\/4\/EnteteRegie-500x128.png 500w, https:\/\/www.ornithologies.fr\/blog\/lesoiseauxdumonde\/wp-content\/uploads\/sites\/4\/EnteteRegie-300x77.png 300w, https:\/\/www.ornithologies.fr\/blog\/lesoiseauxdumonde\/wp-content\/uploads\/sites\/4\/EnteteRegie-600x153.png 600w\" sizes=\"auto, (max-width: 622px) 100vw, 622px\" \/><\/p>\n<h1 style=\"text-align: left;\">R\u00e8glement<\/h1>\n<h3>Plusieurs moyens de r\u00e8glement sont \u00e0 votre disposition<\/h3>\n<p><span style=\"text-decoration: underline;\">Par ch\u00e8que<\/span>, \u00e0 l\u2019ordre de la <strong>SAS Les Oiseaux du Monde<\/strong>, \u00e0 joindre \u00e0 ce formulaire,<\/p>\n<p><span style=\"text-decoration: underline;\">Par virement<\/span> sur le compte : <strong>SAS Les Oiseaux du Monde &#8211; CCM CHATELLERAULT &#8211; Banque : 10278 &#8211; Guichet : 36420 &#8211; <\/strong><strong>N\u00b0000115340001\/03 &#8211; IBAN : FR76 1027 8364 2000 0115 3400 103 &#8211; BIC\/SWIFT : CMCIFR2A<\/strong>. Joignez un justificatif.<\/p>\n<p><span style=\"text-decoration: underline;\">Paypal<\/span> : d\u00e8s r\u00e9ception de votre formulaire, le r\u00e9gisseur vous adressera un ordre de paiement Paypal.<\/p>\n<p><span style=\"text-decoration: underline;\">Pr\u00e9l\u00e8vement trimestriel<\/span> : remplissez la demande de pr\u00e9l\u00e8vement au recto. Joignez un relev\u00e9 d\u2019identit\u00e9 bancaire (R.I.B.)<\/p>\n<h2>TOUT ORDRE D\u2019INSERTION DOIT \u00caTRE ACCOMPAGN\u00c9 DU R\u00c8GLEMENT DU COUT TOTAL DE CELUI-CI.<\/h2>\n<h3>Votre encart publicitaire<\/h3>\n<p>Veuillez nous fournir tous les \u00e9l\u00e9ments n\u00e9cessaires \u00e0 leur insertion sous forme de fichier pr\u00eat \u00e0 ins\u00e9rer : <strong>PDF ou JPG (300 DPI)<\/strong> \u00e0 adresser \u00e0 <a href=\"mailto:webmaster@ornithologies.fr\">webmaster@ornithologies.fr<\/a>, accompagn\u00e9 de l\u2019adresse vers votre site internet \u00e0 lier \u00e0 votre encart publicitaire num\u00e9rique.<br \/>Il est rappel\u00e9 que toute d\u00e9pense extraordinaire occasionn\u00e9e par la confection du visuel demeure \u00e0 la charge des annonceurs, sur devis de notre prestataire.<\/p>\n<h4>Formats :<\/h4>\n<p><span style=\"text-decoration: underline;\">Pleine page et num\u00e9rique<\/span> : A4<strong> (21&#215;29,7cms, portrait)<\/strong><\/p>\n<p><span style=\"text-decoration: underline;\">Demi page<\/span> : A5<strong> (14,8x21cms, paysage)<\/strong><\/p>\n<p><span style=\"text-decoration: underline;\">Quart de page<\/span> :<strong> (10,5&#215;14,8cms, portrait)<\/strong><\/p>\n<h3>Conditions G\u00e9n\u00e9rales de Vente<\/h3>\n<p>L\u2019insertion d\u2019un encart publicitaire peut-\u00eatre refus\u00e9e par le comit\u00e9 de r\u00e9daction si le texte ne correspond pas au caract\u00e8re et \u00e0 l\u2019esprit de la publication, le r\u00e9dacteur est le seul responsable du libell\u00e9 de son insertion vis \u00e0 vis des tiers.<\/p>\n<p>Tout annonceur recevra, \u00e0 titre justificatif, un exemplaire de l\u2019ouvrage si la campagne concerne la publication de l\u2019encart sur la revue papier.<\/p>\n<p>Aucun ordre de publicit\u00e9 ne peut-\u00eatre contremand\u00e9 par le souscripteur apr\u00e8s sa remise. Le client est tenu de remettre en temps utile son ou ses encarts \u00e0 ins\u00e9rer. A d\u00e9faut, l\u2019organe peut, apr\u00e8s mise en demeure rest\u00e9e sans effet, ins\u00e9rer simplement \u00e0 l\u2019emplacement de cette publicit\u00e9, une formule g\u00e9n\u00e9rale telle que : le nom et l\u2019adresse du client ou le nom de la sp\u00e9cialit\u00e9 ou de la marque, pr\u00e9c\u00e9d\u00e9 de la mention \u00abemplacement r\u00e9serv\u00e9\u00bb. La publicit\u00e9 ainsi faite a toute la valeur de celle pr\u00e9vue au contrat.<\/p>\n<p>L\u2019engagement doit \u00eatre sign\u00e9 par le souscripteur. Toutefois il est r\u00e9put\u00e9 valable s\u2019il est sign\u00e9 d\u2019une personne assistant habituellement le souscripteur dans l\u2019exercice de sa profession.<\/p>\n<p>La signature sur le bon de commande de l\u2019annonceur ou de son repr\u00e9sentant engage sa responsabilit\u00e9. Par l\u00e0 m\u00eame, il reconnait avoir pris connaissance d\u2019une part des modalit\u00e9s de r\u00e8glement et d\u2019autre part des conditions g\u00e9n\u00e9rales de vente et s\u2019engage \u00e0 les respecter.<\/p>\n<p>La participation \u00e0 l\u2019\u00e9dition de la revue ne donne aucun avantage ni recours.<\/p>\n<p>En application de la r\u00e9glementation Informatique et libert\u00e9s, vous disposez d\u2019un droit d\u2019acc\u00e8s, de rectification, d\u2019effacement, de limitation du traitement, \u00e0 la portabilit\u00e9 et de d\u00e9finir le sort des donn\u00e9es vous concernant qui s\u2019exercent aupr\u00e8s du D\u00e9l\u00e9gu\u00e9 \u00e0 la protection des donn\u00e9es par courrier \u00e9lectronique \u00e0 l\u2019adresse suivante : <a href=\"mailto:webmaster@ornithologies.fr\">webmaster@ornithologies.fr<\/a> ou par courrier postal \u00e0 l\u2019adresse ci-apr\u00e8s, accompagn\u00e9 d\u2019une copie d\u2019un titre d\u2019identit\u00e9 sign\u00e9.<\/p>\n<p>Les encarts pr\u00eats \u00e0 imprimer doivent parvenir \u00e0 la r\u00e9gie publicitaire au plus tard le 20 du mois pour une parution dans la revue papier du mois suivant.<\/p>\n\n\n<p style=\"text-align: center;\">\u00a0<\/p>\n<h3><img loading=\"lazy\" decoding=\"async\" class=\"size-full wp-image-74 alignleft\" src=\"https:\/\/www.ornithologies.fr\/blog\/lesoiseauxdumonde\/wp-content\/uploads\/sites\/4\/Boitealettres-UOF.png\" alt=\"\" width=\"100\" height=\"137\" \/>Votre contact<\/h3>\n<p>Denis Pasques<br \/>T\u00e9l. : +33 (0) 663 17 88 50<br \/>R\u00e9gie Publicitaire ODM &#8211; Ornithologies<br \/>235 chemin de Mourier<br \/>F07410 &#8211; Saint VICTOR<\/p>\n<hr \/>\n<p style=\"text-align: center;\"><a id=\"exemple\"><\/a><div class=\"bc_random_banner\" data-id=\"82\" data-url=\"https:\/\/www.ornithologies.fr\/blog\/lesoiseauxdumonde\/wp-admin\/admin-ajax.php?action=bc_rb_ads_click&#038;nonce=db7bafd736\"><a target=\"_blank\" href=\"https:\/\/www.ornithologies.fr\/blog\/blog\/les-nouvelles-bagues-uof\/\" title=\"Bagues-2024\"><img decoding=\"async\"  src=\"https:\/\/www.ornithologies.fr\/blog\/wp-content\/uploads\/Bagues-2024.jpg?v=810533\"  title=\"Bagues-2024\"\/><\/a><\/div>\n","protected":false},"excerpt":{"rendered":"<h1>Vous \u00eates professionnel, club ou \u00e9leveur et d\u00e9sirez faire connaitre votre savoir-faire, votre \u00e9v\u00e9nement ou votre \u00e9levage ?<\/h1>\n<h2>Profitez de la baisse des tarifs et des nouveaux services pour flatter votre renomm\u00e9e ou vous d\u00e9marquer \u00e0 un niveau jamais atteint.<\/h2>\n<p>Les \u00ab\u00a0Oiseaux du Monde\u00a0\u00bb est une revue papier et num\u00e9rique \u00e0 destination des \u00e9leveurs d&rsquo;oiseaux &hellip; <\/p>\n<p><a class=\"more-link btn\" href=\"https:\/\/www.ornithologies.fr\/blog\/lesoiseauxdumonde\/espace-annonceurs\/\">Lire la suite<\/a><\/p>\n","protected":false},"author":1,"featured_media":0,"parent":0,"menu_order":8,"comment_status":"closed","ping_status":"closed","template":"","meta":{"footnotes":""},"class_list":["post-233","page","type-page","status-publish","hentry","nodate","item-wrap"],"_links":{"self":[{"href":"https:\/\/www.ornithologies.fr\/blog\/lesoiseauxdumonde\/wp-json\/wp\/v2\/pages\/233","targetHints":{"allow":["GET"]}}],"collection":[{"href":"https:\/\/www.ornithologies.fr\/blog\/lesoiseauxdumonde\/wp-json\/wp\/v2\/pages"}],"about":[{"href":"https:\/\/www.ornithologies.fr\/blog\/lesoiseauxdumonde\/wp-json\/wp\/v2\/types\/page"}],"author":[{"embeddable":true,"href":"https:\/\/www.ornithologies.fr\/blog\/lesoiseauxdumonde\/wp-json\/wp\/v2\/users\/1"}],"replies":[{"embeddable":true,"href":"https:\/\/www.ornithologies.fr\/blog\/lesoiseauxdumonde\/wp-json\/wp\/v2\/comments?post=233"}],"version-history":[{"count":19,"href":"https:\/\/www.ornithologies.fr\/blog\/lesoiseauxdumonde\/wp-json\/wp\/v2\/pages\/233\/revisions"}],"predecessor-version":[{"id":3623,"href":"https:\/\/www.ornithologies.fr\/blog\/lesoiseauxdumonde\/wp-json\/wp\/v2\/pages\/233\/revisions\/3623"}],"wp:attachment":[{"href":"https:\/\/www.ornithologies.fr\/blog\/lesoiseauxdumonde\/wp-json\/wp\/v2\/media?parent=233"}],"curies":[{"name":"wp","href":"https:\/\/api.w.org\/{rel}","templated":true}]}}