{"id":159,"date":"2017-05-24T16:04:47","date_gmt":"2017-05-24T14:04:47","guid":{"rendered":"http:\/\/www.ornithologies.fr\/blog\/lesoiseauxdumonde\/?page_id=159"},"modified":"2024-10-01T14:15:59","modified_gmt":"2024-10-01T12:15:59","slug":"les-petites-annonces","status":"publish","type":"page","link":"https:\/\/www.ornithologies.fr\/blog\/lesoiseauxdumonde\/les-petites-annonces\/","title":{"rendered":"Les Petites Annonces"},"content":{"rendered":"\n<h1 class=\"wp-block-heading\"><img loading=\"lazy\" decoding=\"async\" class=\"size-full wp-image-1727 aligncenter\" src=\"https:\/\/www.ornithologies.fr\/blog\/lesoiseauxdumonde\/wp-content\/uploads\/sites\/4\/Annonce.jpg\" alt=\"\" width=\"1280\" height=\"796\" srcset=\"https:\/\/www.ornithologies.fr\/blog\/lesoiseauxdumonde\/wp-content\/uploads\/sites\/4\/Annonce.jpg 1280w, https:\/\/www.ornithologies.fr\/blog\/lesoiseauxdumonde\/wp-content\/uploads\/sites\/4\/Annonce-500x311.jpg 500w, https:\/\/www.ornithologies.fr\/blog\/lesoiseauxdumonde\/wp-content\/uploads\/sites\/4\/Annonce-300x187.jpg 300w, https:\/\/www.ornithologies.fr\/blog\/lesoiseauxdumonde\/wp-content\/uploads\/sites\/4\/Annonce-768x478.jpg 768w, https:\/\/www.ornithologies.fr\/blog\/lesoiseauxdumonde\/wp-content\/uploads\/sites\/4\/Annonce-1024x637.jpg 1024w, https:\/\/www.ornithologies.fr\/blog\/lesoiseauxdumonde\/wp-content\/uploads\/sites\/4\/Annonce-600x373.jpg 600w, https:\/\/www.ornithologies.fr\/blog\/lesoiseauxdumonde\/wp-content\/uploads\/sites\/4\/Annonce-960x597.jpg 960w\" sizes=\"auto, (max-width: 1280px) 100vw, 1280px\" \/><\/h1>\n\n\n\n<h1 class=\"wp-block-heading\">Chaque mois, consultez les petites annonces de la revue \u00ab\u00a0Les Oiseaux du Monde\u00a0\u00bb.<\/h1>\n\n\n\n<div class=\"wp-block-contact-form-7-contact-form-selector\">\n<div class=\"wpcf7 no-js\" id=\"wpcf7-f2934-o1\" lang=\"fr-FR\" dir=\"ltr\" data-wpcf7-id=\"2934\">\n<div class=\"screen-reader-response\"><p role=\"status\" aria-live=\"polite\" aria-atomic=\"true\"><\/p> <ul><\/ul><\/div>\n<form action=\"\/blog\/lesoiseauxdumonde\/wp-json\/wp\/v2\/pages\/159#wpcf7-f2934-o1\" method=\"post\" class=\"wpcf7-form init\" aria-label=\"Formulaire de contact\" novalidate=\"novalidate\" data-status=\"init\">\n<fieldset class=\"hidden-fields-container\"><input type=\"hidden\" name=\"_wpcf7\" value=\"2934\" \/><input type=\"hidden\" name=\"_wpcf7_version\" value=\"6.1.5\" \/><input type=\"hidden\" name=\"_wpcf7_locale\" value=\"fr_FR\" \/><input type=\"hidden\" name=\"_wpcf7_unit_tag\" value=\"wpcf7-f2934-o1\" \/><input type=\"hidden\" name=\"_wpcf7_container_post\" value=\"0\" \/><input type=\"hidden\" name=\"_wpcf7_posted_data_hash\" value=\"\" \/><input type=\"hidden\" name=\"_wpcf7cf_hidden_group_fields\" value=\"[]\" \/><input type=\"hidden\" name=\"_wpcf7cf_hidden_groups\" value=\"[]\" \/><input type=\"hidden\" name=\"_wpcf7cf_visible_groups\" value=\"[]\" \/><input type=\"hidden\" name=\"_wpcf7cf_repeaters\" value=\"[]\" \/><input type=\"hidden\" name=\"_wpcf7cf_steps\" value=\"{}\" \/><input type=\"hidden\" name=\"_wpcf7cf_options\" value=\"{&quot;form_id&quot;:2934,&quot;conditions&quot;:[{&quot;then_field&quot;:&quot;Afficherannonces&quot;,&quot;and_rules&quot;:[{&quot;if_field&quot;:&quot;Jaiprisconnaissance&quot;,&quot;operator&quot;:&quot;not empty&quot;,&quot;if_value&quot;:&quot;&quot;}]}],&quot;settings&quot;:{&quot;animation&quot;:&quot;yes&quot;,&quot;animation_intime&quot;:200,&quot;animation_outtime&quot;:200,&quot;conditions_ui&quot;:&quot;normal&quot;,&quot;notice_dismissed&quot;:false}}\" \/>\n<\/fieldset>\n<p style=\"background: rgba(255, 255,0, 1); color:rgba(0,0,0,1); padding:10px; text-align:left; font-size: 18px; border: 4px solid rgba(0, 0, 0, 1); font-family: 'marianne'!important;\"><img decoding=\"async\" src=\"https:\/\/www.ornithologies.fr\/blog\/lesoiseauxdumonde\/wp-content\/uploads\/sites\/4\/Logo-Gouvernement-RF.jpg\" alt=\"Gouvernement de la R\u00e9publique Fran\u00e7aise\" style=\"float:right; padding-left:5px; width:200px; border:0!important\" \/>L'acquisition d'un animal non domestique (perroquets, serpents, tortues, autres\u2026) peut \u00eatre soumise \u00e0 d\u00e9claration ou autorisation pr\u00e9alable. Renseignez-vous toujours au pr\u00e9alable aupr\u00e8s de votre direction d\u00e9partementale charg\u00e9e de la protection des populations ou du minist\u00e8re charg\u00e9 de l'\u00e9cologie.<br \/>\nPour plus d'informations, consultez le site du minist\u00e8re charg\u00e9 de l'agriculture : <a href=\"https:\/\/agriculture.gouv.fr\/conseils-et-reglementation-tout-savoir-sur-les-animaux-de-compagnie\" title=\"Minist\u00e8re de l'agriculture\" target=\"_blank\">https:\/\/agriculture.gouv.fr\/conseils-et-reglementation-tout-savoir-sur-les-animaux-de-compagnie<\/a>.\n<\/p>\n<p><span class=\"wpcf7-form-control-wrap\" data-name=\"Jaiprisconnaissance\"><span class=\"wpcf7-form-control wpcf7-checkbox wpcf7-validates-as-required\"><span class=\"wpcf7-list-item first last\"><label><input type=\"checkbox\" name=\"Jaiprisconnaissance[]\" value=\"J&#039;ai bien pris connaissance des messages de sensibilisation et d&#039;information\" \/><span class=\"wpcf7-list-item-label\">J&#039;ai bien pris connaissance des messages de sensibilisation et d&#039;information<\/span><\/label><\/span><\/span><\/span>\n<\/p>\n<h6>Cochez cette case pour obtenir le lien de t\u00e9l\u00e9chargement des petites annonces.\n<\/h6>\n<div class=\"wpcf7-turnstile cf-turnstile\" data-sitekey=\"0x4AAAAAABjOqYnxSTswQbbK\" data-response-field-name=\"_wpcf7_turnstile_response\"><\/div>\n<div data-id=\"Afficherannonces\" data-orig_data_id=\"Afficherannonces\"  class=\"\" data-class=\"wpcf7cf_group\">\n\t<p align=\"center\"><a class=\"bouton\" href=\"https:\/\/www.ornithologies.fr\/blog\/lesoiseauxdumonde\/wp-content\/uploads\/sites\/4\/annonces.pdf\" title=\"T\u00e9l\u00e9charger le fichier des annonces\">T\u00e9l\u00e9charger les petites annonces<\/a>\n\t<\/p>\n<\/div><p style=\"display: none !important;\" class=\"akismet-fields-container\" data-prefix=\"_wpcf7_ak_\"><label>&#916;<textarea name=\"_wpcf7_ak_hp_textarea\" cols=\"45\" rows=\"8\" maxlength=\"100\"><\/textarea><\/label><input type=\"hidden\" id=\"ak_js_1\" name=\"_wpcf7_ak_js\" value=\"179\"\/><script type=\"text\/javascript\">\n\/* <![CDATA[ *\/\ndocument.getElementById( \"ak_js_1\" ).setAttribute( \"value\", ( new Date() ).getTime() );\n\/* ]]> *\/\n<\/script>\n<\/p><div class=\"wpcf7-response-output\" aria-hidden=\"true\"><\/div>\n<\/form>\n<\/div>\n<\/div>\n\n\n<div class=\"wp-block-image\">\n<figure class=\"alignright size-large\"><img decoding=\"async\" src=\"https:\/\/www.ornithologies.fr\/blog\/lesoiseauxdumonde\/wp-content\/uploads\/sites\/4\/annonces.png\" alt=\"\"\/><\/figure>\n<\/div>\n\n\n<h2 class=\"wp-block-heading\">Comment passer une annonce ?<\/h2>\n\n\n\n<p>Vous pouvez passer vos annonces <a href=\"https:\/\/www.ornithologies.fr\/blog\/lesoiseauxdumonde\/les-petites-annonces\/rediger-une-petite-annonce\/\">ici<\/a>. Elles figureront d\u00e8s leur acceptation dans le document \u00e0 t\u00e9l\u00e9charger et dans la newsletter de la revue du mois en cours.<\/p>\n\n\n\n<div class=\"wp-block-buttons is-content-justification-center is-layout-flex wp-container-core-buttons-is-layout-16018d1d wp-block-buttons-is-layout-flex\">\n<div class=\"wp-block-button\"><a class=\"wp-block-button__link wp-element-button\" href=\"https:\/\/www.ornithologies.fr\/blog\/lesoiseauxdumonde\/les-petites-annonces\/rediger-une-petite-annonce\/\">Passer une Annonce<\/a><\/div>\n<\/div>\n\n\n\n<h2 class=\"wp-block-heading\">Annoncez et partagez vos \u00e9v\u00e9nements !<\/h2>\n\n\n\n<p>Que ce soient vos concours, expositions, bourses, journ\u00e9es techniques, sorties coh\u00e9sion, r\u00e9unions ou tous autres \u00e9v\u00e9nements en rapport avec votre activit\u00e9 associative, pass\u00e9s ou \u00e0 venir, vous pouvez les communiquer gr\u00e2ce \u00e0 ce formulaire des petites annonces. Les articles paraitront dans la rubrique <a href=\"https:\/\/www.ornithologies.fr\/blog\/lesoiseauxdumonde\/category\/vie-des-clubs\/\">La vie des Clubs<\/a>.<\/p>\n\n\n\n<h6 class=\"wp-block-heading\">Ce service gratuit est r\u00e9serv\u00e9 aux membres UOF \u00e0 jour de cotisation.<\/h6>\n\n\n\n<div style=\"background: rgba(255, 255,0, 1); color:rgba(0,0,0,1); padding:10px; text-align:left; font-size: 18px; border: 4px solid rgba(0, 0, 0, 1); font-family: 'marianne'!important;\"> <img decoding=\"async\" src=\"https:\/\/www.ornithologies.fr\/blog\/lesoiseauxdumonde\/wp-content\/uploads\/sites\/4\/Logo-Gouvernement-RF.jpg\" alt=\"Gouvernement de la R\u00e9publique Fran\u00e7aise\" style=\"float:right; padding-left:5px; width:200px; border:0!important\">Un animal est un \u00eatre sensible. Vous \u00eates responsable de la sant\u00e9 et du bien-\u00eatre de votre animal pour toute sa vie.<br>Pour plus d&rsquo;informations, consultez le site du minist\u00e8re charg\u00e9 de l&rsquo;agriculture : <a href=\"https:\/\/agriculture.gouv.fr\/conseils-et-reglementation-tout-savoir-sur-les-animaux-de-compagnie\" title=\"Minist\u00e8re de l'agriculture\" target=\"_blank\" rel=\"noopener\">https:\/\/agriculture.gouv.fr\/conseils-et-reglementation-tout-savoir-sur-les-animaux-de-compagnie<\/a>.<\/div>\n\n\n\n<hr class=\"wp-block-separator has-css-opacity\"\/>\n\n\n<div class=\"bc_random_banner\" data-id=\"72\" data-url=\"https:\/\/www.ornithologies.fr\/blog\/lesoiseauxdumonde\/wp-admin\/admin-ajax.php?action=bc_rb_ads_click&#038;nonce=e36337fab4\"><a target=\"_blank\" href=\"https:\/\/www.ornithologies.fr\/boutique\/\" title=\"Pub-Boutique-web\"><img decoding=\"async\" style=width:1280px; height:1811px src=\"https:\/\/www.ornithologies.fr\/blog\/wp-content\/uploads\/Pub-boutique.jpg?v=43543\"  title=\"Pub-Boutique-web\"\/><\/a><\/div>\n\n\n","protected":false},"excerpt":{"rendered":"<h1 class=\"wp-block-heading\"><\/h1>\n<h1 class=\"wp-block-heading\">Chaque mois, consultez les petites annonces de la revue \u00ab\u00a0Les Oiseaux du Monde\u00a0\u00bb.<\/h1>\n<h2 class=\"wp-block-heading\">Comment passer une annonce ?<\/h2>\n<p>Vous pouvez passer vos annonces ici. Elles figureront d\u00e8s leur acceptation dans le document \u00e0 t\u00e9l\u00e9charger et dans la newsletter de la revue du mois en cours.<\/p>\n<p> Passer une Annonce <\/p>\n<h2 class=\"wp-block-heading\">Annoncez et &hellip; <\/p>\n<p><a class=\"more-link btn\" href=\"https:\/\/www.ornithologies.fr\/blog\/lesoiseauxdumonde\/les-petites-annonces\/\">Lire la suite<\/a><\/p>\n<\/h2>\n","protected":false},"author":1,"featured_media":0,"parent":0,"menu_order":4,"comment_status":"closed","ping_status":"closed","template":"","meta":{"footnotes":""},"class_list":["post-159","page","type-page","status-publish","hentry","nodate","item-wrap"],"_links":{"self":[{"href":"https:\/\/www.ornithologies.fr\/blog\/lesoiseauxdumonde\/wp-json\/wp\/v2\/pages\/159","targetHints":{"allow":["GET"]}}],"collection":[{"href":"https:\/\/www.ornithologies.fr\/blog\/lesoiseauxdumonde\/wp-json\/wp\/v2\/pages"}],"about":[{"href":"https:\/\/www.ornithologies.fr\/blog\/lesoiseauxdumonde\/wp-json\/wp\/v2\/types\/page"}],"author":[{"embeddable":true,"href":"https:\/\/www.ornithologies.fr\/blog\/lesoiseauxdumonde\/wp-json\/wp\/v2\/users\/1"}],"replies":[{"embeddable":true,"href":"https:\/\/www.ornithologies.fr\/blog\/lesoiseauxdumonde\/wp-json\/wp\/v2\/comments?post=159"}],"version-history":[{"count":29,"href":"https:\/\/www.ornithologies.fr\/blog\/lesoiseauxdumonde\/wp-json\/wp\/v2\/pages\/159\/revisions"}],"predecessor-version":[{"id":3573,"href":"https:\/\/www.ornithologies.fr\/blog\/lesoiseauxdumonde\/wp-json\/wp\/v2\/pages\/159\/revisions\/3573"}],"wp:attachment":[{"href":"https:\/\/www.ornithologies.fr\/blog\/lesoiseauxdumonde\/wp-json\/wp\/v2\/media?parent=159"}],"curies":[{"name":"wp","href":"https:\/\/api.w.org\/{rel}","templated":true}]}}