{"id":828,"date":"2018-07-13T16:48:12","date_gmt":"2018-07-13T14:48:12","guid":{"rendered":"http:\/\/www.ornithologies.fr\/blog\/competitions\/?page_id=828"},"modified":"2024-12-04T09:42:43","modified_gmt":"2024-12-04T08:42:43","slug":"les-classes-concours-mondiales","status":"publish","type":"page","link":"https:\/\/www.ornithologies.fr\/blog\/competitions\/les-classes-concours-mondiales\/","title":{"rendered":"Les Classes Concours Mondiales"},"content":{"rendered":"\n<div class=\"textetitre\">\u00a0<\/div>\n\n\n<div class=\"wp-block-image wp-image-839\">\n<figure class=\"alignleft\"><img loading=\"lazy\" decoding=\"async\" width=\"262\" height=\"300\" src=\"https:\/\/www.ornithologies.fr\/blog\/competitions\/wp-content\/uploads\/sites\/5\/Ara-Eleveur-JC-Courtial-Ph-D-Pasques-262x300.png\" alt=\"\" class=\"wp-image-839\" srcset=\"https:\/\/www.ornithologies.fr\/blog\/competitions\/wp-content\/uploads\/sites\/5\/Ara-Eleveur-JC-Courtial-Ph-D-Pasques-262x300.png 262w, https:\/\/www.ornithologies.fr\/blog\/competitions\/wp-content\/uploads\/sites\/5\/Ara-Eleveur-JC-Courtial-Ph-D-Pasques-131x150.png 131w, https:\/\/www.ornithologies.fr\/blog\/competitions\/wp-content\/uploads\/sites\/5\/Ara-Eleveur-JC-Courtial-Ph-D-Pasques.png 500w\" sizes=\"auto, (max-width: 262px) 100vw, 262px\" \/><figcaption class=\"wp-element-caption\">Ara Ararauna [\u00a9 Denis Pasques &#8211; El. Jean-Christophe Courtial]<\/figcaption><\/figure>\n<\/div>\n\n\n<h1 class=\"wp-block-heading\"><img loading=\"lazy\" decoding=\"async\" class=\"alignright wp-image-829\" src=\"https:\/\/www.ornithologies.fr\/blog\/competitions\/wp-content\/uploads\/sites\/5\/COM-150x150.png\" alt=\"\" width=\"200\" height=\"200\" srcset=\"https:\/\/www.ornithologies.fr\/blog\/competitions\/wp-content\/uploads\/sites\/5\/COM-150x150.png 150w, https:\/\/www.ornithologies.fr\/blog\/competitions\/wp-content\/uploads\/sites\/5\/COM-300x300.png 300w, https:\/\/www.ornithologies.fr\/blog\/competitions\/wp-content\/uploads\/sites\/5\/COM.png 500w\" sizes=\"auto, (max-width: 200px) 100vw, 200px\" \/><\/h1>\n\n\n\n<h1 class=\"wp-block-heading\">Classification Officielle Mondiale<\/h1>\n\n\n\n<h3 class=\"wp-block-heading\">Conf\u00e9d\u00e9ration Ornithologique Mondiale 2025<\/h3>\n\n\n\n<p>T\u00e9l\u00e9chargez ci-dessous les classes qui seront \u00e0 utiliser pour le prochain championnat du Monde.<\/p>\n\n\n\n<div class=\"wp-block-buttons is-content-justification-center is-layout-flex wp-container-core-buttons-is-layout-16018d1d wp-block-buttons-is-layout-flex\">\n<div class=\"wp-block-button\"><a class=\"wp-block-button__link wp-element-button\" href=\"https:\/\/www.ornithologies.fr\/blog\/competitions\/wp-content\/uploads\/sites\/5\/listeclassescom.pdf\">T\u00e9l\u00e9charger la liste des classes mondiales<\/a><\/div>\n<\/div>\n\n\n\n<hr class=\"wp-block-separator has-alpha-channel-opacity\"\/>\n\n\n<div class=\"bc_random_banner\" data-id=\"36\" data-url=\"https:\/\/www.ornithologies.fr\/blog\/competitions\/wp-admin\/admin-ajax.php?action=bc_rb_ads_click&#038;nonce=411650420e\"><a target=\"_blank\" href=\"https:\/\/www.ornithologies.fr\/blog\/lesoiseauxdumonde\/espace-annonceurs\/\" title=\"Encart-regie-pour-le-web\"><img decoding=\"async\" style=width:1280px; height:1811px src=\"https:\/\/www.ornithologies.fr\/blog\/wp-content\/uploads\/Pub-regie.jpg?v=36710\"  title=\"Encart-regie-pour-le-web\"\/><\/a><\/div>\n","protected":false},"excerpt":{"rendered":"<p>\u00a0 Classification Officielle Mondiale Conf\u00e9d\u00e9ration Ornithologique Mondiale 2025 T\u00e9l\u00e9chargez ci-dessous les classes qui seront \u00e0 utiliser pour le prochain championnat du Monde.<\/p>\n","protected":false},"author":1,"featured_media":0,"parent":0,"menu_order":0,"comment_status":"closed","ping_status":"closed","template":"","meta":{"footnotes":""},"class_list":["post-828","page","type-page","status-publish","hentry"],"_links":{"self":[{"href":"https:\/\/www.ornithologies.fr\/blog\/competitions\/wp-json\/wp\/v2\/pages\/828","targetHints":{"allow":["GET"]}}],"collection":[{"href":"https:\/\/www.ornithologies.fr\/blog\/competitions\/wp-json\/wp\/v2\/pages"}],"about":[{"href":"https:\/\/www.ornithologies.fr\/blog\/competitions\/wp-json\/wp\/v2\/types\/page"}],"author":[{"embeddable":true,"href":"https:\/\/www.ornithologies.fr\/blog\/competitions\/wp-json\/wp\/v2\/users\/1"}],"replies":[{"embeddable":true,"href":"https:\/\/www.ornithologies.fr\/blog\/competitions\/wp-json\/wp\/v2\/comments?post=828"}],"version-history":[{"count":5,"href":"https:\/\/www.ornithologies.fr\/blog\/competitions\/wp-json\/wp\/v2\/pages\/828\/revisions"}],"predecessor-version":[{"id":2950,"href":"https:\/\/www.ornithologies.fr\/blog\/competitions\/wp-json\/wp\/v2\/pages\/828\/revisions\/2950"}],"wp:attachment":[{"href":"https:\/\/www.ornithologies.fr\/blog\/competitions\/wp-json\/wp\/v2\/media?parent=828"}],"curies":[{"name":"wp","href":"https:\/\/api.w.org\/{rel}","templated":true}]}}