{"id":795,"date":"2018-07-13T12:18:23","date_gmt":"2018-07-13T10:18:23","guid":{"rendered":"http:\/\/www.ornithologies.fr\/blog\/competitions\/?page_id=795"},"modified":"2026-03-13T17:14:00","modified_gmt":"2026-03-13T16:14:00","slug":"les-classes-concours-nationales","status":"publish","type":"page","link":"https:\/\/www.ornithologies.fr\/blog\/competitions\/les-classes-concours-nationales\/","title":{"rendered":"Les Classes Concours Nationales"},"content":{"rendered":"\n<h3 class=\"wp-block-heading\">Voici la classification en vigueur pour toute manifestation UOF ayant lieu sur le territoire pour la saison 2025.<\/h3>\n\n\n\n<p class=\"has-text-align-center\"><a class=\"bouton\" href=\"https:\/\/www.ornithologies.fr\/blog\/competitions\/wp-content\/uploads\/sites\/5\/listeclasses.pdf\" target=\"_blank\" rel=\"noopener\">T\u00e9l\u00e9charger la liste des classes nationales<\/a><\/p>\n\n\n\n<hr class=\"wp-block-separator has-alpha-channel-opacity\"\/>\n\n\n<div class=\"wp-block-image\">\n<figure class=\"alignright size-full is-resized\"><img loading=\"lazy\" decoding=\"async\" width=\"500\" height=\"647\" src=\"https:\/\/www.ornithologies.fr\/blog\/competitions\/wp-content\/uploads\/sites\/5\/Nouvelles-Classes-pour-le-web-grand.png\" alt=\"\" class=\"wp-image-822\" style=\"width:278px;height:auto\" srcset=\"https:\/\/www.ornithologies.fr\/blog\/competitions\/wp-content\/uploads\/sites\/5\/Nouvelles-Classes-pour-le-web-grand.png 500w, https:\/\/www.ornithologies.fr\/blog\/competitions\/wp-content\/uploads\/sites\/5\/Nouvelles-Classes-pour-le-web-grand-116x150.png 116w, https:\/\/www.ornithologies.fr\/blog\/competitions\/wp-content\/uploads\/sites\/5\/Nouvelles-Classes-pour-le-web-grand-232x300.png 232w\" sizes=\"auto, (max-width: 500px) 100vw, 500px\" \/><\/figure>\n<\/div>\n\n\n<h2 class=\"wp-block-heading\">La classification regroupe sous un seul document officiel en PDF intitul\u00e9 : \u00ab CLASSIFICATION OFFICIELLE 2025 &#8211; 2026 \u00bb<\/h2>\n\n\n\n<p>Nous avons le plaisir de vous proposer le fichier PDF de la <strong>CLASSIFICATION OFFICIELLE<\/strong>, classification qui restera en vigueur jusqu\u2019au 30 juin 2026.<\/p>\n\n\n<div class=\"wp-block-image size-full wp-image-801\">\n<figure class=\"alignleft\"><img loading=\"lazy\" decoding=\"async\" width=\"256\" height=\"268\" src=\"https:\/\/www.ornithologies.fr\/blog\/competitions\/wp-content\/uploads\/sites\/5\/DSC_9458-Eleveur-Jean-Luc-Navarro-Photo-Guy-Doumergue.png\" alt=\"\" class=\"wp-image-801\" srcset=\"https:\/\/www.ornithologies.fr\/blog\/competitions\/wp-content\/uploads\/sites\/5\/DSC_9458-Eleveur-Jean-Luc-Navarro-Photo-Guy-Doumergue.png 256w, https:\/\/www.ornithologies.fr\/blog\/competitions\/wp-content\/uploads\/sites\/5\/DSC_9458-Eleveur-Jean-Luc-Navarro-Photo-Guy-Doumergue-143x150.png 143w\" sizes=\"auto, (max-width: 256px) 100vw, 256px\" \/><figcaption class=\"wp-element-caption\">\u00a9 El. Jean-Luc Navarro &#8211; Photo Guy Doumergue<\/figcaption><\/figure>\n<\/div>\n\n\n<p>Cette classification sera mise \u00e0 jour sur le logiciel de Concours <strong>ORNITHO-EXPO<\/strong> durant la saison estivale et sera valable pour l\u2019ensemble des concours organis\u00e9s au sein de notre Union. En effet, propre \u00e0 l&#8217;UOF (COM France) pour les concours UOF (COM France), nous tenons \u00e0 rappeler que cette classification ne peut \u00eatre utilis\u00e9e lors de concours ornithologiques organis\u00e9s par des clubs non UOF, sauf autorisation expresse du Pr\u00e9sident de la F\u00e9d\u00e9ration.<\/p>\n\n\n\n<p>Elle a \u00e9t\u00e9 pr\u00e9sent\u00e9e aux pr\u00e9sidents des diff\u00e9rentes r\u00e9gions et valid\u00e9e par ceux-ci lors du congr\u00e8s de mai 2025. Elle tient compte de toutes les propositions faites au niveau de notre Commission des Juges.<\/p>\n\n\n\n<p>L&#8217;\u00e9laboration des classes est organis\u00e9e selon un m\u00eame principe pour toutes les sections d&#8217;oiseaux et restera identique pour les ann\u00e9es \u00e0 venir. C\u2019est \u00e0 partir de ce document que seront \u00ab travaill\u00e9es \u00bb les \u00e9volutions du 1\u00b0 Juillet 2026.<\/p>\n\n\n\n<p>Nous tenons \u00e9galement \u00e0 remercier ici tous les acteurs qui ont contribu\u00e9 \u00e0 sa mise en \u0153uvre.<\/p>\n\n\n\n<hr class=\"wp-block-separator has-alpha-channel-opacity\"\/>\n\n\n<div class=\"bc_random_banner\" data-id=\"58\" data-url=\"https:\/\/www.ornithologies.fr\/blog\/competitions\/wp-admin\/admin-ajax.php?action=bc_rb_ads_click&#038;nonce=96a2d86b43\"><a target=\"_blank\" href=\"https:\/\/ardapcare.com\/en\/collections\/vogelprodukte\" title=\"Pub-Quiko-canari\"><img decoding=\"async\"  src=\"https:\/\/www.ornithologies.fr\/blog\/wp-content\/uploads\/Pub-Quiko-canari.jpg?v=922890\"  title=\"Pub-Quiko-canari\"\/><\/a><\/div>\n","protected":false},"excerpt":{"rendered":"<p>Voici la classification en vigueur pour toute manifestation UOF ayant lieu sur le territoire pour la saison 2025. T\u00e9l\u00e9charger la liste des classes nationales La classification regroupe sous un seul <a href=\"https:\/\/www.ornithologies.fr\/blog\/competitions\/les-classes-concours-nationales\/\" class=\"read-more button-fancy -red\"><span class=\"btn-arrow\"><\/span><span class=\"twp-read-more text\">Continuer la lecture<\/span><\/a><\/p>\n","protected":false},"author":1,"featured_media":825,"parent":0,"menu_order":0,"comment_status":"closed","ping_status":"closed","template":"","meta":{"footnotes":""},"class_list":["post-795","page","type-page","status-publish","has-post-thumbnail","hentry"],"_links":{"self":[{"href":"https:\/\/www.ornithologies.fr\/blog\/competitions\/wp-json\/wp\/v2\/pages\/795","targetHints":{"allow":["GET"]}}],"collection":[{"href":"https:\/\/www.ornithologies.fr\/blog\/competitions\/wp-json\/wp\/v2\/pages"}],"about":[{"href":"https:\/\/www.ornithologies.fr\/blog\/competitions\/wp-json\/wp\/v2\/types\/page"}],"author":[{"embeddable":true,"href":"https:\/\/www.ornithologies.fr\/blog\/competitions\/wp-json\/wp\/v2\/users\/1"}],"replies":[{"embeddable":true,"href":"https:\/\/www.ornithologies.fr\/blog\/competitions\/wp-json\/wp\/v2\/comments?post=795"}],"version-history":[{"count":9,"href":"https:\/\/www.ornithologies.fr\/blog\/competitions\/wp-json\/wp\/v2\/pages\/795\/revisions"}],"predecessor-version":[{"id":3128,"href":"https:\/\/www.ornithologies.fr\/blog\/competitions\/wp-json\/wp\/v2\/pages\/795\/revisions\/3128"}],"wp:featuredmedia":[{"embeddable":true,"href":"https:\/\/www.ornithologies.fr\/blog\/competitions\/wp-json\/wp\/v2\/media\/825"}],"wp:attachment":[{"href":"https:\/\/www.ornithologies.fr\/blog\/competitions\/wp-json\/wp\/v2\/media?parent=795"}],"curies":[{"name":"wp","href":"https:\/\/api.w.org\/{rel}","templated":true}]}}