{"id":460,"date":"2018-07-09T11:55:53","date_gmt":"2018-07-09T09:55:53","guid":{"rendered":"http:\/\/www.ornithologies.fr\/blog\/competitions\/?page_id=460"},"modified":"2024-09-25T18:52:55","modified_gmt":"2024-09-25T16:52:55","slug":"le-challenge-competiteurs","status":"publish","type":"page","link":"https:\/\/www.ornithologies.fr\/blog\/competitions\/le-challenge-competiteurs\/","title":{"rendered":"Les Challenges"},"content":{"rendered":"\n<h2 class=\"wp-block-heading\">Le Challenge Comp\u00e9titeurs<\/h2>\n\n\n\n<h3 class=\"wp-block-heading\">Sont concern\u00e9s les \u00e9leveurs UOF, pour leurs oiseaux bagu\u00e9s UOF. R\u00e9sultats pris en compte sur l\u2019ensemble de la saison.<\/h3>\n\n\n\n<h4 class=\"wp-block-heading\">Il existe quatre groupes :<\/h4>\n\n\n\n<ul class=\"wp-block-list\">\n<li>Canaris couleurs<\/li>\n\n\n\n<li>Canaris de posture<\/li>\n\n\n\n<li>Psittacid\u00e9s<\/li>\n\n\n\n<li>exotiques + faune europ\u00e9enne + hybrides<\/li>\n<\/ul>\n\n\n\n<h4 class=\"wp-block-heading\">Il existe aussi des bonus :<\/h4>\n\n\n\n<p>A chaque fois que l\u2019\u00e9leveur participe \u00e0 un concours organis\u00e9 par un club UOF ou par une composante UOF il a droit \u00e0 un bonus de 3 points pour chaque concours <em>(m\u00eame si l\u2019\u00e9leveur n\u2019y remporte pas de m\u00e9dailles)<\/em>. Cela concerne le National UOF, les internationaux COM organis\u00e9s en France par un club UOF, les festivals techniques de composantes UOF <em>(CGTE, CTP, CT Mandarin, AFO, festivals co-organis\u00e9s avec la CNJF\u2026<\/em><em>)<\/em>, les championnats r\u00e9gionaux et les championnats locaux des clubs UOF.<\/p>\n\n\n\n<h4 class=\"wp-block-heading\">Bonus nouveaux exposants<\/h4>\n\n\n\n<p>Si c\u2019est la premi\u00e8re fois de votre vie que vous participez \u00e0 des concours ornithologiques vous avez droit \u00e0 un bonus de 15 points. Si c\u2019est la deuxi\u00e8me fois de votre vie que vous participez \u00e0 des concours, vous avez droit \u00e0 un bonus de 5 points.<\/p>\n\n\n\n<h3 class=\"wp-block-heading\">Bar\u00e8me et formulaire pour transmission des r\u00e9sultats<\/h3>\n\n\n\n<p>Il existe un formulaire en PDF qui peut \u00eatre imprim\u00e9, rempli puis envoy\u00e9 par courrier postal ou par internet <em>(apr\u00e8s avoir \u00e9t\u00e9 scann\u00e9)<\/em>. Vous devez joindre un justificatif de vos r\u00e9sultats.<\/p>\n\n\n\n<div class=\"wp-block-buttons is-content-justification-center is-layout-flex wp-container-core-buttons-is-layout-16018d1d wp-block-buttons-is-layout-flex\">\n<div class=\"wp-block-button\"><a class=\"wp-block-button__link wp-element-button\" href=\"https:\/\/www.ornithologies.fr\/blog\/competitions\/wp-content\/uploads\/sites\/5\/recapitulatifclassementcompetiteur.pdf\">Fichier PDF<\/a><\/div>\n<\/div>\n\n\n\n<div style=\"height:20px\" aria-hidden=\"true\" class=\"wp-block-spacer\"><\/div>\n\n\n\n<p>Sur la base du volontariat, soit le club envoie une liste des participants, soit l&#8217;\u00e9leveur lui-m\u00eame se manifeste. Il convient alors d&#8217;envoyer uniquement la liste des concours fran\u00e7ais auxquels on a particip\u00e9.<\/p>\n\n\n\n<p>Pour les concours internationaux, il faudra joindre l&#8217;attestation de r\u00e9sultats ou la copie du palmar\u00e8s.<\/p>\n\n\n\n<p>Les clubs organisateurs d&#8217;un concours doivent faire parvenir soit une sauvegarde, soit les attestations de r\u00e9sultats du concours en PDF.<\/p>\n\n\n\n<p>Ces documents seront \u00e0 envoyer directement au responsable national par internet :<\/p>\n\n\n\n<p>Sonia HAENSEL &#8211; 1A rue Engelbreit &#8211; 67200 STRASBOURG &#8211; <a href=\"mailto:competitions@ornithologies.fr\">competitions@ornithologies.fr<\/a><\/p>\n\n\n\n<h2 class=\"wp-block-heading\">Le Championnat Interclubs<\/h2>\n\n\n\n<p>Il existe aussi une comp\u00e9tition interclubs pour les quatre groupes d&#8217;oiseaux, r\u00e9compens\u00e9e par des inscriptions gratuites au championnat de France. Le responsable de chaque club fait aussi remonter fin janvier \u00e0 Sonia Haensel la liste des \u00e9leveurs comp\u00e9titeurs de son club en pr\u00e9cisant pour quel groupe d&#8217;oiseaux ils sont pris en compte. Les points pris en compte sont les m\u00eames que le classement individuel.<\/p>\n\n\n\n<h3 class=\"wp-block-heading\">Calendrier :<\/h3>\n\n\n\n<ul class=\"wp-block-list\">\n<li>R\u00e9colte et transmission des r\u00e9sultats jusqu\u2019\u00e0 <strong>fin janvier<\/strong>,<\/li>\n\n\n\n<li>Diffusion publique du tableau provisoire des r\u00e9sultats : <strong>15 mars<\/strong><\/li>\n\n\n\n<li>V\u00e9rification par les \u00e9leveurs et clubs, possibilit\u00e9 de rectifications : <strong>jusqu\u2019au 31 mars<\/strong><\/li>\n\n\n\n<li>Diffusion des r\u00e9sultats d\u00e9finitifs : <strong>Avril<\/strong><\/li>\n<\/ul>\n\n\n\n<hr class=\"wp-block-separator has-css-opacity\"\/>\n\n\n<ul class=\"wp-block-latest-posts__list has-dates aligncenter wp-block-latest-posts\"><li><div class=\"wp-block-latest-posts__featured-image alignleft\"><img loading=\"lazy\" decoding=\"async\" width=\"300\" height=\"146\" src=\"https:\/\/www.ornithologies.fr\/blog\/competitions\/wp-content\/uploads\/sites\/5\/Daniel-Hans-Zwolle-2019-300x146.jpg\" class=\"attachment-medium size-medium wp-post-image\" alt=\"\" style=\"max-width:150px;max-height:150px;\" srcset=\"https:\/\/www.ornithologies.fr\/blog\/competitions\/wp-content\/uploads\/sites\/5\/Daniel-Hans-Zwolle-2019-300x146.jpg 300w, https:\/\/www.ornithologies.fr\/blog\/competitions\/wp-content\/uploads\/sites\/5\/Daniel-Hans-Zwolle-2019-1024x498.jpg 1024w, https:\/\/www.ornithologies.fr\/blog\/competitions\/wp-content\/uploads\/sites\/5\/Daniel-Hans-Zwolle-2019-150x73.jpg 150w, https:\/\/www.ornithologies.fr\/blog\/competitions\/wp-content\/uploads\/sites\/5\/Daniel-Hans-Zwolle-2019-768x373.jpg 768w, https:\/\/www.ornithologies.fr\/blog\/competitions\/wp-content\/uploads\/sites\/5\/Daniel-Hans-Zwolle-2019.jpg 1280w\" sizes=\"auto, (max-width: 300px) 100vw, 300px\" \/><\/div><a class=\"wp-block-latest-posts__post-title\" href=\"https:\/\/www.ornithologies.fr\/blog\/competitions\/classements-competiteurs-faisons-les-comptes\/\">Classements comp\u00e9titeurs, faisons les comptes<\/a><time datetime=\"2026-02-20T19:45:09+01:00\" class=\"wp-block-latest-posts__post-date\">20 f\u00e9vrier 2026<\/time><\/li>\n<li><div class=\"wp-block-latest-posts__featured-image alignleft\"><img loading=\"lazy\" decoding=\"async\" width=\"300\" height=\"114\" src=\"https:\/\/www.ornithologies.fr\/blog\/competitions\/wp-content\/uploads\/sites\/5\/template-facebook-challenge-competiteurs-300x114.jpg\" class=\"attachment-medium size-medium wp-post-image\" alt=\"\" style=\"max-width:150px;max-height:150px;\" srcset=\"https:\/\/www.ornithologies.fr\/blog\/competitions\/wp-content\/uploads\/sites\/5\/template-facebook-challenge-competiteurs-300x114.jpg 300w, https:\/\/www.ornithologies.fr\/blog\/competitions\/wp-content\/uploads\/sites\/5\/template-facebook-challenge-competiteurs-150x57.jpg 150w, https:\/\/www.ornithologies.fr\/blog\/competitions\/wp-content\/uploads\/sites\/5\/template-facebook-challenge-competiteurs-768x292.jpg 768w, https:\/\/www.ornithologies.fr\/blog\/competitions\/wp-content\/uploads\/sites\/5\/template-facebook-challenge-competiteurs-600x228.jpg 600w, https:\/\/www.ornithologies.fr\/blog\/competitions\/wp-content\/uploads\/sites\/5\/template-facebook-challenge-competiteurs.jpg 828w\" sizes=\"auto, (max-width: 300px) 100vw, 300px\" \/><\/div><a class=\"wp-block-latest-posts__post-title\" href=\"https:\/\/www.ornithologies.fr\/blog\/competitions\/resultats-des-classements-competiteurs-pour-la-saison-2024-2025\/\">R\u00e9sultats des Classements Comp\u00e9titeurs pour la saison 2024-2025<\/a><time datetime=\"2025-05-22T14:22:32+02:00\" class=\"wp-block-latest-posts__post-date\">22 mai 2025<\/time><\/li>\n<\/ul>\n\n\n<div style=\"height:20px\" aria-hidden=\"true\" class=\"wp-block-spacer\"><\/div>\n\n\n<div class=\"bc_random_banner\" data-id=\"56\" data-url=\"https:\/\/www.ornithologies.fr\/blog\/competitions\/wp-admin\/admin-ajax.php?action=bc_rb_ads_click&#038;nonce=5ded44b801\"><a target=\"_blank\" href=\"https:\/\/www.ornithologies.fr\/boutique\/librairie\/311-vues-de-studio-national-d-agen-2024.html\" title=\"Pub-Vues-de-Studio-Agen-2024\"><img decoding=\"async\"  src=\"https:\/\/www.ornithologies.fr\/blog\/wp-content\/uploads\/Pub-Vues-de-Studio-Agen-2024.jpg?v=261015\"  title=\"Pub-Vues-de-Studio-Agen-2024\"\/><\/a><\/div>\n\n\n","protected":false},"excerpt":{"rendered":"<p>Le Challenge Comp\u00e9titeurs Sont concern\u00e9s les \u00e9leveurs UOF, pour leurs oiseaux bagu\u00e9s UOF. R\u00e9sultats pris en compte sur l\u2019ensemble de la saison. Il existe quatre groupes : Il existe aussi <a href=\"https:\/\/www.ornithologies.fr\/blog\/competitions\/le-challenge-competiteurs\/\" class=\"read-more button-fancy -red\"><span class=\"btn-arrow\"><\/span><span class=\"twp-read-more text\">Continuer la lecture<\/span><\/a><\/p>\n","protected":false},"author":1,"featured_media":467,"parent":0,"menu_order":0,"comment_status":"closed","ping_status":"closed","template":"","meta":{"footnotes":""},"class_list":["post-460","page","type-page","status-publish","has-post-thumbnail","hentry"],"_links":{"self":[{"href":"https:\/\/www.ornithologies.fr\/blog\/competitions\/wp-json\/wp\/v2\/pages\/460","targetHints":{"allow":["GET"]}}],"collection":[{"href":"https:\/\/www.ornithologies.fr\/blog\/competitions\/wp-json\/wp\/v2\/pages"}],"about":[{"href":"https:\/\/www.ornithologies.fr\/blog\/competitions\/wp-json\/wp\/v2\/types\/page"}],"author":[{"embeddable":true,"href":"https:\/\/www.ornithologies.fr\/blog\/competitions\/wp-json\/wp\/v2\/users\/1"}],"replies":[{"embeddable":true,"href":"https:\/\/www.ornithologies.fr\/blog\/competitions\/wp-json\/wp\/v2\/comments?post=460"}],"version-history":[{"count":20,"href":"https:\/\/www.ornithologies.fr\/blog\/competitions\/wp-json\/wp\/v2\/pages\/460\/revisions"}],"predecessor-version":[{"id":2937,"href":"https:\/\/www.ornithologies.fr\/blog\/competitions\/wp-json\/wp\/v2\/pages\/460\/revisions\/2937"}],"wp:featuredmedia":[{"embeddable":true,"href":"https:\/\/www.ornithologies.fr\/blog\/competitions\/wp-json\/wp\/v2\/media\/467"}],"wp:attachment":[{"href":"https:\/\/www.ornithologies.fr\/blog\/competitions\/wp-json\/wp\/v2\/media?parent=460"}],"curies":[{"name":"wp","href":"https:\/\/api.w.org\/{rel}","templated":true}]}}