{"id":2878,"date":"2024-09-23T12:46:58","date_gmt":"2024-09-23T10:46:58","guid":{"rendered":"https:\/\/www.ornithologies.fr\/blog\/competitions\/?page_id=2878"},"modified":"2024-09-23T14:01:18","modified_gmt":"2024-09-23T12:01:18","slug":"prix-speciaux","status":"publish","type":"page","link":"https:\/\/www.ornithologies.fr\/blog\/competitions\/prix-speciaux\/","title":{"rendered":"Prix sp\u00e9ciaux"},"content":{"rendered":"\n<p>Pour agr\u00e9menter vos concours en mettant \u00e0 l&#8217;honneur les meilleurs oiseaux et les meilleurs \u00e9leveurs, une liste de prix sp\u00e9ciaux a \u00e9t\u00e9 \u00e9tablie.<\/p>\n\n\n\n<h2 class=\"wp-block-heading\">Liste des prix sp\u00e9ciaux possibles<\/h2>\n\n\n\n<p>Cliquez sur la cat\u00e9gorie souhait\u00e9e pour voir le d\u00e9tail<\/p>\n\n\n\n<details class=\"wp-block-details has-luminous-vivid-amber-background-color has-background is-layout-flow wp-block-details-is-layout-flow\"><summary>Canaris de chant<\/summary>\n<h3 class=\"wp-block-heading\">Canaris de chant Harz<\/h3>\n\n\n\n<ol class=\"wp-block-list\">\n<li>Meilleur canari harz de \u2026\u2026.<\/li>\n\n\n\n<li>a. Meilleur harz classique, meilleur harz couleur, meilleur harz posture <em>(si 90 points minimum)&nbsp;<\/em><br>b. Meilleur duo <em>(s\u00e9rie) <\/em>harz<em> (si 180 minimum) <\/em>et meilleur stam harz<em> (si 360 minimum)<\/em><\/li>\n\n\n\n<li>Challenge hommage \u00e0 M \u2026.. : Meilleur \u00e9leveur harz sur 8 oiseaux<\/li>\n<\/ol>\n\n\n\n<h3 class=\"wp-block-heading\">Canaris de chant Malinois<\/h3>\n\n\n\n<ol class=\"wp-block-list\">\n<li>Meilleur canari malinois de \u2026\u2026.<\/li>\n\n\n\n<li>a. Meilleur malinois jaune <em>(hupp\u00e9 ou non hupp\u00e9)<\/em>, meilleur malinois blanc <em>(hupp\u00e9 ou non hupp\u00e9)<\/em>&nbsp;<br>b. Meilleur duo <em>(s\u00e9rie)<\/em> tous malinois et meilleur stam tous malinois<\/li>\n\n\n\n<li>Challenge hommage \u00e0 M \u2026.. : Meilleur \u00e9leveur malinois sur 6 oiseaux<\/li>\n<\/ol>\n\n\n\n<h3 class=\"wp-block-heading\">Canaris de chant Timbrado et Chanteur espagnol<\/h3>\n\n\n\n<ol class=\"wp-block-list\">\n<li>Meilleur canari timbrado + chanteur espagnol de \u2026\u2026.<\/li>\n\n\n\n<li>a. Meilleur timbrado original, meilleur timbrado clasico, meilleur timbrado floreado, meilleur chanteur espagnol <em>(si 90 points minimum)<\/em><br>b. Meilleur duo <em>(s\u00e9rie)<\/em> timbrado + chanteur espagnol <em>(si 180 minimum)<\/em> et meilleur stam timbrado + chanteur espagnol <em>(si 360 minimum)<\/em><\/li>\n\n\n\n<li>Challenge hommage \u00e0 M \u2026..&nbsp;: Meilleur \u00e9leveur timbrados sur 8 oiseaux<\/li>\n<\/ol>\n<\/details>\n\n\n\n<details class=\"wp-block-details has-background is-layout-flow wp-block-details-is-layout-flow\" style=\"background-color:#fff200\"><summary>Canaris couleurs<\/summary>\n<ol class=\"wp-block-list\">\n<li><strong>Meilleur canari couleur de \u2026\u2026.<\/strong><\/li>\n\n\n\n<li><strong>G P E<\/strong> <strong>&#8211; Grands Prix de l\u2019Exposition en&#8230;<\/strong>\n<ul class=\"wp-block-list\">\n<li>Lipochromes non mosa\u00efques<\/li>\n\n\n\n<li>Lipochromes Mosa\u00efques<\/li>\n\n\n\n<li>M\u00e9lanines classiques non mosa\u00efques<\/li>\n\n\n\n<li>M\u00e9lanines classiques mosa\u00efques<\/li>\n\n\n\n<li>M\u00e9lanines couleurs nouvelles non mosa\u00efques<\/li>\n\n\n\n<li>M\u00e9lanines couleurs nouvelles mosa\u00efques<\/li>\n<\/ul>\n<\/li>\n\n\n\n<li><strong>Champions de groupe<\/strong>\n<ul class=\"wp-block-list\">\n<li>M1 Meilleur lipochrome blanc<\/li>\n\n\n\n<li>M2 Meilleur lipochrome intensif fond jaune<\/li>\n\n\n\n<li>M3 Meilleur lipochrome schimmel fond jaune<\/li>\n\n\n\n<li>M4 Meilleur lipochrome mosa\u00efque fond jaune<\/li>\n\n\n\n<li>M5 Meilleur lipochrome intensif fond rouge<\/li>\n\n\n\n<li>M6 Meilleur lipochrome schimmel fond rouge<\/li>\n\n\n\n<li>M7 Meilleur lipochrome mosa\u00efque fond rouge<\/li>\n\n\n\n<li>M8 Meilleur classique noir<\/li>\n\n\n\n<li>M9 Meilleur classique brun<\/li>\n\n\n\n<li>M10 Meilleur classique agate<\/li>\n\n\n\n<li>M11 Meilleur classique isabelle<\/li>\n\n\n\n<li>M12 Meilleur pastel<\/li>\n\n\n\n<li>M13 Meilleur opale<\/li>\n\n\n\n<li>M14 Meilleur pha\u00e9o<\/li>\n\n\n\n<li>M15 Meilleur satin\u00e9<\/li>\n\n\n\n<li>M16 Meilleur ailes grises<\/li>\n\n\n\n<li>M17 Meilleur topaze<\/li>\n\n\n\n<li>M18 Meilleur eumo<\/li>\n\n\n\n<li>M19 Meilleur onyx<\/li>\n\n\n\n<li>M20 Meilleur cobalt<\/li>\n\n\n\n<li>M21 Meilleur jaspe SD<\/li>\n\n\n\n<li>M22 Meilleur mogno<\/li>\n\n\n\n<li>M23 Meilleur jaspe DD<\/li>\n\n\n\n<li>M24 Meilleur couleur en \u00e9tude<\/li>\n\n\n\n<li>M25 Meilleur duo<\/li>\n\n\n\n<li>M26 Meilleur stam<\/li>\n<\/ul>\n<\/li>\n\n\n\n<li><strong>Prix d&#8217;\u00e9levage<\/strong> <em>(Calcul sur 8 oiseaux)<\/em>\n<ul class=\"wp-block-list\">\n<li>Lipochromes non mosa\u00efques<\/li>\n\n\n\n<li>Lipochromes mosa\u00efques<\/li>\n\n\n\n<li>M\u00e9lanines classiques non mosa\u00efques<\/li>\n\n\n\n<li>M\u00e9lanines classiques mosa\u00efques<\/li>\n\n\n\n<li>M\u00e9lanines couleurs nouvelles non mosa\u00efques<\/li>\n\n\n\n<li>M\u00e9lanines couleurs nouvelles mosa\u00efques<\/li>\n<\/ul>\n<\/li>\n\n\n\n<li><strong>Challenge en hommage \u00e0 M \u2026\u2026\u2026..&nbsp;: Meilleur \u00e9leveur Canaris couleurs sur 15 oiseaux<\/strong><br><\/li>\n<\/ol>\n\n\n\n<p><\/p>\n<\/details>\n\n\n\n<details class=\"wp-block-details has-background is-layout-flow wp-block-details-is-layout-flow\" style=\"background-color:#fff89c\"><summary>Canaris de posture<\/summary>\n<ol class=\"wp-block-list\">\n<li><strong>Meilleur canari posture de \u2026\u2026.<\/strong><\/li>\n\n\n\n<li><strong>G P E<\/strong> &#8211; <strong>Grands prix de l\u2019exposition en&#8230;<\/strong><br><em>(photo encadr\u00e9e de l\u2019oiseau)<\/em>\n<ul class=\"wp-block-list\">\n<li>Plumes lisses non hupp\u00e9s<\/li>\n\n\n\n<li>Plumes lisses hupp\u00e9s<\/li>\n\n\n\n<li>Fris\u00e9s non hupp\u00e9s<\/li>\n\n\n\n<li>Fris\u00e9s hupp\u00e9s<\/li>\n<\/ul>\n<\/li>\n\n\n\n<li><strong>Champions de groupe<\/strong><br><em>(cocardes sp\u00e9ciales)<\/em>\n<ul class=\"wp-block-list\">\n<li>M1 Meilleur arlequin portugais<\/li>\n\n\n\n<li>M2 Meilleur hupp\u00e9 allemand<\/li>\n\n\n\n<li>M3 Meilleur irish fancy<\/li>\n\n\n\n<li>M4 Meilleur lizard<\/li>\n\n\n\n<li>M5 Meilleur London fancy<\/li>\n\n\n\n<li>M6 Meilleur gloster corona<\/li>\n\n\n\n<li>M7 Meilleur gloster consort<\/li>\n\n\n\n<li>M8 Meilleur crest + crestbred<\/li>\n\n\n\n<li>M9 Meilleur Norwich<\/li>\n\n\n\n<li>M10 Meilleur border<\/li>\n\n\n\n<li>M11 Meilleur fife fancy<\/li>\n\n\n\n<li>M12 Meilleur hoso japonais<\/li>\n\n\n\n<li>M13 Meilleur raza espanola<\/li>\n\n\n\n<li>M14 Meilleur scotch fancy<\/li>\n\n\n\n<li>M15 Meilleur bernois<\/li>\n\n\n\n<li>M16 Meilleur bossu belge<\/li>\n\n\n\n<li>M17 Meilleur llarget<\/li>\n\n\n\n<li>M18 Meilleur Lancashire copy + plainhead<\/li>\n\n\n\n<li>M19 Meilleur m\u00fcnchener<\/li>\n\n\n\n<li>M20 Meilleur rheinl\u00e4nder hupp\u00e9 + non hupp\u00e9<\/li>\n\n\n\n<li>M21 Meilleur salentino hupp\u00e9 + non hupp\u00e9<\/li>\n\n\n\n<li>M22 Meilleur Yorkshire<\/li>\n\n\n\n<li>M23 Meilleur rasmi perse<\/li>\n\n\n\n<li>M24 Meilleur gibber italicus<\/li>\n\n\n\n<li>M25 Meilleur giboso espagnol<\/li>\n\n\n\n<li>M26 Meilleur giraldillo sevillano<\/li>\n\n\n\n<li>M27 Meilleur fris\u00e9 du sud<\/li>\n\n\n\n<li>M28 Meilleur fris\u00e9 suisse<\/li>\n\n\n\n<li>M29 Meilleur m\u00e9lado tinerfeno<\/li>\n\n\n\n<li>M30 Meilleur benacus<\/li>\n\n\n\n<li>M31 Meilleur Fiorino hupp\u00e9 + non hupp\u00e9<\/li>\n\n\n\n<li>M32 Meilleur A.G.I.<\/li>\n\n\n\n<li>M33 Meilleur fris\u00e9 du nord<\/li>\n\n\n\n<li>M34 Meilleur fris\u00e9 parisien<\/li>\n\n\n\n<li>M35 Meilleur mehringer<\/li>\n\n\n\n<li>M36 Meilleur padovan hupp\u00e9 + non hupp\u00e9<\/li>\n\n\n\n<li>M37 Meilleur rogetto<\/li>\n<\/ul>\n<\/li>\n\n\n\n<li><strong>Prix d&#8217;\u00e9levage<\/strong> <em>(Calcul sur 5 oiseaux)<\/em><br><em>(une coupe)<\/em>\n<ul class=\"wp-block-list\">\n<li>Plumes lisses non hupp\u00e9s<\/li>\n\n\n\n<li>Plumes lisses hupp\u00e9s<\/li>\n\n\n\n<li>Fris\u00e9s non hupp\u00e9s<\/li>\n\n\n\n<li>Fris\u00e9s hupp\u00e9s<\/li>\n<\/ul>\n<\/li>\n\n\n\n<li><strong>Challenge en hommage \u00e0 M \u2026\u2026\u2026..&nbsp;: Meilleur \u00e9leveur Canaris de posture sur 10 oiseaux<\/strong><br><\/li>\n<\/ol>\n<\/details>\n\n\n\n<details class=\"wp-block-details has-pale-cyan-blue-background-color has-background is-layout-flow wp-block-details-is-layout-flow\" style=\"font-style:normal;font-weight:400\"><summary>Estrildid\u00e9s et autres exotiques \u00e0 bec droit<\/summary>\n<ol class=\"wp-block-list\">\n<li><strong>Meilleur exotique \u00e0 bec droit de \u2026\u2026.<\/strong><\/li>\n\n\n\n<li><strong>G P E<\/strong> &#8211; <strong>Grands prix de l\u2019exposition en&#8230;<\/strong>\n<ul class=\"wp-block-list\">\n<li>A &#8211; Mandarins<\/li>\n\n\n\n<li>B \u2013 Moineaux du Japon + Capucins + Paddas + bec d\u2019argent + bec de plomb<\/li>\n\n\n\n<li>C \u2013 Diamants de Gould<\/li>\n\n\n\n<li>D &#8211; Diamants australiens + oc\u00e9aniens + africains + asiatiques<\/li>\n\n\n\n<li>E \u2013 Exotiques F9 \u00e0 F15 dont Fringillid\u00e9s<\/li>\n\n\n\n<li>F \u2013 F16 : frugivores, insectivores, nectarivores<\/li>\n\n\n\n<li>G \u2013 Colombid\u00e9s, Cailles et Colins<em> (O et P)<\/em><\/li>\n<\/ul>\n<\/li>\n\n\n\n<li><strong>Champions de groupe<\/strong>\n<ul class=\"wp-block-list\">\n<li>M1 Meilleur m\u00e2le mandarin<\/li>\n\n\n\n<li>M2 Meilleure femelle mandarin<\/li>\n\n\n\n<li>M3 Meilleur Moineau du Japon<\/li>\n\n\n\n<li>M4 Meilleur Capucin<\/li>\n\n\n\n<li>M5 Meilleur Padda<\/li>\n\n\n\n<li>M6 Meilleur bec de plomb ou bec d\u2019argent<\/li>\n\n\n\n<li>M7 Meilleur m\u00e2le Diamant de Gould<\/li>\n\n\n\n<li>M8 Meilleure femelle Diamant de Gould<\/li>\n\n\n\n<li>M9 Meilleur Diamant australien ph\u00e9notype ancestral<\/li>\n\n\n\n<li>M10 Meilleur Diamant australien en mutation<\/li>\n\n\n\n<li>M11 Meilleur Diamant oc\u00e9anien<\/li>\n\n\n\n<li>M12 Meilleur Estrildid\u00e9s africain et asiatique<\/li>\n\n\n\n<li>M13 Meilleure Amadine<\/li>\n\n\n\n<li>M14 Meilleur Serin<\/li>\n\n\n\n<li>M15 Meilleur Tarin rouge et tarin de Magellan<\/li>\n\n\n\n<li>M16 Meilleur autres Tarins + Verdiers exotiques + etc<\/li>\n\n\n\n<li>M17 Meilleur Roselin<\/li>\n\n\n\n<li>M18 Meilleur autres Passereaux etc<\/li>\n\n\n\n<li>M19 Meilleur F16 <em>(frugivore-insectivore-nectarivore)<\/em><\/li>\n\n\n\n<li>M20 Meilleur G\u00e9op\u00e9lie diamant<\/li>\n\n\n\n<li>M21 Meilleure Colombe Tourtelette Tourterelle+ Tourterelle rieuse<\/li>\n\n\n\n<li>M22 Meilleur Tourterelle rieuse<\/li>\n\n\n\n<li>M23 Meilleur autres Colombid\u00e9s<\/li>\n\n\n\n<li>M24 Meilleure Caille<\/li>\n\n\n\n<li>M25 Meilleur autres Perdicin\u00e9s<\/li>\n\n\n\n<li>M26 Meilleur Colin<\/li>\n\n\n\n<li>M27 Meilleur duo toutes classes<\/li>\n\n\n\n<li>M28 Meilleur couple toutes classes<\/li>\n\n\n\n<li>M29 Meilleur stam toutes classes<\/li>\n<\/ul>\n<\/li>\n\n\n\n<li><strong>Prix d&#8217;\u00e9levage<\/strong>\n<ul class=\"wp-block-list\">\n<li>Calcul sur 8 oiseaux\n<ul class=\"wp-block-list\">\n<li>1 &#8211; Mandarins<\/li>\n\n\n\n<li>2 &#8211; Moineaux du Japon + Capucins + Paddas + bec d\u2019argent + bec de plomb<\/li>\n\n\n\n<li>3 &#8211; Diamants de Gould<\/li>\n\n\n\n<li>4 &#8211; Diamants australiens + oc\u00e9aniens + africains + asiatiques<\/li>\n\n\n\n<li>5 &#8211; F9 \u00e0 F15 dont fringillid\u00e9s<\/li>\n<\/ul>\n<\/li>\n\n\n\n<li>Calcul sur 5 oiseaux\n<ul class=\"wp-block-list\">\n<li>6 &#8211; F16 : frugivores, insectivores, nectarivores<\/li>\n\n\n\n<li>7 \u2013 Colombid\u00e9s + Cailles + Colins <em>(O &amp; P)<\/em><\/li>\n<\/ul>\n<\/li>\n<\/ul>\n<\/li>\n\n\n\n<li><strong>Challenge en hommage \u00e0 M \u2026\u2026\u2026..&nbsp;: Meilleur \u00e9leveur Estrildid\u00e9s et autres exotiques <\/strong><strong> sur 10 oiseaux<\/strong><\/li>\n<\/ol>\n<\/details>\n\n\n\n<details class=\"wp-block-details has-light-green-cyan-background-color has-background is-layout-flow wp-block-details-is-layout-flow\"><summary>Psittacid\u00e9s<\/summary>\n<ol class=\"wp-block-list\">\n<li><strong>Meilleur Psittacid\u00e9 de \u2026\u2026.<\/strong><\/li>\n\n\n\n<li><strong>G P E<\/strong> &#8211; <strong>Grands prix de l\u2019exposition en&#8230;<\/strong>\n<ul class=\"wp-block-list\">\n<li>Meilleure Perruche ondul\u00e9e de posture&nbsp;<\/li>\n\n\n\n<li>Meilleure Perruche ondul\u00e9e de couleur&nbsp;<\/li>\n\n\n\n<li>Meilleur Agapornis&nbsp;<\/li>\n\n\n\n<li>Meilleure Euph\u00e8me&nbsp;<\/li>\n\n\n\n<li>Meilleur petites Perruches&nbsp;<\/li>\n\n\n\n<li>Meilleur moyennes Perruches&nbsp;<\/li>\n\n\n\n<li>Meilleure grandes Perruches&nbsp;<\/li>\n\n\n\n<li>Meilleur Lori et Perroquet<\/li>\n<\/ul>\n<\/li>\n\n\n\n<li><strong>Champions de groupe<\/strong>\n<ul class=\"wp-block-list\">\n<li>M1 Meilleur duo ph\u00e9notype ancestral<\/li>\n\n\n\n<li>M2 Meilleur duo mutant<\/li>\n\n\n\n<li>M3 Meilleur stam ph\u00e9notype ancestral<\/li>\n\n\n\n<li>M4 Meilleur stam mutant<\/li>\n\n\n\n<li>M5 Meilleure Perruche ondul\u00e9e de posture jeune<\/li>\n\n\n\n<li>M6 Meilleure Perruche ondul\u00e9e de posture adulte<\/li>\n\n\n\n<li>M7 Meilleure Perruche ondul\u00e9e de couleur ph\u00e9notype ancestral<\/li>\n\n\n\n<li>M8 Meilleure Perruche ondul\u00e9e de couleur ph\u00e9notype mutant<\/li>\n\n\n\n<li>M9 Meilleur Agapornis roseicollis<\/li>\n\n\n\n<li>M10 Meilleur Agapornis de Fischer<\/li>\n\n\n\n<li>M11 Meilleur Agapornis personatus<\/li>\n\n\n\n<li>M12 Meilleur Agapornis lilianae ou nigrigenis<\/li>\n\n\n\n<li>M13 Meilleur autre Agapornis<\/li>\n\n\n\n<li>M14 Meilleur Neophema splendida<\/li>\n\n\n\n<li>M15 Meilleur Neophema pulchella<\/li>\n\n\n\n<li>M16 Meilleur Neophema elegans ou chrysostoma<\/li>\n\n\n\n<li>M17 Meilleur Neopsephotus bourkii<\/li>\n\n\n\n<li>M18 Meilleur Nymphicus hollandicus ph\u00e9notype ancestral<\/li>\n\n\n\n<li>M19 Meilleur Nymphicus hollandicus mutant<\/li>\n\n\n\n<li>M20 Meilleur Psephotus haematonotus (Perruche \u00e0 croupion rouge)<\/li>\n\n\n\n<li>M21 Meilleur Psephotellus ou Northiella ou Lathamus<\/li>\n\n\n\n<li>M22 Meilleur Cyanoramphus <em>(Kakariki)<\/em><\/li>\n\n\n\n<li>M23 Meilleur Platycercus eximius <em>(Perruche omnicolore)<\/em><\/li>\n\n\n\n<li>M24 Meilleur Platycercus elegans <em>(Perruche de Pennant)<\/em><\/li>\n\n\n\n<li>M25 Meilleur autres Platycercus<\/li>\n\n\n\n<li>M26 Meilleur Polytelis<\/li>\n\n\n\n<li>M27 Meilleur Barnardius<\/li>\n\n\n\n<li>M28 Meilleure autre grande australienne<\/li>\n\n\n\n<li>M29 Meilleur Psittacula krameri <em>(Perruche \u00e0 Collier)<\/em><\/li>\n\n\n\n<li>M30 Meilleur Psittacula cyanocephala <em>(Perruche \u00e0 t\u00eate de prune)<\/em><\/li>\n\n\n\n<li>M31 Meilleur Autres Psittacula<\/li>\n\n\n\n<li>M32 Meilleur Forpus ph\u00e9notype ancestral<\/li>\n\n\n\n<li>M33 Meilleur Forpus mutant<\/li>\n\n\n\n<li>M34 Meilleur Bolborhynchus et Psilopsiagon en ph\u00e9notype ancestral<\/li>\n\n\n\n<li>M35 Meilleur Bolborhynchus lineola <em>(perruche catherine)<\/em> mutant<\/li>\n\n\n\n<li>M36 Meilleur Pyrrhura<\/li>\n\n\n\n<li>M37 Meilleure moyenne Perruche am\u00e9ricaine<\/li>\n\n\n\n<li>M38 Meilleure grande Perruche am\u00e9ricaine<\/li>\n\n\n\n<li>M39 Meilleur Perroquet<\/li>\n\n\n\n<li>M40 Meilleur Lori<\/li>\n<\/ul>\n<\/li>\n\n\n\n<li><strong>Prix d&#8217;\u00e9levage<\/strong>\n<ul class=\"wp-block-list\">\n<li>Calcul sur 6 oiseaux\n<ul class=\"wp-block-list\">\n<li>Perruches ondul\u00e9es de posture I1<\/li>\n\n\n\n<li>Perruches ondul\u00e9es de couleur I2<\/li>\n\n\n\n<li>Agapornis J01 \u00e0 J08<\/li>\n\n\n\n<li>Euph\u00e8mes K01 \u00e0 K05<\/li>\n\n\n\n<li>Petites Perruches<\/li>\n\n\n\n<li>Moyennes Perruches&nbsp;<\/li>\n\n\n\n<li>Grandes Perruches<\/li>\n\n\n\n<li>Toutes esp\u00e8ces couleurs ancestrales<\/li>\n<\/ul>\n<\/li>\n\n\n\n<li>Calcul sur 3 oiseaux\n<ul class=\"wp-block-list\">\n<li>Perroquets et Loris N<\/li>\n<\/ul>\n<\/li>\n<\/ul>\n<\/li>\n\n\n\n<li><strong>Challenge en hommage \u00e0 M \u2026\u2026\u2026..&nbsp;: Meilleur \u00e9leveur Psittacid\u00e9s sur 10 oiseaux<\/strong><\/li>\n<\/ol>\n<\/details>\n\n\n\n<details class=\"wp-block-details has-cyan-bluish-gray-background-color has-background is-layout-flow wp-block-details-is-layout-flow\"><summary>Faune europ\u00e9enne d&#8217;\u00e9levage et hybrides<\/summary>\n<ol class=\"wp-block-list\">\n<li><strong>Meilleur FEE et hybride<\/strong><strong> de \u2026\u2026.<\/strong><\/li>\n\n\n\n<li><strong>G P E<\/strong> &#8211; <strong>Grands prix de l\u2019exposition en&#8230;<\/strong>\n<ul class=\"wp-block-list\">\n<li>Meilleur faune europ\u00e9enne d\u2019\u00e9levage en ph\u00e9notype ancestral&nbsp;<\/li>\n\n\n\n<li>Meilleur faune europ\u00e9enne d\u2019\u00e9levage en mutation&nbsp;<\/li>\n\n\n\n<li>Meilleur hybride&nbsp;<\/li>\n\n\n\n<li>Meilleur \u00ab&nbsp;raret\u00e9&nbsp;\u00bb<\/li>\n<\/ul>\n<\/li>\n\n\n\n<li><strong>Champions de groupe<\/strong>\n<ul class=\"wp-block-list\">\n<li>M1 Meilleur Serin cini<\/li>\n\n\n\n<li>M2&nbsp;Meilleur Chardonneret<\/li>\n\n\n\n<li>M3 Meilleur Verdier d\u2019Europe<\/li>\n\n\n\n<li>M4 Meilleur Tarin de aulnes<\/li>\n\n\n\n<li>M5 Meilleur Sizerin<\/li>\n\n\n\n<li>M6 Meilleure Linotte<\/li>\n\n\n\n<li>M7 Meilleur Bouvreuil githagine<\/li>\n\n\n\n<li>M8 Meilleur Pinson<\/li>\n\n\n\n<li>M9 Meilleur Bouvreuil<\/li>\n\n\n\n<li>M10 Meilleur Bec crois\u00e9<\/li>\n\n\n\n<li>M11 Meilleur Moineau<\/li>\n\n\n\n<li>M12 Meilleur Bruant<\/li>\n\n\n\n<li>M13 Meilleur Etourneau<\/li>\n\n\n\n<li>M14 Meilleur Merle<\/li>\n\n\n\n<li>M15 Meilleure Grive<\/li>\n\n\n\n<li>M16 Meilleur duo<\/li>\n\n\n\n<li>M17 Meilleur stam<\/li>\n<\/ul>\n<\/li>\n\n\n\n<li><strong>Prix d&#8217;\u00e9levage<\/strong> <em>(Calcul sur 5 oiseaux)<\/em>\n<ul class=\"wp-block-list\">\n<li>Faune europ\u00e9enne d\u2019\u00e9levage<\/li>\n\n\n\n<li>Hybrides<\/li>\n<\/ul>\n<\/li>\n\n\n\n<li><strong>Challenge en hommage \u00e0 M \u2026\u2026\u2026..&nbsp;: Meilleur \u00e9leveur de FEE et hybrides sur 8 oiseaux<\/strong><\/li>\n<\/ol>\n<\/details>\n\n\n\n<div style=\"height:20px\" aria-hidden=\"true\" class=\"wp-block-spacer\"><\/div>\n\n\n\n<p>A partir de la saison 2024, les clubs et r\u00e9gions UOF (COM France) ont la possibilit\u00e9 d\u2019ajouter ces titres sp\u00e9ciaux. Ces titres viennent s\u2019ajouter aux habituels titres de champion, deuxi\u00e8me et troisi\u00e8me attribuables dans chaque classe de la classification UOF (COM France) 2024. C\u2019est donc <strong>un PLUS<\/strong> pour mettre \u00e0 l\u2019honneur les meilleurs oiseaux et les meilleurs \u00e9leveurs.<\/p>\n\n\n\n<p>Les logiciels Ornithoexpo et Ornithojuge ont \u00e9t\u00e9 adapt\u00e9s pour permettre d\u2019attribuer ces titres sp\u00e9ciaux. <\/p>\n\n\n\n<div class=\"wp-block-buttons is-content-justification-center is-layout-flex wp-container-core-buttons-is-layout-16018d1d wp-block-buttons-is-layout-flex\">\n<div class=\"wp-block-button\"><a class=\"wp-block-button__link wp-element-button\" href=\"https:\/\/www.ornithologies.fr\/blog\/competitions\/wp-content\/uploads\/sites\/5\/Liste-des-prix-speciaux.pdf\">T\u00e9l\u00e9charger le dossier<\/a><\/div>\n<\/div>\n\n\n\n<div style=\"height:20px\" aria-hidden=\"true\" class=\"wp-block-spacer\"><\/div>\n\n\n<div class=\"bc_random_banner\" data-id=\"36\" data-url=\"https:\/\/www.ornithologies.fr\/blog\/competitions\/wp-admin\/admin-ajax.php?action=bc_rb_ads_click&#038;nonce=b89d6689dd\"><a target=\"_blank\" href=\"https:\/\/www.ornithologies.fr\/blog\/lesoiseauxdumonde\/espace-annonceurs\/\" title=\"Encart-regie-pour-le-web\"><img decoding=\"async\" style=width:1280px; height:1811px src=\"https:\/\/www.ornithologies.fr\/blog\/wp-content\/uploads\/Pub-regie.jpg?v=543793\"  title=\"Encart-regie-pour-le-web\"\/><\/a><\/div>\n","protected":false},"excerpt":{"rendered":"<p>Pour agr\u00e9menter vos concours en mettant \u00e0 l&#8217;honneur les meilleurs oiseaux et les meilleurs \u00e9leveurs, une liste de prix sp\u00e9ciaux a \u00e9t\u00e9 \u00e9tablie. Liste des prix sp\u00e9ciaux possibles Cliquez sur <a href=\"https:\/\/www.ornithologies.fr\/blog\/competitions\/prix-speciaux\/\" class=\"read-more button-fancy -red\"><span class=\"btn-arrow\"><\/span><span class=\"twp-read-more text\">Continuer la lecture<\/span><\/a><\/p>\n","protected":false},"author":1,"featured_media":2889,"parent":0,"menu_order":0,"comment_status":"closed","ping_status":"closed","template":"","meta":{"footnotes":""},"class_list":["post-2878","page","type-page","status-publish","has-post-thumbnail","hentry"],"_links":{"self":[{"href":"https:\/\/www.ornithologies.fr\/blog\/competitions\/wp-json\/wp\/v2\/pages\/2878","targetHints":{"allow":["GET"]}}],"collection":[{"href":"https:\/\/www.ornithologies.fr\/blog\/competitions\/wp-json\/wp\/v2\/pages"}],"about":[{"href":"https:\/\/www.ornithologies.fr\/blog\/competitions\/wp-json\/wp\/v2\/types\/page"}],"author":[{"embeddable":true,"href":"https:\/\/www.ornithologies.fr\/blog\/competitions\/wp-json\/wp\/v2\/users\/1"}],"replies":[{"embeddable":true,"href":"https:\/\/www.ornithologies.fr\/blog\/competitions\/wp-json\/wp\/v2\/comments?post=2878"}],"version-history":[{"count":16,"href":"https:\/\/www.ornithologies.fr\/blog\/competitions\/wp-json\/wp\/v2\/pages\/2878\/revisions"}],"predecessor-version":[{"id":2910,"href":"https:\/\/www.ornithologies.fr\/blog\/competitions\/wp-json\/wp\/v2\/pages\/2878\/revisions\/2910"}],"wp:featuredmedia":[{"embeddable":true,"href":"https:\/\/www.ornithologies.fr\/blog\/competitions\/wp-json\/wp\/v2\/media\/2889"}],"wp:attachment":[{"href":"https:\/\/www.ornithologies.fr\/blog\/competitions\/wp-json\/wp\/v2\/media?parent=2878"}],"curies":[{"name":"wp","href":"https:\/\/api.w.org\/{rel}","templated":true}]}}