{"id":1201,"date":"2018-09-26T12:39:41","date_gmt":"2018-09-26T10:39:41","guid":{"rendered":"http:\/\/www.ornithologies.fr\/blog\/competitions\/?page_id=1201"},"modified":"2020-12-04T12:08:14","modified_gmt":"2020-12-04T11:08:14","slug":"la-charte-des-manifestations-uof","status":"publish","type":"page","link":"https:\/\/www.ornithologies.fr\/blog\/competitions\/la-charte-des-manifestations-uof\/","title":{"rendered":"La Charte des manifestations UOF"},"content":{"rendered":"<figure id=\"attachment_1134\" aria-describedby=\"caption-attachment-1134\" style=\"width: 250px\" class=\"wp-caption alignleft\"><img loading=\"lazy\" decoding=\"async\" class=\"wp-image-1134\" src=\"https:\/\/www.ornithologies.fr\/blog\/competitions\/wp-content\/uploads\/sites\/5\/Gros-Bec-Voisin-250x300.jpg\" alt=\"\" width=\"250\" height=\"300\" srcset=\"https:\/\/www.ornithologies.fr\/blog\/competitions\/wp-content\/uploads\/sites\/5\/Gros-Bec-Voisin-250x300.jpg 250w, https:\/\/www.ornithologies.fr\/blog\/competitions\/wp-content\/uploads\/sites\/5\/Gros-Bec-Voisin-125x150.jpg 125w, https:\/\/www.ornithologies.fr\/blog\/competitions\/wp-content\/uploads\/sites\/5\/Gros-Bec-Voisin-768x922.jpg 768w, https:\/\/www.ornithologies.fr\/blog\/competitions\/wp-content\/uploads\/sites\/5\/Gros-Bec-Voisin-853x1024.jpg 853w, https:\/\/www.ornithologies.fr\/blog\/competitions\/wp-content\/uploads\/sites\/5\/Gros-Bec-Voisin-600x720.jpg 600w, https:\/\/www.ornithologies.fr\/blog\/competitions\/wp-content\/uploads\/sites\/5\/Gros-Bec-Voisin-1200x1440.jpg 1200w, https:\/\/www.ornithologies.fr\/blog\/competitions\/wp-content\/uploads\/sites\/5\/Gros-Bec-Voisin.jpg 1440w\" sizes=\"auto, (max-width: 250px) 100vw, 250px\" \/><figcaption id=\"caption-attachment-1134\" class=\"wp-caption-text\">Gros bec voisin [\u00a9 Philippe Rocher]<\/figcaption><\/figure>\n<h3>Cette charte, \u00e0 joindre \u00e0 toutes demandes d&#8217;ouverture de rassemblements (Bourses &#8211; Expositions &#8211; Pr\u00e9sentations) de vos manifestations, rappelle la vision, les valeurs et les principes fondateurs de l&#8217;U.O.F. COM France et pr\u00e9sente les engagements que prennent les personnes qui adh\u00e8rent \u00e0 son organisation.<\/h3>\n<h4 class=\"soustitre\"><u>Date d&#8217;adoption<\/u> : 22 avril 2006<br \/>\n<u>Modification<\/u> : Congr\u00e8s U.O.F. 27 mai 2006<\/h4>\n<p>Les Pr\u00e9sidents des r\u00e9gions ornithologiques et les membres du bureau national de l&#8217;Union Ornithologique de France &#8211; Conf\u00e9d\u00e9ration Ornithologique Mondiale pour la France, soucieux de la situation sanitaire et administrative au regard des maladies contagieuses affectant les oiseaux reconnaissent la n\u00e9cessit\u00e9 de mesures concr\u00e8tes et s&#8217;engagent \u00e0 faire respecter les \u00e9l\u00e9ments de pr\u00e9vention n\u00e9cessaires.<\/p>\n<div class=\"textetitre\">\n<h1>Pr\u00e9ambule<\/h1>\n<\/div>\n<figure id=\"attachment_1137\" aria-describedby=\"caption-attachment-1137\" style=\"width: 199px\" class=\"wp-caption alignright\"><img loading=\"lazy\" decoding=\"async\" class=\"wp-image-1137 size-medium\" src=\"https:\/\/www.ornithologies.fr\/blog\/competitions\/wp-content\/uploads\/sites\/5\/DSC-CAGE-3136-HERBIERS-S.CHARTIER-ELE-LOHEZ-Didier-199x300.jpg\" alt=\"\" width=\"199\" height=\"300\" srcset=\"https:\/\/www.ornithologies.fr\/blog\/competitions\/wp-content\/uploads\/sites\/5\/DSC-CAGE-3136-HERBIERS-S.CHARTIER-ELE-LOHEZ-Didier-199x300.jpg 199w, https:\/\/www.ornithologies.fr\/blog\/competitions\/wp-content\/uploads\/sites\/5\/DSC-CAGE-3136-HERBIERS-S.CHARTIER-ELE-LOHEZ-Didier-100x150.jpg 100w, https:\/\/www.ornithologies.fr\/blog\/competitions\/wp-content\/uploads\/sites\/5\/DSC-CAGE-3136-HERBIERS-S.CHARTIER-ELE-LOHEZ-Didier-768x1156.jpg 768w, https:\/\/www.ornithologies.fr\/blog\/competitions\/wp-content\/uploads\/sites\/5\/DSC-CAGE-3136-HERBIERS-S.CHARTIER-ELE-LOHEZ-Didier-680x1024.jpg 680w, https:\/\/www.ornithologies.fr\/blog\/competitions\/wp-content\/uploads\/sites\/5\/DSC-CAGE-3136-HERBIERS-S.CHARTIER-ELE-LOHEZ-Didier-600x903.jpg 600w, https:\/\/www.ornithologies.fr\/blog\/competitions\/wp-content\/uploads\/sites\/5\/DSC-CAGE-3136-HERBIERS-S.CHARTIER-ELE-LOHEZ-Didier-1200x1807.jpg 1200w, https:\/\/www.ornithologies.fr\/blog\/competitions\/wp-content\/uploads\/sites\/5\/DSC-CAGE-3136-HERBIERS-S.CHARTIER-ELE-LOHEZ-Didier.jpg 1994w\" sizes=\"auto, (max-width: 199px) 100vw, 199px\" \/><figcaption id=\"caption-attachment-1137\" class=\"wp-caption-text\">Canari [\u00a9 Sylvain Chartier &#8211; El. Didier LOHEZ]<\/figcaption><\/figure>\n<p>L&#8217;U.O.F. COM France agit pour la promotion et la protection des oiseaux de compagnie, d&#8217;\u00e9levage et d&#8217;ornement, tout en sensibilisant ses membres \u00e0 la pr\u00e9servation de l&#8217;environnement, de la faune et de la flore.<\/p>\n<p>L&#8217;U.O.F. COM France reconna\u00eet ses responsabilit\u00e9s vis \u00e0 vis du bien-\u00eatre animal et de la s\u00e9curit\u00e9 sanitaire fran\u00e7aise, eu \u00e9gard aux conditions dans lesquelles ses rassemblements et expositions sont organis\u00e9s.<\/p>\n<p>L&#8217;U.O.F. COM France demande \u00e0 ses r\u00e9gions ornithologiques, \u00e0 ses clubs locaux et \u00e0 leurs adh\u00e9rents de respecter les normes de la pr\u00e9sente charte et de garantir le respect. Avant toute organisation de rassemblements et d&#8217;expositions, les organisateurs affili\u00e9s \u00e0 l&#8217;U.O.F. COM France s&#8217;assurent que les dispositions de la pr\u00e9sente charte pourront \u00eatre respect\u00e9es.<\/p>\n<h1>Dispositions<\/h1>\n<h4>L&#8217;U.O.F. COM France, ses r\u00e9gions ornithologiques, ses clubs locaux et leurs adh\u00e9rents veillent \u00e0 respecter les conditions suivantes :<\/h4>\n<ol>\n<li>Les rassemblements et expositions ornithologiques ne pourront avoir lieu que dans des espaces clos.<\/li>\n<li>Les organisateurs des rassemblements et expositions se montreront vigilants sur les questions de prophylaxie.<\/li>\n<li>Des v\u00e9t\u00e9rinaires r\u00e9f\u00e9rents seront nomm\u00e9s au sein de chaque club local ind\u00e9pendamment de toute manifestation.<\/li>\n<li>Le suivi sanitaire de tout rassemblement et de toute exposition sera obligatoirement pris en charge par un v\u00e9t\u00e9rinaire.<\/li>\n<li>Tout organisateur s&#8217;engage \u00e0 respecter scrupuleusement les interdictions l\u00e9gales \u00e9manant des pouvoirs publics y compris celles pouvant survenir pendant le d\u00e9roulement des rassemblements et expositions.<\/li>\n<li>Nul ne pourra participer aux rassemblements et expositions organis\u00e9s par l&#8217;U.O.F. COM France s&#8217;il ne provient d&#8217;un d\u00e9partement d\u00e9clar\u00e9 indemne d&#8217;Influenza aviaire ou de maladie de Newcastle.<\/li>\n<li>Nul ne pourra participer aux rassemblements et expositions organis\u00e9s par l&#8217;U.O.F. COM France s&#8217;il n&#8217;appartient \u00e0 un club ornithologique reconnu par l&#8217;U.O.F. COM France.<\/li>\n<li>Nul ne pourra participer aux rassemblements et expositions organis\u00e9es par l&#8217;U.O.F. COM France s&#8217;il n&#8217;a re\u00e7u confirmation de son inscription par les organisateurs avant le d\u00e9but de la manifestation.<\/li>\n<li>Tout oiseau pr\u00e9sent\u00e9 devra \u00eatre d\u00fbment identifi\u00e9 au moyen d&#8217;une bague ferm\u00e9e suivant les principes pos\u00e9s par les arr\u00eat\u00e9s minist\u00e9riels du 10 ao\u00fbt 2004 relatifs aux \u00e9levages d&#8217;agr\u00e9ments et aux \u00e9tablissements d&#8217;\u00e9levage.<\/li>\n<li>Tout oiseau pr\u00e9sent\u00e9 devra \u00eatre log\u00e9 dans une cage ou une voli\u00e8re dont les dimensions seront conformes aux normes de bien-\u00eatre animal.<\/li>\n<li>Aucun oiseau ne pourra \u00eatre m\u00e9lang\u00e9 avec des oiseaux provenant d&#8217;\u00e9levages diff\u00e9rents.<\/li>\n<li>Tout \u00e9change ou cession d&#8217;oiseau devra faire l&#8217;objet d&#8217;un certificat de cession et \u00eatre consign\u00e9 dans un registre r\u00e9capitulatif conserv\u00e9 pendant 1 an par les organisateurs.<\/li>\n<\/ol>\n<div class=\"textetitre\">\n<figure id=\"attachment_106\" aria-describedby=\"caption-attachment-106\" style=\"width: 300px\" class=\"wp-caption alignright\"><img loading=\"lazy\" decoding=\"async\" class=\"wp-image-106 size-medium\" src=\"https:\/\/www.ornithologies.fr\/blog\/competitions\/wp-content\/uploads\/sites\/5\/19-300x199.jpg\" alt=\"\" width=\"300\" height=\"199\" srcset=\"https:\/\/www.ornithologies.fr\/blog\/competitions\/wp-content\/uploads\/sites\/5\/19-300x199.jpg 300w, https:\/\/www.ornithologies.fr\/blog\/competitions\/wp-content\/uploads\/sites\/5\/19-150x100.jpg 150w, https:\/\/www.ornithologies.fr\/blog\/competitions\/wp-content\/uploads\/sites\/5\/19-768x510.jpg 768w, https:\/\/www.ornithologies.fr\/blog\/competitions\/wp-content\/uploads\/sites\/5\/19-600x399.jpg 600w, https:\/\/www.ornithologies.fr\/blog\/competitions\/wp-content\/uploads\/sites\/5\/19-900x600.jpg 900w, https:\/\/www.ornithologies.fr\/blog\/competitions\/wp-content\/uploads\/sites\/5\/19.jpg 960w\" sizes=\"auto, (max-width: 300px) 100vw, 300px\" \/><figcaption id=\"caption-attachment-106\" class=\"wp-caption-text\">Perruche \u00e0 collier albino<\/figcaption><\/figure>\n<h1>Conclusions<\/h1>\n<\/div>\n<h4>Les organisateurs et participants s&#8217;engagent \u00e0 soutenir et \u00e0 coop\u00e9rer \u00e0 la mise en \u0153uvre et au contr\u00f4le de cette charte :<\/h4>\n<ul>\n<li>en fournissant \u00e0 l&#8217;U.O.F. COM France les informations pertinentes concernant leurs activit\u00e9s ;<\/li>\n<li>en autorisant, \u00e0 n&#8217;importe quel moment, une inspection du lieu de rassemblement ou d&#8217;exposition par les responsables de l&#8217;U.O.F. COM France ;<\/li>\n<li>en tenant un registre des cessions et \u00e9changes et en le mettant \u00e0 la disposition des responsables de l&#8217;U.O.F. COM France.<\/li>\n<\/ul>\n<h3>Les organisateurs et participants, surpris \u00e0 enfreindre une ou plusieurs clauses de la Charte, s&#8217;exposent \u00e0 perdre le droit d&#8217;organiser ou de participer aux rassemblements et expositions de l&#8217;U.O.F. COM France, apr\u00e8s avoir \u00e9t\u00e9 entendu.<\/h3>\n<p style=\"text-align: center;\"><a class=\"bouton\" href=\"https:\/\/www.ornithologies.fr\/blog\/competitions\/wp-content\/uploads\/sites\/5\/chartemanifuof.pdf\" target=\"_blank\" rel=\"noopener noreferrer\">T\u00e9l\u00e9charger la Charte<\/a><\/p>\n<hr \/>\n<div class=\"bc_random_banner\" data-id=\"56\" data-url=\"https:\/\/www.ornithologies.fr\/blog\/competitions\/wp-admin\/admin-ajax.php?action=bc_rb_ads_click&#038;nonce=a92df950ee\"><a target=\"_blank\" href=\"https:\/\/www.ornithologies.fr\/boutique\/librairie\/311-vues-de-studio-national-d-agen-2024.html\" title=\"Pub-Vues-de-Studio-Agen-2024\"><img decoding=\"async\"  src=\"https:\/\/www.ornithologies.fr\/blog\/wp-content\/uploads\/Pub-Vues-de-Studio-Agen-2024.jpg?v=968839\"  title=\"Pub-Vues-de-Studio-Agen-2024\"\/><\/a><\/div>\n","protected":false},"excerpt":{"rendered":"<p>Cette charte, \u00e0 joindre \u00e0 toutes demandes d&#8217;ouverture de rassemblements (Bourses &#8211; Expositions &#8211; Pr\u00e9sentations) de vos manifestations, rappelle la vision, les valeurs et les principes fondateurs de l&#8217;U.O.F. COM <a href=\"https:\/\/www.ornithologies.fr\/blog\/competitions\/la-charte-des-manifestations-uof\/\" class=\"read-more button-fancy -red\"><span class=\"btn-arrow\"><\/span><span class=\"twp-read-more text\">Continuer la lecture<\/span><\/a><\/p>\n","protected":false},"author":1,"featured_media":0,"parent":0,"menu_order":0,"comment_status":"closed","ping_status":"closed","template":"","meta":{"footnotes":""},"class_list":["post-1201","page","type-page","status-publish","hentry"],"_links":{"self":[{"href":"https:\/\/www.ornithologies.fr\/blog\/competitions\/wp-json\/wp\/v2\/pages\/1201","targetHints":{"allow":["GET"]}}],"collection":[{"href":"https:\/\/www.ornithologies.fr\/blog\/competitions\/wp-json\/wp\/v2\/pages"}],"about":[{"href":"https:\/\/www.ornithologies.fr\/blog\/competitions\/wp-json\/wp\/v2\/types\/page"}],"author":[{"embeddable":true,"href":"https:\/\/www.ornithologies.fr\/blog\/competitions\/wp-json\/wp\/v2\/users\/1"}],"replies":[{"embeddable":true,"href":"https:\/\/www.ornithologies.fr\/blog\/competitions\/wp-json\/wp\/v2\/comments?post=1201"}],"version-history":[{"count":1,"href":"https:\/\/www.ornithologies.fr\/blog\/competitions\/wp-json\/wp\/v2\/pages\/1201\/revisions"}],"predecessor-version":[{"id":2238,"href":"https:\/\/www.ornithologies.fr\/blog\/competitions\/wp-json\/wp\/v2\/pages\/1201\/revisions\/2238"}],"wp:attachment":[{"href":"https:\/\/www.ornithologies.fr\/blog\/competitions\/wp-json\/wp\/v2\/media?parent=1201"}],"curies":[{"name":"wp","href":"https:\/\/api.w.org\/{rel}","templated":true}]}}