{"id":1131,"date":"2018-07-17T16:36:15","date_gmt":"2018-07-17T14:36:15","guid":{"rendered":"http:\/\/www.ornithologies.fr\/blog\/competitions\/?page_id=1131"},"modified":"2023-09-27T10:30:18","modified_gmt":"2023-09-27T08:30:18","slug":"feuilles-dengagement","status":"publish","type":"page","link":"https:\/\/www.ornithologies.fr\/blog\/competitions\/feuilles-dengagement\/","title":{"rendered":"Feuilles d&#8217;engagement"},"content":{"rendered":"<div class=\"wp-block-image\">\n<figure class=\"alignright\"><a href=\"https:\/\/www.ornithologies.fr\/blog\/competitions\/wp-content\/uploads\/sites\/5\/59-1.jpg\"><img loading=\"lazy\" decoding=\"async\" width=\"300\" height=\"199\" src=\"https:\/\/www.ornithologies.fr\/blog\/competitions\/wp-content\/uploads\/sites\/5\/59-1-300x199.jpg\" alt=\"\" class=\"wp-image-240\" srcset=\"https:\/\/www.ornithologies.fr\/blog\/competitions\/wp-content\/uploads\/sites\/5\/59-1-300x199.jpg 300w, https:\/\/www.ornithologies.fr\/blog\/competitions\/wp-content\/uploads\/sites\/5\/59-1-150x100.jpg 150w, https:\/\/www.ornithologies.fr\/blog\/competitions\/wp-content\/uploads\/sites\/5\/59-1-768x510.jpg 768w, https:\/\/www.ornithologies.fr\/blog\/competitions\/wp-content\/uploads\/sites\/5\/59-1-600x398.jpg 600w, https:\/\/www.ornithologies.fr\/blog\/competitions\/wp-content\/uploads\/sites\/5\/59-1.jpg 800w\" sizes=\"auto, (max-width: 300px) 100vw, 300px\" \/><\/a><figcaption class=\"wp-element-caption\">Vue d&#8217;ensemble des tables de jugement. [\u00a9 Sylvain Chartier &#8211; Championnat de France, Colmar 2017]<\/figcaption><\/figure>\n<\/div>\n\n\n<h1 class=\"wp-block-heading\">Nous vous invitons \u00e0 utiliser ces documents pour l&#8217;inscription des oiseaux dans les comp\u00e9titions.<\/h1>\n\n\n\n<p class=\"has-text-align-center\"><a class=\"bouton\" href=\"https:\/\/www.ornithologies.fr\/blog\/competitions\/wp-content\/uploads\/sites\/5\/Feuille_engagement_UOF.pdf\" target=\"_blank\" rel=\"noopener noreferrer\">Fichier PDF<\/a><\/p>\n\n\n\n<p>Ces feuilles d&#8217;engagement sont \u00e0 votre disposition que vous soyez organisateur de manifestation afin de les proposer aux comp\u00e9titeurs, ou comp\u00e9titeurs pour inscrire vos concurrents dans n&#8217;importe quelle manifestation organis\u00e9e par un club UOF (<em>vous aurez pris soin au pr\u00e9alable d&#8217;obtenir le r\u00e8glement aupr\u00e8s du club organisateur pour en connaitre les conditions et la tarification appliqu\u00e9e<\/em>).<\/p>\n\n\n<div class=\"wp-block-image\">\n<figure class=\"alignright size-full is-resized\"><img loading=\"lazy\" decoding=\"async\" src=\"https:\/\/www.ornithologies.fr\/blog\/competitions\/wp-content\/uploads\/sites\/5\/ornithonet.jpg\" alt=\"\" class=\"wp-image-1209\" style=\"object-fit:cover;width:300px;height:108px\" width=\"300\" height=\"108\" srcset=\"https:\/\/www.ornithologies.fr\/blog\/competitions\/wp-content\/uploads\/sites\/5\/ornithonet.jpg 465w, https:\/\/www.ornithologies.fr\/blog\/competitions\/wp-content\/uploads\/sites\/5\/ornithonet-150x54.jpg 150w, https:\/\/www.ornithologies.fr\/blog\/competitions\/wp-content\/uploads\/sites\/5\/ornithonet-300x108.jpg 300w\" sizes=\"auto, (max-width: 300px) 100vw, 300px\" \/><\/figure>\n<\/div>\n\n\n<h1 class=\"wp-block-heading\">Par le biais d&#8217;Ornithonet<\/h1>\n\n\n\n<p>Nous recommandons vivement l&#8217;emploi de l&#8217;application officielle de l&#8217;Union Ornithologique de France pour tous les avantages procur\u00e9s, que vous soyez organisateur ou comp\u00e9titeur.<\/p>\n\n\n\n<h2 class=\"wp-block-heading\">Organisateur<\/h2>\n\n\n\n<p>En inscrivant votre \u00e9v\u00e9nement dans l&#8217;agenda des concours.<\/p>\n\n\n\n<h3 class=\"wp-block-heading\">Les plus :<\/h3>\n\n\n\n<ul class=\"wp-block-list\">\n<li>Votre \u00e9v\u00e9nement sera affich\u00e9 sur le r\u00e9seau de sites Ornithologies.fr dont celui-ci (<em>voir <a href=\"https:\/\/www.ornithologies.fr\/blog\/competitions\/le-calendrier-des-concours\/\">ici<\/a><\/em>),<\/li>\n\n\n\n<li>Vous aurez \u00e0 disposition les applications Ornitho-Expo et Ornitho-Juges pour la gestion de votre manifestation.<\/li>\n<\/ul>\n\n\n\n<h2 class=\"wp-block-heading\">Comp\u00e9titeur<\/h2>\n\n\n\n<p>En inscrivant vos concurrents.<\/p>\n\n\n\n<h3 class=\"wp-block-heading\">Les plus :<\/h3>\n\n\n\n<ul class=\"wp-block-list\">\n<li>Toutes les informations (le r\u00e8glement, la tarification, etc&#8230;) sont d\u00e9j\u00e0 pr\u00e9remplies,<\/li>\n\n\n\n<li>La classification officielle est incluse dans l&#8217;interface pour vous faire gagner du temps.<\/li>\n<\/ul>\n\n\n\n<h2 class=\"wp-block-heading\">Vous n&#8217;avez pas encore Ornithonet *?<\/h2>\n\n\n\n<p class=\"has-text-align-center\"><a class=\"bouton\" href=\"http:\/\/www.ornithologies.fr\/blog\/ornithonet\/\">En savoir plus<\/a> &#8211; <a class=\"bouton\" href=\"http:\/\/ornithonet.com\/setup64\/setup.exe\" target=\"_blank\" rel=\"noopener noreferrer\">T\u00e9l\u00e9charger l&#8217;application<\/a><\/p>\n\n\n\n<p>puis demandez vos identifiants.<\/p>\n\n\n\n<h6 class=\"wp-block-heading\">* version Windows 64 bits.<\/h6>\n\n\n\n<hr class=\"wp-block-separator has-alpha-channel-opacity\"\/>\n\n\n<div class=\"bc_random_banner\" data-id=\"36\" data-url=\"https:\/\/www.ornithologies.fr\/blog\/competitions\/wp-admin\/admin-ajax.php?action=bc_rb_ads_click&#038;nonce=5cf9345a6f\"><a target=\"_blank\" href=\"https:\/\/www.ornithologies.fr\/blog\/lesoiseauxdumonde\/espace-annonceurs\/\" title=\"Encart-regie-pour-le-web\"><img decoding=\"async\" style=width:1280px; height:1811px src=\"https:\/\/www.ornithologies.fr\/blog\/wp-content\/uploads\/Pub-regie.jpg?v=398353\"  title=\"Encart-regie-pour-le-web\"\/><\/a><\/div>\n","protected":false},"excerpt":{"rendered":"<p>Nous vous invitons \u00e0 utiliser ces documents pour l&#8217;inscription des oiseaux dans les comp\u00e9titions. Fichier PDF Ces feuilles d&#8217;engagement sont \u00e0 votre disposition que vous soyez organisateur de manifestation afin <a href=\"https:\/\/www.ornithologies.fr\/blog\/competitions\/feuilles-dengagement\/\" class=\"read-more button-fancy -red\"><span class=\"btn-arrow\"><\/span><span class=\"twp-read-more text\">Continuer la lecture<\/span><\/a><\/p>\n","protected":false},"author":1,"featured_media":0,"parent":0,"menu_order":0,"comment_status":"closed","ping_status":"closed","template":"","meta":{"footnotes":""},"class_list":["post-1131","page","type-page","status-publish","hentry"],"_links":{"self":[{"href":"https:\/\/www.ornithologies.fr\/blog\/competitions\/wp-json\/wp\/v2\/pages\/1131","targetHints":{"allow":["GET"]}}],"collection":[{"href":"https:\/\/www.ornithologies.fr\/blog\/competitions\/wp-json\/wp\/v2\/pages"}],"about":[{"href":"https:\/\/www.ornithologies.fr\/blog\/competitions\/wp-json\/wp\/v2\/types\/page"}],"author":[{"embeddable":true,"href":"https:\/\/www.ornithologies.fr\/blog\/competitions\/wp-json\/wp\/v2\/users\/1"}],"replies":[{"embeddable":true,"href":"https:\/\/www.ornithologies.fr\/blog\/competitions\/wp-json\/wp\/v2\/comments?post=1131"}],"version-history":[{"count":6,"href":"https:\/\/www.ornithologies.fr\/blog\/competitions\/wp-json\/wp\/v2\/pages\/1131\/revisions"}],"predecessor-version":[{"id":2730,"href":"https:\/\/www.ornithologies.fr\/blog\/competitions\/wp-json\/wp\/v2\/pages\/1131\/revisions\/2730"}],"wp:attachment":[{"href":"https:\/\/www.ornithologies.fr\/blog\/competitions\/wp-json\/wp\/v2\/media?parent=1131"}],"curies":[{"name":"wp","href":"https:\/\/api.w.org\/{rel}","templated":true}]}}